{"id":2727,"date":"2025-10-10T08:48:31","date_gmt":"2025-10-10T08:48:31","guid":{"rendered":"https:\/\/pgvape.com\/?post_type=product&#038;p=2727"},"modified":"2025-12-15T12:56:20","modified_gmt":"2025-12-15T12:56:20","slug":"jnr-tank-pro-33000-33k-puffs-einweg-vaporizer-direkt-ab-werk","status":"publish","type":"product","link":"https:\/\/pgvape.com\/de\/produkt\/jnr-tank-pro-33000-33k-puffs-einweg-vaporizer-direkt-ab-werk\/","title":{"rendered":"JNR Tank Pro 33000 33K Puffs Einweg-Vape-Vape Factory Direct"},"content":{"rendered":"<p dir=\"auto\"><strong data-sourcepos=\"8:5-8:27\">JNR Tank Pro 33000<\/strong> definiert langanhaltendes Dampfen neu <strong data-sourcepos=\"8:63-8:92\">33.000 ultrasanfte Z\u00fcge<\/strong> von seinem <strong data-sourcepos=\"8:102-8:136\">Riesige E-Liquid-Kapazit\u00e4t von 28 ml<\/strong>. <strong data-sourcepos=\"8:154-8:183\">Dual-Mesh-Coil-Technologie<\/strong>, es liefert <strong data-sourcepos=\"8:197-8:218\">30% reicherer Geschmack<\/strong> Und <strong data-sourcepos=\"8:223-8:242\">Keine verbrannten Treffer<\/strong>, w\u00e4hrend die <strong data-sourcepos=\"8:254-8:285\">850-mAh-Akku<\/strong> sorgt daf\u00fcr <strong data-sourcepos=\"8:294-8:311\">Ganzt\u00e4gige Power<\/strong>. <strong data-sourcepos=\"8:317-8:342\">Intelligente Digitalanzeige<\/strong> verfolgt die Nutzung und <strong data-sourcepos=\"8:361-8:397\">einstellbare Boost-Modi (15W\/20W)<\/strong> k\u00f6nnen Sie die Dampfintensit\u00e4t individuell anpassen. <strong data-sourcepos=\"8:438-8:453\">2% Nikotin<\/strong> Und <strong data-sourcepos=\"8:458-8:480\">15 Premium-Geschmacksrichtungen<\/strong>, Es ist f\u00fcr Dampfer konzipiert, die keine Kompromisse eingehen.<\/p>\n<p>&nbsp;<\/p>\n<h2><span style=\"font-size: 90%;\">JNR Tank Pro 33000 33K Puffs Einweg-Vape-Spezifikationen:<\/span><\/h2>\n<p><strong>Puffkapazit\u00e4t<\/strong>: Ca.\u00a0<strong>33.000 Z\u00fcge<\/strong><\/p>\n<p><strong>Nikotinst\u00e4rke<\/strong>:\u00a0<strong>2%<\/strong><\/p>\n<p><strong>E-Liquid-Kapazit\u00e4t<\/strong>:\u00a0<strong>28 ml<\/strong><\/p>\n<p><strong>Spulentyp<\/strong>:\u00a0<strong>Dual-Mesh-Spule<\/strong><\/p>\n<p><strong>Batteriekapazit\u00e4t<\/strong>:\u00a0<strong>850 mAh wiederaufladbar<\/strong><\/p>\n<p><strong>Anzeige<\/strong>:\u00a0<strong>Digitaler Bildschirm<\/strong>\u00a0f\u00fcr Batterie- und Nutzungsinformationen<\/p>\n<p><strong>Ladeanschluss<\/strong>:\u00a0<strong>Typ-C-Schnellladung<\/strong><\/p>\n<p><strong>Leistungsmodi<\/strong>:\u00a0<strong>Boost-Modi bei 15 W und 20 W<\/strong><\/p>\n<p><strong>Verpackung<\/strong>: Normalerweise f\u00fcr den Gro\u00dfhandel\/Einzelhandel geeignet (Verpackungsdetails auf Anfrage)<\/p>\n<p><strong>Geschmacksanzahl<\/strong>: 15 Geschmacksrichtungen verf\u00fcgbar<\/p>\n<p>&nbsp;<\/p>\n<h3><span style=\"font-size: 90%;\">JNR Tank Pro 33000 33K Puffs Einweg-Vape-Geschmacksliste:<\/span><\/h3>\n<p><strong>1.Erdbeer-Wassermelone<\/strong><\/p>\n<p><strong>2. Wassermeloneneis<\/strong><\/p>\n<p><strong>3. Erdbeerbanane<\/strong><\/p>\n<p><strong>4. Erdbeereis<\/strong><\/p>\n<p><strong>5.Minzeis<\/strong><\/p>\n<p><strong>6. Gemischte Beeren<\/strong><\/p>\n<p><strong>7. Saurer Apfel<\/strong><\/p>\n<p><strong>8.Mango-Pfirsich<\/strong><\/p>\n<p><strong>9.Sakura-Traubeneis<\/strong><\/p>\n<p><strong>10. Blaubeereis<\/strong><\/p>\n<p><strong>11.Cola-Eis<\/strong><\/p>\n<p><strong>12.Erdbeer-Kiwi<img loading=\"lazy\" decoding=\"async\" class=\"alignnone wp-image-2732 size-full\" src=\"https:\/\/pgvape.com\/wp-content\/uploads\/2025\/10\/pgvape-JNR-Tank-Pro-33000-33K-Puffs-Disposable-Vape-2-Nicotine-12Tastes-LED-Digital-Display-Vape-Factory-Direct-3.png\" alt=\"Raster aus mehreren TANK pro 33000 Einweg-Vaporizern und ihren bunten Boxen, in Reihen auf blauen Bannern angeordnet, mit dem JNR-Logo &quot;Just No Reason&quot; in der unteren rechten Ecke.\" width=\"1800\" height=\"1800\" srcset=\"https:\/\/pgvape.com\/wp-content\/uploads\/2025\/10\/pgvape-JNR-Tank-Pro-33000-33K-Puffs-Disposable-Vape-2-Nicotine-12Tastes-LED-Digital-Display-Vape-Factory-Direct-3.png 1800w, https:\/\/pgvape.com\/wp-content\/uploads\/2025\/10\/pgvape-JNR-Tank-Pro-33000-33K-Puffs-Disposable-Vape-2-Nicotine-12Tastes-LED-Digital-Display-Vape-Factory-Direct-3-360x360.png 360w, https:\/\/pgvape.com\/wp-content\/uploads\/2025\/10\/pgvape-JNR-Tank-Pro-33000-33K-Puffs-Disposable-Vape-2-Nicotine-12Tastes-LED-Digital-Display-Vape-Factory-Direct-3-595x595.png 595w, https:\/\/pgvape.com\/wp-content\/uploads\/2025\/10\/pgvape-JNR-Tank-Pro-33000-33K-Puffs-Disposable-Vape-2-Nicotine-12Tastes-LED-Digital-Display-Vape-Factory-Direct-3-400x400.png 400w, https:\/\/pgvape.com\/wp-content\/uploads\/2025\/10\/pgvape-JNR-Tank-Pro-33000-33K-Puffs-Disposable-Vape-2-Nicotine-12Tastes-LED-Digital-Display-Vape-Factory-Direct-3-768x768.png 768w, https:\/\/pgvape.com\/wp-content\/uploads\/2025\/10\/pgvape-JNR-Tank-Pro-33000-33K-Puffs-Disposable-Vape-2-Nicotine-12Tastes-LED-Digital-Display-Vape-Factory-Direct-3-1536x1536.png 1536w, https:\/\/pgvape.com\/wp-content\/uploads\/2025\/10\/pgvape-JNR-Tank-Pro-33000-33K-Puffs-Disposable-Vape-2-Nicotine-12Tastes-LED-Digital-Display-Vape-Factory-Direct-3-12x12.png 12w, https:\/\/pgvape.com\/wp-content\/uploads\/2025\/10\/pgvape-JNR-Tank-Pro-33000-33K-Puffs-Disposable-Vape-2-Nicotine-12Tastes-LED-Digital-Display-Vape-Factory-Direct-3-300x300.png 300w, https:\/\/pgvape.com\/wp-content\/uploads\/2025\/10\/pgvape-JNR-Tank-Pro-33000-33K-Puffs-Disposable-Vape-2-Nicotine-12Tastes-LED-Digital-Display-Vape-Factory-Direct-3-600x600.png 600w, https:\/\/pgvape.com\/wp-content\/uploads\/2025\/10\/pgvape-JNR-Tank-Pro-33000-33K-Puffs-Disposable-Vape-2-Nicotine-12Tastes-LED-Digital-Display-Vape-Factory-Direct-3-100x100.png 100w, https:\/\/pgvape.com\/wp-content\/uploads\/2025\/10\/pgvape-JNR-Tank-Pro-33000-33K-Puffs-Disposable-Vape-2-Nicotine-12Tastes-LED-Digital-Display-Vape-Factory-Direct-3-40x40.png 40w\" sizes=\"auto, (max-width: 1800px) 100vw, 1800px\" \/><\/strong><\/p>\n<p>&nbsp;<\/p>\n<h3><span style=\"font-size: 90%;\">JNR Tank Pro 33000 33K Puffs Einweg-Vape-Video<strong>::<\/strong><\/span><\/h3>\n<p>&nbsp;<\/p>\n<h2 class=\"header-vfC6AV auto-hide-last-sibling-br\">H\u00e4ufig gestellte Fragen zu JNR Mega Box 25K Puffs Einweg-Vaporizer<\/h2>\n<p data-sourcepos=\"47:1-48:88\">\u2753 <strong data-sourcepos=\"47:3-47:59\">Wie verhindert die Dual-Mesh-Spule einen verbrannten Geschmack?<\/strong><br \/>\n\u2705 <strong data-sourcepos=\"48:3-48:30\">Sogar Heiztechnik<\/strong> eliminiert Dry Hits \u2013 der Geschmack bleibt bis zum letzten Zug rein.<\/p>\n<p data-sourcepos=\"50:1-50:43\">\u2753 <strong data-sourcepos=\"50:3-50:41\">Wann sollte ich Boost-Modi verwenden?<\/strong><\/p>\n<p><strong data-sourcepos=\"51:3-51:10\">\u270515W<\/strong>: Ausgewogener Geschmack\/Dampf (ganzt\u00e4giger Gebrauch)<\/p>\n<p><strong data-sourcepos=\"52:3-52:10\">\u270520W<\/strong>: Intensive Wolken (wenn Sie gr\u00f6\u00dfere Treffer w\u00fcnschen)<\/p>\n<p data-sourcepos=\"54:1-55:82\">\u2753 <strong data-sourcepos=\"54:3-54:46\">Ist die Zahl von 33.000 Z\u00fcgen realistisch?<\/strong><br \/>\n\u2705 <strong data-sourcepos=\"55:3-55:17\">Im Labor getestet<\/strong> mit <strong data-sourcepos=\"55:23-55:40\">28 ml E-Liquid<\/strong>\u2013 dauert <strong data-sourcepos=\"55:47-55:60\">3-4 Wochen<\/strong> f\u00fcr durchschnittliche Dampfer.<\/p>\n<p data-sourcepos=\"57:1-58:77\">\u2753 <strong data-sourcepos=\"57:3-57:40\">Wie ist die Akkulaufzeit?<\/strong><br \/>\n\u2705 <strong data-sourcepos=\"58:3-58:13\">850 mAh<\/strong> + <strong data-sourcepos=\"58:16-58:35\">Laden vom Typ C<\/strong> = <strong data-sourcepos=\"58:38-58:50\">Ganzer Tag<\/strong> starker Beanspruchung pro Ladung.<\/p>\n<p data-sourcepos=\"60:1-62:50\">\u2753 <strong data-sourcepos=\"60:3-60:38\">Bestes Aroma f\u00fcr Dessertliebhaber?<\/strong><br \/>\n\u2714 <strong data-sourcepos=\"61:3-61:28\">Erdbeer-K\u00e4sekuchen<\/strong> (Kundenfavorit) \u2714 <strong data-sourcepos=\"62:3-62:26\">Minz-Schokoladenst\u00fcckchen<\/strong> (einzigartig erfrischend)<\/p>\n<p>&nbsp;<\/p>\n<h3 id=\"brxe-najhln\" class=\"brxe-heading\">H\u00e4ufig gestellte Fragen (FAQ)<\/h3>\n<div id=\"brxe-rajiac\" class=\"brxe-text\">\n<p><strong>F: Welche Zahlungsmethoden akzeptieren Sie?<\/strong><br \/>\nA: Wir akzeptieren PayPal, Stripe, Bank\u00fcberweisungen (SEPA unterst\u00fctzt), g\u00e4ngige Kreditkarten (Visa, MasterCard, American Express) und Zahlungen in Kryptow\u00e4hrung.<\/p>\n<p><strong>F: Wie lange dauert die Auftragsvorbereitung?<\/strong><br \/>\nA: Die Auftragsvorbereitung dauert 1-3 Werktage.<\/p>\n<p><strong>F: Wie lange dauert die Lieferung?<\/strong><br \/>\nA: Die Lieferzeit betr\u00e4gt je nach Standort 7\u201314 Werktage.<\/p>\n<p><strong>F: Wie kann ich meine Bestellung verfolgen?<\/strong><br \/>\nA: Nach dem Versand erhalten Sie eine Best\u00e4tigungs-E-Mail mit einer Sendungsverfolgungsnummer zur Echtzeitverfolgung.<\/p>\n<p><strong>F: Wie lauten Ihre R\u00fcckgabebedingungen?<\/strong><br \/>\nA: Wir bieten ein 30-t\u00e4giges R\u00fcckgaberecht f\u00fcr R\u00fcckerstattungen oder Umtausch. .<\/p>\n<p><strong>F: Wird es Zollprobleme geben?<br \/>\n<\/strong>Wir k\u00fcmmern uns um alle Zollabfertigungsverfahren, um Ihnen ein reibungsloses Erlebnis zu gew\u00e4hrleisten. .<\/p>\n<p><strong>F: Welche Versandarten werden verwendet?<\/strong><br \/>\nWir arbeiten mit UPS\/DHL\/FEDEX\/DPD etc. zusammen. Je nach Lieferland w\u00e4hlen wir die passende Versandoption aus, um sicherzustellen, dass Sie Ihre Produkte schnellstm\u00f6glich erhalten.<\/p>\n<p><a href=\"https:\/\/pgvape.com\/de\/faqs\/\">Klicken Sie hier f\u00fcr weitere FAQ<\/a><\/p>\n<p>Liebe Kunden, wenn Sie Fragen zu Ihrer Bestellung oder zum Wareneingang haben, wenden Sie sich bitte an unseren Kundenservice. Vielen Dank!<\/p>\n<h3 data-sourcepos=\"73:1-73:21\"><strong data-sourcepos=\"73:7-73:21\">Kontaktieren Sie uns<\/strong><\/h3>\n<div id=\"text-2419739398\" class=\"text\">\n<p><strong data-sourcepos=\"75:3-75:12\">E-Mail<\/strong>:\u00a0<a href=\"mailto:support@pgvape.com\"><strong>support@pgvape.com<\/strong><\/a><\/p>\n<p><strong data-sourcepos=\"76:3-76:15\">WhatsApp<\/strong>: <a href=\"https:\/\/wa.me\/+8618128481258\"><strong>+86 18128481258<\/strong><\/a><br \/>\n<strong>(Antwort innerhalb von 24 Stunden an Werktagen)<\/strong><\/p>\n<\/div>\n<h3><strong>Vielen Dank, dass Sie sich f\u00fcr pgvape.com entschieden haben! .<\/strong><\/h3>\n<\/div>","protected":false},"excerpt":{"rendered":"<p><strong data-sourcepos=\"67:1-67:221\">\u201cJNR Tank Pro 33000: Der Einwegartikel mit hoher Kapazit\u00e4t, 33.000 Z\u00fcgen, 28 ml Saft und Dual-Mesh-Spulen. Verf\u00fcgt \u00fcber einstellbare Boost-Modi, digitale Anzeige und 15 Geschmacksrichtungen f\u00fcr ununterbrochenes Dampfen.\u201d<\/strong><\/p>","protected":false},"featured_media":2730,"comment_status":"open","ping_status":"closed","template":"","meta":{"_seopress_robots_primary_cat":"none","_seopress_titles_title":"%%post_title%% %%sep%% %%sitetitle%%","_seopress_titles_desc":"","_seopress_robots_index":""},"product_brand":[516,228],"product_cat":[246,515,29],"product_tag":[78,248,249,90,247,250],"class_list":{"0":"post-2727","1":"product","2":"type-product","3":"status-publish","4":"has-post-thumbnail","6":"product_brand-disposable-vape","7":"product_brand-jnr-vape","8":"product_cat-33k-puffs-vape","9":"product_cat-disposable-vape","10":"product_cat-jnr-vape","11":"product_tag-12tastes","12":"product_tag-33k-puffs","13":"product_tag-33k-vape","14":"product_tag-disposable-vape","15":"product_tag-jnr-tank-pro-33000","16":"product_tag-led-digital-display","18":"first","19":"instock","20":"sale","21":"shipping-taxable","22":"purchasable","23":"product-type-variable"},"_links":{"self":[{"href":"https:\/\/pgvape.com\/de\/wp-json\/wp\/v2\/product\/2727","targetHints":{"allow":["GET"]}}],"collection":[{"href":"https:\/\/pgvape.com\/de\/wp-json\/wp\/v2\/product"}],"about":[{"href":"https:\/\/pgvape.com\/de\/wp-json\/wp\/v2\/types\/product"}],"replies":[{"embeddable":true,"href":"https:\/\/pgvape.com\/de\/wp-json\/wp\/v2\/comments?post=2727"}],"wp:featuredmedia":[{"embeddable":true,"href":"https:\/\/pgvape.com\/de\/wp-json\/wp\/v2\/media\/2730"}],"wp:attachment":[{"href":"https:\/\/pgvape.com\/de\/wp-json\/wp\/v2\/media?parent=2727"}],"wp:term":[{"taxonomy":"product_brand","embeddable":true,"href":"https:\/\/pgvape.com\/de\/wp-json\/wp\/v2\/product_brand?post=2727"},{"taxonomy":"product_cat","embeddable":true,"href":"https:\/\/pgvape.com\/de\/wp-json\/wp\/v2\/product_cat?post=2727"},{"taxonomy":"product_tag","embeddable":true,"href":"https:\/\/pgvape.com\/de\/wp-json\/wp\/v2\/product_tag?post=2727"}],"curies":[{"name":"wp","href":"https:\/\/api.w.org\/{rel}","templated":true}]}}