{"id":2507,"date":"2025-10-09T09:37:50","date_gmt":"2025-10-09T09:37:50","guid":{"rendered":"https:\/\/pgvape.com\/?post_type=product&#038;p=2507"},"modified":"2025-12-15T12:58:04","modified_gmt":"2025-12-15T12:58:04","slug":"jnr-falon-16000-16k-puffs-einweg-vape-original-edition-wiederaufladbarer-vape-direkt-ab-werk","status":"publish","type":"product","link":"https:\/\/pgvape.com\/de\/produkt\/jnr-falon-16000-16k-puffs-einweg-vape-original-edition-wiederaufladbarer-vape-direkt-ab-werk\/","title":{"rendered":"JNR FALON 16000 16K Puffs Einweg-Vape Original Edition Wiederaufladbarer Vape Factory Direct"},"content":{"rendered":"<p><strong data-sourcepos=\"8:5-8:31\">JNR Falcon 16000 Puffs<\/strong> vereint <strong data-sourcepos=\"8:41-8:68\">Hochleistungsdampfen<\/strong> mit <strong data-sourcepos=\"8:74-8:104\">elegantes Kristall-Design<\/strong>, liefern <strong data-sourcepos=\"8:117-8:146\">16.000 ultrasanfte Z\u00fcge<\/strong> von seinem <strong data-sourcepos=\"8:156-8:182\">22 ml E-Liquid-Kapazit\u00e4t<\/strong>. <strong data-sourcepos=\"8:198-8:229\">850-mAh-Akku<\/strong> Und <strong data-sourcepos=\"8:234-8:255\">1\u03a9 Dual-Mesh-Spule<\/strong>, es produziert <strong data-sourcepos=\"8:269-8:290\">30% reicherer Geschmack<\/strong> Und <strong data-sourcepos=\"8:295-8:312\">dichtere Wolken<\/strong>. <strong data-sourcepos=\"8:318-8:340\">einstellbarer Luftstrom<\/strong> erm\u00f6glicht individuelle Zeichnungen, w\u00e4hrend die <strong data-sourcepos=\"8:376-8:401\">Premium-Kristallschale<\/strong> f\u00fcgt Luxus hinzu. <strong data-sourcepos=\"8:420-8:435\">2% Nikotin<\/strong> Und <strong data-sourcepos=\"8:440-8:461\">25 exotische Geschmacksrichtungen<\/strong>, es ist perfekt f\u00fcr Dampfer, die Wert darauf legen <strong data-sourcepos=\"8:497-8:506\">Stil<\/strong> Und <strong data-sourcepos=\"8:511-8:524\">Substanz<\/strong><\/p>\n<p>&nbsp;<\/p>\n<h2><span style=\"font-size: 90%;\">JNR FALON 16K Puffs Einweg-Vape-Spezifikation<\/span><\/h2>\n<p><strong data-sourcepos=\"13:3-13:17\">Puff Count<\/strong>:\u00a0<strong data-sourcepos=\"13:19-13:35\">16.000 Z\u00fcge<\/strong><\/p>\n<p><strong data-sourcepos=\"14:3-14:15\">E-Liquid<\/strong>:\u00a0<strong data-sourcepos=\"14:17-14:25\">22 ml<\/strong><\/p>\n<p><strong data-sourcepos=\"15:3-15:11\">Spule<\/strong>:\u00a0<strong data-sourcepos=\"15:13-15:34\">1\u03a9 Dual-Mesh-Spule<\/strong><\/p>\n<p><strong data-sourcepos=\"16:3-16:14\">Batterie<\/strong>:\u00a0<strong data-sourcepos=\"16:16-16:39\">850 mAh wiederaufladbar<\/strong><\/p>\n<p><strong data-sourcepos=\"17:3-17:14\">Luftstrom<\/strong>:\u00a0<strong data-sourcepos=\"17:16-17:40\">Einstellbar (MTL\/RDL)<\/strong><\/p>\n<p><strong data-sourcepos=\"18:3-18:13\">Design<\/strong>:\u00a0<strong data-sourcepos=\"18:15-18:38\">Crystal-Craft-Muschel<\/strong><\/p>\n<p><strong data-sourcepos=\"19:3-19:15\">Nikotin<\/strong>:\u00a0<strong data-sourcepos=\"19:17-19:23\">2%<\/strong><\/p>\n<p><strong data-sourcepos=\"20:3-20:14\">Aromen<\/strong>:\u00a0<strong data-sourcepos=\"20:16-20:38\">25 Premium-Optionen<\/strong><\/p>\n<p>&nbsp;<\/p>\n<h3><span style=\"font-size: 90%;\">JNR FALON 16K Puffs Einweg-Vape-Geschmacksliste<\/span><\/h3>\n<p><strong data-sourcepos=\"25:4-25:32\">1.Brombeere Rote Himbeere<\/strong><\/p>\n<p><strong data-sourcepos=\"26:4-26:21\">2.Blaues Razz-Eis<\/strong><\/p>\n<p><strong data-sourcepos=\"27:4-27:33\">3. Blaubeer-Granatapfel-Eis<\/strong><\/p>\n<p><strong data-sourcepos=\"28:4-28:31\">4. Blaubeere, rote Himbeere<\/strong><\/p>\n<p><strong data-sourcepos=\"29:4-29:27\">5.Mango-Passionsfrucht<\/strong><\/p>\n<p><strong data-sourcepos=\"30:4-30:26\">6. Passionsfrucht-Kiwi<\/strong><\/p>\n<p><strong data-sourcepos=\"31:4-31:20\">7.Sakura-Traube<\/strong><\/p>\n<p><strong data-sourcepos=\"32:4-32:23\">8.Erdbeer-Kiwi<\/strong><\/p>\n<p><strong data-sourcepos=\"33:4-33:33\">9. Erdbeer-Wassermelonen-Eis<\/strong><\/p>\n<p><strong data-sourcepos=\"34:5-34:31\">10.Wassermelone-Mango-Pfirsich<\/strong><\/p>\n<p><strong data-sourcepos=\"35:5-35:23\">11. Wassermeloneneis<\/strong><\/p>\n<p><strong data-sourcepos=\"36:5-36:20\">12.Berry Burst<\/strong><\/p>\n<p><strong data-sourcepos=\"37:5-37:25\">13.White Peach Razz<\/strong><\/p>\n<p><strong data-sourcepos=\"38:5-38:31\">14.Hubba Bubba Erdbeere<\/strong><\/p>\n<p><strong data-sourcepos=\"39:5-39:35\">15. Blaubeere, Himbeere, Kirsche<\/strong><\/p>\n<p><strong data-sourcepos=\"40:5-40:21\">16.Kirschbeere<\/strong><\/p>\n<p><strong data-sourcepos=\"41:5-41:23\">17. Erdbeereis<\/strong><\/p>\n<p><strong data-sourcepos=\"42:5-42:22\">18. Gemischte Beeren<\/strong><\/p>\n<p><strong data-sourcepos=\"43:5-43:29\">19. Wassermelonen-Kaugummi<\/strong><\/p>\n<p><strong data-sourcepos=\"44:5-44:26\">20.Erdbeerbanane<\/strong><\/p>\n<p><strong data-sourcepos=\"45:5-45:17\">21.Cola-Eis<\/strong><\/p>\n<p><strong data-sourcepos=\"46:5-46:23\">22. Blaubeer-Kiwi<\/strong><\/p>\n<p><strong data-sourcepos=\"47:5-47:25\">23.Blue Razz Cherry<\/strong><\/p>\n<p><strong data-sourcepos=\"48:5-48:33\">24. Kirsch-Wassermelonen-Gefrierschrank<\/strong><\/p>\n<p><strong data-sourcepos=\"49:5-49:26\">25.Sprudelnde Kirsch-Cola<\/strong><\/p>\n<p><strong data-sourcepos=\"50:5-50:22\">26. Saftige Pfirsiche<\/strong><\/p>\n<p><strong data-sourcepos=\"51:5-51:20\">27.Pfirsichbeere<\/strong><\/p>\n<p><strong data-sourcepos=\"52:5-52:33\">28.Kiwi-Passionsfrucht-Guave<\/strong><\/p>\n<p>&nbsp;<\/p>\n<p>&nbsp;<\/p>\n<h2 class=\"header-vfC6AV auto-hide-last-sibling-br\">H\u00e4ufig gestellte Fragen zu JNR FALON 16K Puffs Einweg-Vaporizer<\/h2>\n<p data-sourcepos=\"57:1-58:92\">\u2753 <strong data-sourcepos=\"57:3-57:50\">Was macht die Dual-Mesh-Spule \u00fcberlegen?<\/strong><br \/>\n\u2705 <strong data-sourcepos=\"58:3-58:20\">1\u03a9 Widerstand<\/strong> optimiert <strong data-sourcepos=\"58:31-58:49\">Klarheit des Geschmacks<\/strong> Und <strong data-sourcepos=\"58:54-58:71\">Dampfdichte<\/strong> f\u00fcr sanftere Schl\u00e4ge.<\/p>\n<p data-sourcepos=\"60:1-61:71\">\u2753 <strong data-sourcepos=\"60:3-60:44\">Wie funktioniert der einstellbare Luftstrom?<\/strong><br \/>\n\u2705 Festziehen <strong data-sourcepos=\"61:15-61:34\">enge MTL-Auslosungen<\/strong> oder lockern <strong data-sourcepos=\"61:49-61:68\">luftige RDL-Wolken<\/strong>.<\/p>\n<p data-sourcepos=\"63:1-64:69\">\u2753 <strong data-sourcepos=\"63:3-63:46\">Ist die Zahl von 16.000 Z\u00fcgen realistisch?<\/strong><br \/>\n\u2705 <strong data-sourcepos=\"64:3-64:20\">22 ml Fassungsverm\u00f6gen<\/strong> + <strong data-sourcepos=\"64:23-64:41\">effiziente Spule<\/strong> sorgt daf\u00fcr <strong data-sourcepos=\"64:50-64:66\">Wochen im Einsatz<\/strong>.<\/p>\n<p data-sourcepos=\"66:1-67:70\">\u2753 <strong data-sourcepos=\"66:3-66:51\">Was ist das Besondere am Kristalldesign?<\/strong><br \/>\n\u2705 <strong data-sourcepos=\"67:3-67:28\">Premium-Acrylschale<\/strong> mit <strong data-sourcepos=\"67:34-67:49\">LED-Akzente<\/strong> f\u00fcr ein luxuri\u00f6ses Gef\u00fchl.<\/p>\n<p data-sourcepos=\"69:1-72:50\">\u2753 <strong data-sourcepos=\"69:3-69:38\">Welche Geschmacksrichtungen sind am beliebtesten?<\/strong><br \/>\n\u2714 <strong data-sourcepos=\"70:3-70:20\">Blaues Razz-Eis<\/strong> (w\u00fcrzig und eisig) \u2714 <strong data-sourcepos=\"71:3-71:32\">Erdbeer-Wassermelonen-Eis<\/strong> (saftig &amp; k\u00fchl) \u2714 <strong data-sourcepos=\"72:3-72:31\">Kiwi-Passionsfrucht-Guave<\/strong> (tropischer Punsch)<\/p>\n<p>&nbsp;<\/p>\n<h3 id=\"brxe-najhln\" class=\"brxe-heading\">H\u00e4ufig gestellte Fragen (FAQ)<\/h3>\n<div id=\"brxe-rajiac\" class=\"brxe-text\">\n<p><strong>F: Welche Zahlungsmethoden akzeptieren Sie?<\/strong><br \/>\nA: Wir akzeptieren PayPal, Stripe, Bank\u00fcberweisungen (SEPA unterst\u00fctzt), g\u00e4ngige Kreditkarten (Visa, MasterCard, American Express) und Zahlungen in Kryptow\u00e4hrung.<\/p>\n<p><strong>F: Wie lange dauert die Auftragsvorbereitung?<\/strong><br \/>\nA: Die Auftragsvorbereitung dauert 1-3 Werktage.<\/p>\n<p><strong>F: Wie lange dauert die Lieferung?<\/strong><br \/>\nA: Die Lieferzeit betr\u00e4gt je nach Standort 7\u201314 Werktage.<\/p>\n<p><strong>F: Wie kann ich meine Bestellung verfolgen?<\/strong><br \/>\nA: Nach dem Versand erhalten Sie eine Best\u00e4tigungs-E-Mail mit einer Sendungsverfolgungsnummer zur Echtzeitverfolgung.<\/p>\n<p><strong>F: Wie lauten Ihre R\u00fcckgabebedingungen?<\/strong><br \/>\nA: Wir bieten ein 30-t\u00e4giges R\u00fcckgaberecht f\u00fcr R\u00fcckerstattungen oder Umtausch. .<\/p>\n<p><strong>F: Wird es Zollprobleme geben?<br \/>\n<\/strong>Wir k\u00fcmmern uns um alle Zollabfertigungsverfahren, um Ihnen ein reibungsloses Erlebnis zu gew\u00e4hrleisten. .<\/p>\n<p><strong>F: Welche Versandarten werden verwendet?<\/strong><br \/>\nWir arbeiten mit UPS\/DHL\/FEDEX\/DPD etc. zusammen. Je nach Lieferland w\u00e4hlen wir die passende Versandoption aus, um sicherzustellen, dass Sie Ihre Produkte schnellstm\u00f6glich erhalten.<\/p>\n<p><a href=\"https:\/\/pgvape.com\/de\/faqs\/\">Klicken Sie hier f\u00fcr weitere FAQ<\/a><\/p>\n<p>Liebe Kunden, wenn Sie Fragen zu Ihrer Bestellung oder zum Wareneingang haben, wenden Sie sich bitte an unseren Kundenservice. Vielen Dank!<\/p>\n<h3 data-sourcepos=\"73:1-73:21\"><strong data-sourcepos=\"73:7-73:21\">Kontaktieren Sie uns<\/strong><\/h3>\n<div id=\"text-2419739398\" class=\"text\">\n<p><strong data-sourcepos=\"75:3-75:12\">E-Mail<\/strong>:\u00a0<a href=\"mailto:support@pgvape.com\"><strong>support@pgvape.com<\/strong><\/a><\/p>\n<p><strong data-sourcepos=\"76:3-76:15\">WhatsApp<\/strong>: <a href=\"https:\/\/wa.me\/+8618128481258\"><strong>+86 18128481258<\/strong><\/a><br \/>\n<strong>(Antwort innerhalb von 24 Stunden an Werktagen)<\/strong><\/p>\n<\/div>\n<h3><strong>Vielen Dank, dass Sie sich f\u00fcr pgvape.com entschieden haben! .<\/strong><\/h3>\n<\/div>","protected":false},"excerpt":{"rendered":"<p><strong data-sourcepos=\"77:1-77:224\">\u201cJNR Falcon 16000: Der luxuri\u00f6se Einweg-Vaporizer mit 16.000 Z\u00fcgen, Kristalldesign und 25 Geschmacksrichtungen. Verf\u00fcgt \u00fcber 1-\u03a9-Dual-Mesh-Spulen, einstellbaren Luftstrom und einen 850-mAh-Akku f\u00fcr erstklassige Leistung.\u201d<\/strong><\/p>","protected":false},"featured_media":2510,"comment_status":"open","ping_status":"closed","template":"","meta":{"_seopress_robots_primary_cat":"none","_seopress_titles_title":"%%post_title%% %%sep%% %%sitetitle%%","_seopress_titles_desc":"","_seopress_robots_index":""},"product_brand":[516,228],"product_cat":[229,515,29],"product_tag":[232,233,235,90,231,234,136],"class_list":{"0":"post-2507","1":"product","2":"type-product","3":"status-publish","4":"has-post-thumbnail","6":"product_brand-disposable-vape","7":"product_brand-jnr-vape","8":"product_cat-16k-puffs-vape","9":"product_cat-disposable-vape","10":"product_cat-jnr-vape","11":"product_tag-16k-puffs","12":"product_tag-16k-vape","13":"product_tag-28tastes","14":"product_tag-disposable-vape","15":"product_tag-jnr-falon-16000","16":"product_tag-original-edition-rechargeable","17":"product_tag-smart-screen","19":"first","20":"instock","21":"sale","22":"shipping-taxable","23":"purchasable","24":"product-type-variable"},"_links":{"self":[{"href":"https:\/\/pgvape.com\/de\/wp-json\/wp\/v2\/product\/2507","targetHints":{"allow":["GET"]}}],"collection":[{"href":"https:\/\/pgvape.com\/de\/wp-json\/wp\/v2\/product"}],"about":[{"href":"https:\/\/pgvape.com\/de\/wp-json\/wp\/v2\/types\/product"}],"replies":[{"embeddable":true,"href":"https:\/\/pgvape.com\/de\/wp-json\/wp\/v2\/comments?post=2507"}],"wp:featuredmedia":[{"embeddable":true,"href":"https:\/\/pgvape.com\/de\/wp-json\/wp\/v2\/media\/2510"}],"wp:attachment":[{"href":"https:\/\/pgvape.com\/de\/wp-json\/wp\/v2\/media?parent=2507"}],"wp:term":[{"taxonomy":"product_brand","embeddable":true,"href":"https:\/\/pgvape.com\/de\/wp-json\/wp\/v2\/product_brand?post=2507"},{"taxonomy":"product_cat","embeddable":true,"href":"https:\/\/pgvape.com\/de\/wp-json\/wp\/v2\/product_cat?post=2507"},{"taxonomy":"product_tag","embeddable":true,"href":"https:\/\/pgvape.com\/de\/wp-json\/wp\/v2\/product_tag?post=2507"}],"curies":[{"name":"wp","href":"https:\/\/api.w.org\/{rel}","templated":true}]}}