{"id":2065,"date":"2025-10-01T08:31:49","date_gmt":"2025-10-01T08:31:49","guid":{"rendered":"https:\/\/pgvape.com\/?post_type=product&#038;p=2065"},"modified":"2025-12-15T13:17:58","modified_gmt":"2025-12-15T13:17:58","slug":"gazzbar-ice-god-50000-50-000-puffs-einweg-vape-5-stufig-einstellbare-kuhlung-intelligentes-led-display-direkt-ab-werk","status":"publish","type":"product","link":"https:\/\/pgvape.com\/de\/produkt\/gazzbar-ice-god-50000-50-000-puffs-einweg-vape-5-stufig-einstellbare-kuhlung-intelligentes-led-display-direkt-ab-werk\/","title":{"rendered":"Gazzbar Ice God 50000 50K Puffs Einweg-Vape, 5 Stufen, einstellbare K\u00fchlung, intelligentes LED-Display, Vape Factory Direct"},"content":{"rendered":"<div class=\"auto-hide-last-sibling-br paragraph-JOTKXA paragraph-element br-paragraph-space\">\n<div class=\"auto-hide-last-sibling-br paragraph-JOTKXA paragraph-element br-paragraph-space\"><strong data-sourcepos=\"2:5-2:52\">Gazzbar Ice God 50000 Puffs Einweg-Vaporizer<\/strong> Liefert <strong data-sourcepos=\"2:62-2:87\">Un\u00fcbertroffene Leistung<\/strong> Mit <strong data-sourcepos=\"2:93-2:120\">50.000 ultralange Z\u00fcge<\/strong> Und <strong data-sourcepos=\"2:125-2:151\">5-stufig verstellbares Eis<\/strong>. <strong data-sourcepos=\"2:165-2:185\">Dreifache Mesh-Spule<\/strong>, Es produziert <strong data-sourcepos=\"2:199-2:214\">Reichhaltiger Geschmack<\/strong> Und <strong data-sourcepos=\"2:219-2:234\">Dichter Dampf<\/strong>. <strong data-sourcepos=\"2:240-2:271\">850-mAh-Akku<\/strong> Mit <strong data-sourcepos=\"2:277-2:301\">Typ-C-Schnellladung<\/strong> Sorgt daf\u00fcr <strong data-sourcepos=\"2:310-2:326\">Erweiterte Nutzung<\/strong>, W\u00e4hrend Die <strong data-sourcepos=\"2:338-2:359\">Intelligentes LED-Display<\/strong> Spuren <strong data-sourcepos=\"2:367-2:379\">E-Liquid<\/strong> Und <strong data-sourcepos=\"2:384-2:402\">Batteriest\u00e4nde<\/strong>. <strong data-sourcepos=\"2:417-2:439\">20 Premium-Geschmacksrichtungen<\/strong>, Verpackt <strong data-sourcepos=\"2:450-2:462\">5 St\u00fcck\/Karton<\/strong> F\u00fcr Einzel-\/Gro\u00dfhandel.<\/div>\n<\/div>\n<p>&nbsp;<\/p>\n<h2><span style=\"font-size: 90%;\">Gazzbar Ice God 50000 | 50K Puffs Einweg-Vaporizer <\/span><strong data-sourcepos=\"6:5-6:31\">Spezifikationen<\/strong><\/h2>\n<p><strong data-sourcepos=\"7:3-7:17\">Puff Count<\/strong>:\u00a0<strong data-sourcepos=\"7:19-7:35\">50.000 Z\u00fcge<\/strong><\/p>\n<p><strong data-sourcepos=\"8:3-8:15\">Nikotin<\/strong>:\u00a0<strong data-sourcepos=\"8:17-8:23\">5%<\/strong><\/p>\n<p><strong data-sourcepos=\"9:3-9:11\">Spule<\/strong>:\u00a0<strong data-sourcepos=\"9:13-9:35\">Dreifachmasche (0,6 \u03a9)<\/strong><\/p>\n<p><strong data-sourcepos=\"10:3-10:14\">Batterie<\/strong>:\u00a0<strong data-sourcepos=\"10:16-10:39\">850 mAh wiederaufladbar<\/strong><\/p>\n<p><strong data-sourcepos=\"11:3-11:15\">Aufladen<\/strong>:\u00a0<strong data-sourcepos=\"11:17-11:41\">Typ-C-Schnellladung<\/strong><\/p>\n<p><strong data-sourcepos=\"12:3-12:14\">K\u00fchlung<\/strong>:\u00a0<strong data-sourcepos=\"12:16-12:42\">5-stufig verstellbares Eis<\/strong><\/p>\n<p><strong data-sourcepos=\"13:3-13:14\">Anzeige<\/strong>:\u00a0<strong data-sourcepos=\"13:16-13:49\">LED-Bildschirm (Batterie\/E-Liquid)<\/strong><\/p>\n<p><strong data-sourcepos=\"14:3-14:14\">Paket<\/strong>:\u00a0<strong data-sourcepos=\"14:16-14:33\">5 Ger\u00e4te\/Box<\/strong><\/p>\n<h3><span style=\"font-size: 90%;\">Gazzbar Ice God 50000 | 50K Puffs Einweg-Vape-Geschmacksliste<\/span><\/h3>\n<p><strong data-sourcepos=\"19:4-19:22\">1. Wassermeloneneis<\/strong><\/p>\n<p><strong data-sourcepos=\"20:4-20:21\">2.Blaues Razz-Eis<\/strong><\/p>\n<p><strong data-sourcepos=\"21:4-21:27\">3. Erdbeer-Kiwi-Eis<\/strong><\/p>\n<p><strong data-sourcepos=\"22:4-22:19\">4. Gemischte Beeren<\/strong><\/p>\n<p><strong data-sourcepos=\"23:4-23:30\">5.Mango-Pfirsich-Wassermelone<\/strong><\/p>\n<p><strong data-sourcepos=\"24:4-24:32\">6.Kiwi-Passionsfrucht-Guave<\/strong><\/p>\n<p><strong data-sourcepos=\"25:4-25:17\">7. Traubeneis<\/strong><\/p>\n<p><strong data-sourcepos=\"26:4-26:20\">8.Doppelte Mango<\/strong><\/p>\n<p><strong data-sourcepos=\"27:4-27:17\">9.Pfirsicheis<\/strong><\/p>\n<p><strong data-sourcepos=\"28:5-28:30\">10.Erdbeer-Wassermelone<\/strong><\/p>\n<p><strong data-sourcepos=\"29:5-29:19\">11.Miami Mint<\/strong><\/p>\n<p><strong data-sourcepos=\"30:5-30:29\">12. Brombeer-Cranberry<\/strong><\/p>\n<p><strong data-sourcepos=\"31:5-31:37\">13.Kirsch-Granatapfel-Cranberry<\/strong><\/p>\n<p><strong data-sourcepos=\"32:5-32:17\">14.Red Bull<\/strong><\/p>\n<p><strong data-sourcepos=\"33:5-33:21\">15.Doppelter Apfel<\/strong><\/p>\n<p><strong data-sourcepos=\"34:5-34:22\">16. Blaubeereis<\/strong><\/p>\n<p><strong data-sourcepos=\"35:5-35:19\">17. Kaugummi<\/strong><\/p>\n<p><strong data-sourcepos=\"36:5-36:26\">18.Kirschwassermelone<\/strong><\/p>\n<p><strong data-sourcepos=\"37:5-37:32\">19.Passionsfrucht-Mango-Eis<\/strong><\/p>\n<p><strong data-sourcepos=\"38:5-38:30\">20. Wassermelonen-Kaugummi<\/strong><\/p>\n<p><img loading=\"lazy\" decoding=\"async\" class=\"alignnone wp-image-2076 size-full\" src=\"https:\/\/pgvape.com\/wp-content\/uploads\/2025\/10\/PG-Vape-Gazzbar-Ice-God-50000-50K-Puffs-Disposable-Vape-5-Level-Adjustable-Cooling-Flavor-List.png\" alt=\"Buntes Gitter aus Gazzbar Ice God 50K Puffs Vape-Geschmackskacheln auf hellblauem Hintergrund, die jeweils ein kleines wei\u00dfes Vape-Ger\u00e4t und Fr\u00fcchte oder eisige Bilder mit Namen wie Watermelon Ice, Strawberry Watermelon, Cherry Pomegranate Cranberry, Blue Razz Ice, Blueberry Ice, Bubble Gum, Miami Mint, Strawberry Kiwi Ice, Kiwi Passion Fruit Guava, Double Apple, Watermelon Bubble Gum, Mixed Berry, Peach Ice, Cherry Watermelon, Mango Peach Watermelon, Passion Fruit Mango zeigen .\" width=\"2000\" height=\"2000\" srcset=\"https:\/\/pgvape.com\/wp-content\/uploads\/2025\/10\/PG-Vape-Gazzbar-Ice-God-50000-50K-Puffs-Disposable-Vape-5-Level-Adjustable-Cooling-Flavor-List.png 2000w, https:\/\/pgvape.com\/wp-content\/uploads\/2025\/10\/PG-Vape-Gazzbar-Ice-God-50000-50K-Puffs-Disposable-Vape-5-Level-Adjustable-Cooling-Flavor-List-360x360.png 360w, https:\/\/pgvape.com\/wp-content\/uploads\/2025\/10\/PG-Vape-Gazzbar-Ice-God-50000-50K-Puffs-Disposable-Vape-5-Level-Adjustable-Cooling-Flavor-List-595x595.png 595w, https:\/\/pgvape.com\/wp-content\/uploads\/2025\/10\/PG-Vape-Gazzbar-Ice-God-50000-50K-Puffs-Disposable-Vape-5-Level-Adjustable-Cooling-Flavor-List-400x400.png 400w, https:\/\/pgvape.com\/wp-content\/uploads\/2025\/10\/PG-Vape-Gazzbar-Ice-God-50000-50K-Puffs-Disposable-Vape-5-Level-Adjustable-Cooling-Flavor-List-768x768.png 768w, https:\/\/pgvape.com\/wp-content\/uploads\/2025\/10\/PG-Vape-Gazzbar-Ice-God-50000-50K-Puffs-Disposable-Vape-5-Level-Adjustable-Cooling-Flavor-List-1536x1536.png 1536w, https:\/\/pgvape.com\/wp-content\/uploads\/2025\/10\/PG-Vape-Gazzbar-Ice-God-50000-50K-Puffs-Disposable-Vape-5-Level-Adjustable-Cooling-Flavor-List-12x12.png 12w, https:\/\/pgvape.com\/wp-content\/uploads\/2025\/10\/PG-Vape-Gazzbar-Ice-God-50000-50K-Puffs-Disposable-Vape-5-Level-Adjustable-Cooling-Flavor-List-300x300.png 300w, https:\/\/pgvape.com\/wp-content\/uploads\/2025\/10\/PG-Vape-Gazzbar-Ice-God-50000-50K-Puffs-Disposable-Vape-5-Level-Adjustable-Cooling-Flavor-List-600x600.png 600w, https:\/\/pgvape.com\/wp-content\/uploads\/2025\/10\/PG-Vape-Gazzbar-Ice-God-50000-50K-Puffs-Disposable-Vape-5-Level-Adjustable-Cooling-Flavor-List-100x100.png 100w, https:\/\/pgvape.com\/wp-content\/uploads\/2025\/10\/PG-Vape-Gazzbar-Ice-God-50000-50K-Puffs-Disposable-Vape-5-Level-Adjustable-Cooling-Flavor-List-40x40.png 40w\" sizes=\"auto, (max-width: 2000px) 100vw, 2000px\" \/><\/p>\n<h3><\/h3>\n<h3><span style=\"font-size: 90%;\">Gazzbar Ice God 50000 | 50K Puffs Einweg-Vape-Video:<\/span><\/h3>\n<p><iframe loading=\"lazy\" title=\"Gazzbar Ice God 50K Puffs Einweg-Vape | 5 Stufen einstellbare K\u00fchlung | Vape Factory Direct pgvape\" width=\"563\" height=\"1000\" src=\"https:\/\/www.youtube.com\/embed\/1-JHS8vQVBo?feature=oembed\" frameborder=\"0\" allow=\"accelerometer; autoplay; clipboard-write; encrypted-media; gyroscope; picture-in-picture; web-share\" referrerpolicy=\"strict-origin-when-cross-origin\" allowfullscreen><\/iframe><\/p>\n<p>&nbsp;<\/p>\n<h2 class=\"header-vfC6AV auto-hide-last-sibling-br\">H\u00e4ufig gestellte Fragen zu Gazzbar Ice God 50000 | 50K Puffs Einweg-Vaporizer<\/h2>\n<p data-sourcepos=\"43:1-44:85\">\u2753 <strong data-sourcepos=\"43:3-43:52\">Was macht den 50.000 Puff Count so besonders?<br \/>\n<\/strong> \u2705 <strong data-sourcepos=\"44:3-44:32\">Branchenf\u00fchrende Kapazit\u00e4t<\/strong> \u2013 H\u00e4lt <strong data-sourcepos=\"44:41-44:56\">5-6x l\u00e4nger<\/strong> Als Standard-Einwegartikel.<\/p>\n<p data-sourcepos=\"46:1-47:79\">\u2753 <strong data-sourcepos=\"46:3-46:44\">Wie funktioniert das verstellbare Eis?<br \/>\n<\/strong>\u2705 <strong data-sourcepos=\"47:3-47:34\">Passen Sie die K\u00fchlintensit\u00e4t an<\/strong> Aus <strong data-sourcepos=\"47:40-47:55\">Leichte K\u00e4lte<\/strong> Zu <strong data-sourcepos=\"47:59-47:76\">Arktischer Frost<\/strong>.<\/p>\n<p data-sourcepos=\"49:1-50:81\">\u2753 <strong data-sourcepos=\"49:3-49:42\">Ist die Triple Mesh Coil besser?<br \/>\n<\/strong> \u2705 <strong data-sourcepos=\"50:3-50:11\">Ja!<\/strong> Liefert <strong data-sourcepos=\"50:21-50:40\">30% Mehr Geschmack<\/strong> Und <strong data-sourcepos=\"50:45-50:62\">Dichtere Wolken<\/strong> Als Doppelspulen.<\/p>\n<p data-sourcepos=\"52:1-53:73\">\u2753 <strong data-sourcepos=\"52:3-52:50\">Kann ich Batterie und E-Liquid \u00fcberwachen?<\/strong><br \/>\n\u2705 <strong data-sourcepos=\"53:3-53:18\">LED-Anzeige<\/strong> Zeigt <strong data-sourcepos=\"53:25-53:46\">Echtzeit-Updates<\/strong> F\u00fcr bequemes Tracking.<\/p>\n<p data-sourcepos=\"55:1-56:56\">\u2753 <strong data-sourcepos=\"55:3-55:34\">Warum 5% Nikotin w\u00e4hlen?<br \/>\n<\/strong> \u2705 <strong data-sourcepos=\"56:3-56:26\">Starke Zufriedenheit<\/strong> F\u00fcr <strong data-sourcepos=\"56:31-56:53\">Erfahrene Dampfer<\/strong>.<\/p>\n<p>&nbsp;<\/p>\n<h3 id=\"brxe-najhln\" class=\"brxe-heading\">H\u00e4ufig gestellte Fragen (FAQ)<\/h3>\n<div id=\"brxe-rajiac\" class=\"brxe-text\">\n<p><strong>F: Welche Zahlungsmethoden akzeptieren Sie?<\/strong><br \/>\nA: Wir akzeptieren PayPal, Stripe, Bank\u00fcberweisungen (SEPA unterst\u00fctzt), g\u00e4ngige Kreditkarten (Visa, MasterCard, American Express) und Zahlungen in Kryptow\u00e4hrung.<\/p>\n<p><strong>F: Wie lange dauert die Auftragsvorbereitung?<\/strong><br \/>\nA: Die Auftragsvorbereitung dauert 1-3 Werktage.<\/p>\n<p><strong>F: Wie lange dauert die Lieferung?<\/strong><br \/>\nA: Die Lieferzeit betr\u00e4gt je nach Standort 7\u201314 Werktage.<\/p>\n<p><strong>F: Wie kann ich meine Bestellung verfolgen?<\/strong><br \/>\nA: Nach dem Versand erhalten Sie eine Best\u00e4tigungs-E-Mail mit einer Sendungsverfolgungsnummer zur Echtzeitverfolgung.<\/p>\n<p><strong>F: Wie lauten Ihre R\u00fcckgabebedingungen?<\/strong><br \/>\nA: Wir bieten ein 30-t\u00e4giges R\u00fcckgaberecht f\u00fcr R\u00fcckerstattungen oder Umtausch. .<\/p>\n<p><strong>F: Wird es Zollprobleme geben?<br \/>\n<\/strong>Wir k\u00fcmmern uns um alle Zollabfertigungsverfahren, um Ihnen ein reibungsloses Erlebnis zu gew\u00e4hrleisten. .<\/p>\n<p><strong>F: Welche Versandarten werden verwendet?<\/strong><br \/>\nWir arbeiten mit UPS\/DHL\/FEDEX\/DPD etc. zusammen. Je nach Lieferland w\u00e4hlen wir die passende Versandoption aus, um sicherzustellen, dass Sie Ihre Produkte schnellstm\u00f6glich erhalten.<\/p>\n<p><a href=\"https:\/\/pgvape.com\/de\/faqs\/\">Klicken Sie hier f\u00fcr weitere FAQ<\/a><\/p>\n<p>Liebe Kunden, wenn Sie Fragen zu Ihrer Bestellung oder zum Wareneingang haben, wenden Sie sich bitte an unseren Kundenservice. Vielen Dank!<\/p>\n<h3 data-sourcepos=\"73:1-73:21\"><strong data-sourcepos=\"73:7-73:21\">Kontaktieren Sie uns<\/strong><\/h3>\n<div id=\"text-2419739398\" class=\"text\">\n<p><strong data-sourcepos=\"75:3-75:12\">E-Mail<\/strong>:\u00a0<a href=\"mailto:support@pgvape.com\"><strong>support@pgvape.com<\/strong><\/a><\/p>\n<p><strong data-sourcepos=\"76:3-76:15\">WhatsApp<\/strong>: <a href=\"https:\/\/wa.me\/+8618128481258\"><strong>+86 18128481258<\/strong><\/a><br \/>\n<strong>(Antwort innerhalb von 24 Stunden an Werktagen)<\/strong><\/p>\n<\/div>\n<h3><strong>Vielen Dank, dass Sie sich f\u00fcr pgvape.com entschieden haben! .<\/strong><\/h3>\n<\/div>","protected":false},"excerpt":{"rendered":"<p><strong data-sourcepos=\"61:1-61:226\">\u201cGazzbar Ice God 50000: Der ultimative Einweg-Vaporizer mit 50.000 Z\u00fcgen, einstellbarem Eis und 20 Geschmacksrichtungen \u2013 mit Triple-Mesh-Spulen, intelligentem Display und Typ-C-Ladefunktion f\u00fcr erstklassige Leistung.\u201d<\/strong><\/p>","protected":false},"featured_media":2068,"comment_status":"open","ping_status":"closed","template":"","meta":{"_seopress_robots_primary_cat":"none","_seopress_titles_title":"%%post_title%% %%sep%% %%sitetitle%%","_seopress_titles_desc":"","_seopress_robots_index":""},"product_brand":[516,181],"product_cat":[61,515,180],"product_tag":[187,186,64,65,90,185,490,188],"class_list":{"0":"post-2065","1":"product","2":"type-product","3":"status-publish","4":"has-post-thumbnail","6":"product_brand-disposable-vape","7":"product_brand-gazzbar-vape","8":"product_cat-50k-puffs-vape","9":"product_cat-disposable-vape","10":"product_cat-gazzbar-vape","11":"product_tag-20tastes","12":"product_tag-5-level-adjustable-cooling","13":"product_tag-50k-puffs","14":"product_tag-50k-vape","15":"product_tag-disposable-vape","16":"product_tag-gazzbar-ice-god","17":"product_tag-minimum-2-pieces","18":"product_tag-smart-led","20":"first","21":"instock","22":"sale","23":"shipping-taxable","24":"purchasable","25":"product-type-variable"},"_links":{"self":[{"href":"https:\/\/pgvape.com\/de\/wp-json\/wp\/v2\/product\/2065","targetHints":{"allow":["GET"]}}],"collection":[{"href":"https:\/\/pgvape.com\/de\/wp-json\/wp\/v2\/product"}],"about":[{"href":"https:\/\/pgvape.com\/de\/wp-json\/wp\/v2\/types\/product"}],"replies":[{"embeddable":true,"href":"https:\/\/pgvape.com\/de\/wp-json\/wp\/v2\/comments?post=2065"}],"wp:featuredmedia":[{"embeddable":true,"href":"https:\/\/pgvape.com\/de\/wp-json\/wp\/v2\/media\/2068"}],"wp:attachment":[{"href":"https:\/\/pgvape.com\/de\/wp-json\/wp\/v2\/media?parent=2065"}],"wp:term":[{"taxonomy":"product_brand","embeddable":true,"href":"https:\/\/pgvape.com\/de\/wp-json\/wp\/v2\/product_brand?post=2065"},{"taxonomy":"product_cat","embeddable":true,"href":"https:\/\/pgvape.com\/de\/wp-json\/wp\/v2\/product_cat?post=2065"},{"taxonomy":"product_tag","embeddable":true,"href":"https:\/\/pgvape.com\/de\/wp-json\/wp\/v2\/product_tag?post=2065"}],"curies":[{"name":"wp","href":"https:\/\/api.w.org\/{rel}","templated":true}]}}