{"id":1763,"date":"2025-09-29T08:59:08","date_gmt":"2025-09-29T08:59:08","guid":{"rendered":"https:\/\/pgvape.com\/?post_type=product&#038;p=1763"},"modified":"2026-03-23T09:43:26","modified_gmt":"2026-03-23T09:43:26","slug":"airmez-fox-120-000-120-000-zuge-4-in-1-geschmacksrichtungen-einweg-vape-4-einstellbare-geschmacksrichtungen-05-nikotin-10-geschmacksrichtungen-led-anzeige-verdampfer-direkt-ab-werk","status":"publish","type":"product","link":"https:\/\/pgvape.com\/de\/produkt\/airmez-fox-120-000-120-000-zuge-4-in-1-geschmacksrichtungen-einweg-vape-4-einstellbare-geschmacksrichtungen-05-nikotin-10-geschmacksrichtungen-led-anzeige-verdampfer-direkt-ab-werk\/","title":{"rendered":"Airmez Fox 120000 | 120.000 Puffs 4 in 1 Geschmacksrichtungen Einweg-Vape | 4 einstellbare Geschmacksrichtungen | 0%-5% Nikotin | 10 Geschmacksrichtungen | LED-Anzeige | Vape Factory-Direct"},"content":{"rendered":"<div class=\"auto-hide-last-sibling-br paragraph-JOTKXA paragraph-element br-paragraph-space\">\n<p><strong data-sourcepos=\"2:5-2:53\">Airmez Fox 120K Puffs 4-in-1-Einweg-Vaporizer<\/strong> Setzt einen neuen Standard mit <strong data-sourcepos=\"2:79-2:107\">120.000 ultralange Z\u00fcge<\/strong> Und <strong data-sourcepos=\"2:112-2:138\">60 ml E-Liquid-Kapazit\u00e4t<\/strong> (15 ml\u00d74). <strong data-sourcepos=\"2:159-2:183\">4 einstellbare Geschmacksrichtungen<\/strong>, <strong data-sourcepos=\"2:185-2:203\">1,0 \u03a9 Mesh-Spule<\/strong>, Und <strong data-sourcepos=\"2:209-2:240\">650-mAh-Akku<\/strong>, Es liefert <strong data-sourcepos=\"2:254-2:269\">Dichter Dampf<\/strong> Und <strong data-sourcepos=\"2:274-2:289\">Reichhaltiger Geschmack<\/strong>. <strong data-sourcepos=\"2:295-2:316\">Intelligentes LED-Display<\/strong> Spuren <strong data-sourcepos=\"2:324-2:340\">Akkulaufzeit<\/strong>, <strong data-sourcepos=\"2:342-2:356\">Puff Count<\/strong>, Und <strong data-sourcepos=\"2:362-2:377\">Geschmacksmodus<\/strong>, W\u00e4hrend <strong data-sourcepos=\"2:385-2:409\">Typ-C-Schnellladung<\/strong> Sorgt f\u00fcr schnelles Einschalten. <strong data-sourcepos=\"2:448-2:482\">10 Premium-Geschmackskombinationen<\/strong> F\u00fcr ultimative Individualisierung.<\/p>\n<\/div>\n<p>&nbsp;<\/p>\n<h2><span style=\"font-size: 90%;\">Airmez Fox 120000 | 120k Puffs 4-in-1-Geschmacksrichtungen Einweg-Vapor-Produktspezifikation<\/span><\/h2>\n<p><strong data-sourcepos=\"7:3-7:17\">Puff Count<\/strong>:\u00a0<strong data-sourcepos=\"7:19-7:36\">120.000 Z\u00fcge<\/strong><\/p>\n<p><strong data-sourcepos=\"8:3-8:15\">Nikotin<\/strong>:\u00a0<strong data-sourcepos=\"8:17-8:41\">2% \/ 3% \/ 5% Optionen<\/strong><\/p>\n<p><strong data-sourcepos=\"9:3-9:15\">E-Liquid<\/strong>:\u00a0<strong data-sourcepos=\"9:17-9:43\">60 ml (15 ml \u00d7 4 Kammern)<\/strong><\/p>\n<p><strong data-sourcepos=\"10:3-10:11\">Spule<\/strong>:\u00a0<strong data-sourcepos=\"10:13-10:31\">1,0 \u03a9 Mesh-Spule<\/strong><\/p>\n<p><strong data-sourcepos=\"11:3-11:14\">Batterie<\/strong>:\u00a0<strong data-sourcepos=\"11:16-11:39\">650 mAh wiederaufladbar<\/strong><\/p>\n<p><strong data-sourcepos=\"12:3-12:15\">Aufladen<\/strong>:\u00a0<strong data-sourcepos=\"12:17-12:41\">Typ-C-Schnellladung<\/strong><\/p>\n<p><strong data-sourcepos=\"13:3-13:14\">Anzeige<\/strong>:\u00a0<strong data-sourcepos=\"13:16-13:63\">LED-Bildschirm (Batterie-\/Zugzahl-\/Geschmacksmodus)<\/strong><\/p>\n<p><strong data-sourcepos=\"14:3-14:20\">Geschmackssystem<\/strong>:\u00a0<strong data-sourcepos=\"14:22-14:51\">4-in-1 einstellbare Geschmacksrichtungen<\/strong><\/p>\n<p><strong data-sourcepos=\"15:3-15:14\">Paket<\/strong>:\u00a0<strong data-sourcepos=\"15:16-15:34\">10 Ger\u00e4te\/Box<\/strong><\/p>\n<p>&nbsp;<\/p>\n<h3><span style=\"font-size: 90%;\">Airmez Fox 120000 | 120k Puffs 4 in 1 Geschmacksrichtungen Einweg-Vape-Geschmacksliste<\/span><\/h3>\n<p>1. Erdbeer-Himbeere &amp; Erdbeer-Kiwi &amp; Erdbeereis &amp; Pfirsich-Mango-Wassermelone<\/p>\n<p>2.Wassermeloneneis &amp; Erdbeere Wassermelone &amp; Himbeere Wassermelone &amp; Blaubeere Himbeere<\/p>\n<p>3.Rosa Limonade &amp; Passion Kiss &amp; Mixed Berries &amp; Triple Berry<\/p>\n<p>4.Cherry &amp; Love 66 &amp; Beerenlimonade &amp; Traubeneis<\/p>\n<p>5.Mango-Pfirsich &amp; tropische Fr\u00fcchte &amp; Pfirsicheis &amp; saure Mango-Ananas<\/p>\n<p>6.Grape Ice &amp; Love 66 &amp; Blueberry On Ice &amp; Dragonfruit Ice<\/p>\n<p>7.Love 66 &amp; Cherry &amp; Blueberry On Ice &amp; Kiwi Passion Fruit Guave<\/p>\n<p>8.Pfirsicheis &amp; rosa Limonade &amp; Wassermeloneneis &amp; Dr. Blue<\/p>\n<p>9.Roter Mojito &amp; Love 66 &amp; gemischte Beeren &amp; Erdbeer-Wassermelone<\/p>\n<p>10.Pfirsich, Mango, Wassermelone und Blaubeere, Kirsche und Wassermelone, Drachenfrucht und Passionskuss<\/p>\n<p><img loading=\"lazy\" decoding=\"async\" class=\"alignnone wp-image-1774 size-full\" src=\"https:\/\/pgvape.com\/wp-content\/uploads\/2025\/09\/Pgvape-Airmez-Fox-120k-Puffs-4-in-1-Flavors-Disposable-Vape-4-Adjustable-Flavors-0-2-3-5-Nicotin-10-Tastes-LED-DisplayVape-Factory-Direct-9.png\" alt=\"Raster aus zw\u00f6lf farbenfrohen AirMez-Einweg-Vaporizern in Pastellt\u00f6nen, jeweils bedruckt mit einer stilisierten anthropomorphen Fuchsfigur und gepaart mit gestapelten Etiketten darunter, auf denen verschiedene Namen von Frucht- und Eisgeschmacksrichtungen (z. B. Erdbeer-Himbeere, Mango-Pfirsich, Blaubeereis) zu sehen sind.\" width=\"1920\" height=\"1286\" srcset=\"https:\/\/pgvape.com\/wp-content\/uploads\/2025\/09\/Pgvape-Airmez-Fox-120k-Puffs-4-in-1-Flavors-Disposable-Vape-4-Adjustable-Flavors-0-2-3-5-Nicotin-10-Tastes-LED-DisplayVape-Factory-Direct-9.png 1920w, https:\/\/pgvape.com\/wp-content\/uploads\/2025\/09\/Pgvape-Airmez-Fox-120k-Puffs-4-in-1-Flavors-Disposable-Vape-4-Adjustable-Flavors-0-2-3-5-Nicotin-10-Tastes-LED-DisplayVape-Factory-Direct-9-537x360.png 537w, https:\/\/pgvape.com\/wp-content\/uploads\/2025\/09\/Pgvape-Airmez-Fox-120k-Puffs-4-in-1-Flavors-Disposable-Vape-4-Adjustable-Flavors-0-2-3-5-Nicotin-10-Tastes-LED-DisplayVape-Factory-Direct-9-595x399.png 595w, https:\/\/pgvape.com\/wp-content\/uploads\/2025\/09\/Pgvape-Airmez-Fox-120k-Puffs-4-in-1-Flavors-Disposable-Vape-4-Adjustable-Flavors-0-2-3-5-Nicotin-10-Tastes-LED-DisplayVape-Factory-Direct-9-400x268.png 400w, https:\/\/pgvape.com\/wp-content\/uploads\/2025\/09\/Pgvape-Airmez-Fox-120k-Puffs-4-in-1-Flavors-Disposable-Vape-4-Adjustable-Flavors-0-2-3-5-Nicotin-10-Tastes-LED-DisplayVape-Factory-Direct-9-768x514.png 768w, https:\/\/pgvape.com\/wp-content\/uploads\/2025\/09\/Pgvape-Airmez-Fox-120k-Puffs-4-in-1-Flavors-Disposable-Vape-4-Adjustable-Flavors-0-2-3-5-Nicotin-10-Tastes-LED-DisplayVape-Factory-Direct-9-1536x1029.png 1536w, https:\/\/pgvape.com\/wp-content\/uploads\/2025\/09\/Pgvape-Airmez-Fox-120k-Puffs-4-in-1-Flavors-Disposable-Vape-4-Adjustable-Flavors-0-2-3-5-Nicotin-10-Tastes-LED-DisplayVape-Factory-Direct-9-18x12.png 18w, https:\/\/pgvape.com\/wp-content\/uploads\/2025\/09\/Pgvape-Airmez-Fox-120k-Puffs-4-in-1-Flavors-Disposable-Vape-4-Adjustable-Flavors-0-2-3-5-Nicotin-10-Tastes-LED-DisplayVape-Factory-Direct-9-600x402.png 600w, https:\/\/pgvape.com\/wp-content\/uploads\/2025\/09\/Pgvape-Airmez-Fox-120k-Puffs-4-in-1-Flavors-Disposable-Vape-4-Adjustable-Flavors-0-2-3-5-Nicotin-10-Tastes-LED-DisplayVape-Factory-Direct-9-60x40.png 60w\" sizes=\"auto, (max-width: 1920px) 100vw, 1920px\" \/><\/p>\n<p>&nbsp;<\/p>\n<h3><span style=\"font-size: 90%;\">Airmez Fox 120000 | 120k Puffs 4 in 1 Geschmacksrichtungen Einweg-Vape Video:<\/span><\/h3>\n<div style=\"width: 1020px;\" class=\"wp-video\"><video class=\"wp-video-shortcode\" id=\"video-1763-1\" width=\"1020\" height=\"1813\" preload=\"metadata\" controls=\"controls\"><source type=\"video\/mp4\" src=\"https:\/\/pgvape.com\/wp-content\/uploads\/2025\/09\/pgvape-Airmez-Fox-120000-120k-Puffs-4-in-1-Flavors-Disposable-Vape-Video\uff1a.mp4?_=1\" \/><a href=\"https:\/\/pgvape.com\/wp-content\/uploads\/2025\/09\/pgvape-Airmez-Fox-120000-120k-Puffs-4-in-1-Flavors-Disposable-Vape-Video:.mp4\">https:\/\/pgvape.com\/wp-content\/uploads\/2025\/09\/pgvape-Airmez-Fox-120000-120k-Puffs-4-in-1-Flavors-Disposable-Vape-Video:.mp4<\/a><\/video><\/div>\n<p>&nbsp;<\/p>\n<h2><span style=\"font-size: 90%;\">H\u00e4ufig gestellte Fragen zu Airmez Fox 120000 | 120k Puffs 4 in 1 Geschmacksrichtungen Einweg-Vaporizer<\/span><\/h2>\n<p data-sourcepos=\"34:1-35:85\">\u2753 <strong data-sourcepos=\"34:3-34:52\">Was macht die 120.000-Puff-Z\u00e4hlung einzigartig?<br \/>\n<\/strong> \u2705 <strong data-sourcepos=\"35:3-35:32\">Branchenf\u00fchrende Kapazit\u00e4t<\/strong> \u2013 H\u00e4lt <strong data-sourcepos=\"35:41-35:56\">5-6x l\u00e4nger<\/strong> Als Standard-Einwegartikel.<\/p>\n<p data-sourcepos=\"37:1-38:87\">\u2753 <strong data-sourcepos=\"37:3-37:50\">Wie funktioniert das 4-in-1-Geschmackssystem?<br \/>\n<\/strong> \u2705 <strong data-sourcepos=\"38:3-38:85\">Wechseln Sie mit einfachen Tastensteuerungen sofort zwischen vier Premium-Geschmacksrichtungen.<\/strong><\/p>\n<p data-sourcepos=\"40:1-41:97\">\u2753 <strong data-sourcepos=\"40:3-40:43\">Ist die 1,0-\u03a9-Mesh-Spule effektiv?<\/strong><br \/>\n\u2705 <strong data-sourcepos=\"41:3-41:95\">Ja! .<\/strong><\/p>\n<p data-sourcepos=\"43:1-44:100\">\u2753 <strong data-sourcepos=\"43:3-43:42\">Kann ich Nutzungsstatistiken \u00fcberwachen?<\/strong><br \/>\n\u2705 <strong data-sourcepos=\"44:3-44:18\">LED-Anzeige<\/strong> Zeigt <strong data-sourcepos=\"44:25-44:49\">Puffz\u00e4hlung in Echtzeit<\/strong>, <strong data-sourcepos=\"44:51-44:67\">Akkulaufzeit<\/strong>, Und <strong data-sourcepos=\"44:73-44:95\">Aktiver Geschmacksmodus<\/strong>.**<\/p>\n<p data-sourcepos=\"46:1-47:88\">\u2753 <strong data-sourcepos=\"46:3-46:36\">Warum sollten Sie sich f\u00fcr eine Kapazit\u00e4t von 60 ml entscheiden?<br \/>\n<\/strong> \u2705 <strong data-sourcepos=\"47:3-47:29\">Vier getrennte Kammern<\/strong> Verhindern Sie Geschmacksvermischungen beim Anbieten <strong data-sourcepos=\"47:67-47:83\">Erweiterte Nutzung<\/strong>.**<\/p>\n<p>&nbsp;<\/p>\n<h3 id=\"brxe-najhln\" class=\"brxe-heading\">H\u00e4ufig gestellte Fragen (FAQ)<\/h3>\n<div id=\"brxe-rajiac\" class=\"brxe-text\">\n<p><strong>F: Welche Zahlungsmethoden akzeptieren Sie?<\/strong><br \/>\nA: Wir akzeptieren PayPal, Stripe, Bank\u00fcberweisungen (SEPA unterst\u00fctzt), g\u00e4ngige Kreditkarten (Visa, MasterCard, American Express) und Zahlungen in Kryptow\u00e4hrung.<\/p>\n<p><strong>F: Wie lange dauert die Auftragsvorbereitung?<\/strong><br \/>\nA: Die Auftragsvorbereitung dauert 1-3 Werktage.<\/p>\n<p><strong>F: Wie lange dauert die Lieferung?<\/strong><br \/>\nA: Die Lieferzeit betr\u00e4gt je nach Standort 7\u201314 Werktage.<\/p>\n<p><strong>F: Wie kann ich meine Bestellung verfolgen?<\/strong><br \/>\nA: Nach dem Versand erhalten Sie eine Best\u00e4tigungs-E-Mail mit einer Sendungsverfolgungsnummer zur Echtzeitverfolgung.<\/p>\n<p><strong>F: Wie lauten Ihre R\u00fcckgabebedingungen?<\/strong><br \/>\nA: Wir bieten ein 30-t\u00e4giges R\u00fcckgaberecht f\u00fcr R\u00fcckerstattungen oder Umtausch. .<\/p>\n<p><strong>F: Wird es Zollprobleme geben?<br \/>\n<\/strong>Wir k\u00fcmmern uns um alle Zollabfertigungsverfahren, um Ihnen ein reibungsloses Erlebnis zu gew\u00e4hrleisten. .<\/p>\n<p><strong>F: Welche Versandarten werden verwendet?<\/strong><br \/>\nWir arbeiten mit UPS\/DHL\/FEDEX\/DPD etc. zusammen. Je nach Lieferland w\u00e4hlen wir die passende Versandoption aus, um sicherzustellen, dass Sie Ihre Produkte schnellstm\u00f6glich erhalten.<\/p>\n<p><a href=\"https:\/\/pgvape.com\/de\/faqs\/\">Klicken Sie hier f\u00fcr weitere FAQ<\/a><\/p>\n<p>Liebe Kunden, wenn Sie Fragen zu Ihrer Bestellung oder zum Wareneingang haben, wenden Sie sich bitte an unseren Kundenservice. Vielen Dank!<\/p>\n<h3 data-sourcepos=\"73:1-73:21\"><strong data-sourcepos=\"73:7-73:21\">Kontaktieren Sie uns<\/strong><\/h3>\n<div id=\"text-2419739398\" class=\"text\">\n<p><strong data-sourcepos=\"75:3-75:12\">E-Mail<\/strong>:\u00a0<a href=\"mailto:support@pgvape.com\"><strong>support@pgvape.com<\/strong><\/a><\/p>\n<p><strong data-sourcepos=\"76:3-76:15\">WhatsApp<\/strong>: <a href=\"https:\/\/wa.me\/+8618128481258\"><strong>+86 18128481258<\/strong><\/a><br \/>\n<strong>(Antwort innerhalb von 24 Stunden an Werktagen)<\/strong><\/p>\n<\/div>\n<h3><strong>Vielen Dank, dass Sie sich f\u00fcr pgvape.com entschieden haben! .<\/strong><\/h3>\n<\/div>","protected":false},"excerpt":{"rendered":"<p><strong data-sourcepos=\"52:1-52:241\">\u201cAirmez Fox 120K: Der ultimative 4-in-1-Geschmack-Einweg-Vaporizer mit 120.000 Z\u00fcgen, 60 ml Fassungsverm\u00f6gen und 10 Geschmackskombinationen \u2013 mit intelligentem LED-Display, Typ-C-Aufladung und 1,0-\u03a9-Mesh-Spule f\u00fcr erstklassige Leistung.\u201d<\/strong><\/p>","protected":false},"featured_media":1768,"comment_status":"open","ping_status":"closed","template":"","meta":{"_seopress_robots_primary_cat":"none","_seopress_titles_title":"%%post_title%% %%sep%% %%sitetitle%%","_seopress_titles_desc":"","_seopress_robots_index":""},"product_brand":[154,516],"product_cat":[69,155,515],"product_tag":[159,74,75,82,158,53,156,108,157,79,203],"class_list":{"0":"post-1763","1":"product","2":"type-product","3":"status-publish","4":"has-post-thumbnail","6":"product_brand-airmez-fox-vape","7":"product_brand-disposable-vape","8":"product_cat-120k-puffs-vape","9":"product_cat-airmez-fox-vape","10":"product_cat-disposable-vape","11":"product_tag-10-tastes","12":"product_tag-74","13":"product_tag-120k-puffs","14":"product_tag-120k-vape","15":"product_tag-4-adjustable-flavors","16":"product_tag-4-in-1-flavors","17":"product_tag-airmez","18":"product_tag-disposable","19":"product_tag-fox","20":"product_tag-led-display","21":"product_tag-shipment-from-eu","23":"first","24":"instock","25":"sale","26":"shipping-taxable","27":"purchasable","28":"product-type-variable"},"_links":{"self":[{"href":"https:\/\/pgvape.com\/de\/wp-json\/wp\/v2\/product\/1763","targetHints":{"allow":["GET"]}}],"collection":[{"href":"https:\/\/pgvape.com\/de\/wp-json\/wp\/v2\/product"}],"about":[{"href":"https:\/\/pgvape.com\/de\/wp-json\/wp\/v2\/types\/product"}],"replies":[{"embeddable":true,"href":"https:\/\/pgvape.com\/de\/wp-json\/wp\/v2\/comments?post=1763"}],"wp:featuredmedia":[{"embeddable":true,"href":"https:\/\/pgvape.com\/de\/wp-json\/wp\/v2\/media\/1768"}],"wp:attachment":[{"href":"https:\/\/pgvape.com\/de\/wp-json\/wp\/v2\/media?parent=1763"}],"wp:term":[{"taxonomy":"product_brand","embeddable":true,"href":"https:\/\/pgvape.com\/de\/wp-json\/wp\/v2\/product_brand?post=1763"},{"taxonomy":"product_cat","embeddable":true,"href":"https:\/\/pgvape.com\/de\/wp-json\/wp\/v2\/product_cat?post=1763"},{"taxonomy":"product_tag","embeddable":true,"href":"https:\/\/pgvape.com\/de\/wp-json\/wp\/v2\/product_tag?post=1763"}],"curies":[{"name":"wp","href":"https:\/\/api.w.org\/{rel}","templated":true}]}}