{"id":1650,"date":"2025-09-28T14:42:20","date_gmt":"2025-09-28T14:42:20","guid":{"rendered":"https:\/\/pgvape.com\/?post_type=product&#038;p=1650"},"modified":"2025-12-15T13:23:31","modified_gmt":"2025-12-15T13:23:31","slug":"randm-digital-box-12000-12k-puffs-einweg-vape-led-display-vape-direkt-ab-werk","status":"publish","type":"product","link":"https:\/\/pgvape.com\/de\/produkt\/randm-digital-box-12000-12k-puffs-einweg-vape-led-display-vape-direkt-ab-werk\/","title":{"rendered":"RandM Digital Box 12000 12K Puffs Einweg-Vape LED-Display Vape Factory Direct"},"content":{"rendered":"<div class=\"auto-hide-last-sibling-br paragraph-JOTKXA paragraph-element br-paragraph-space\"><strong data-sourcepos=\"6:5-6:32\">RandM Digital Box 12000<\/strong> definiert das Dampfen neu <strong data-sourcepos=\"6:55-6:71\">12.000 Z\u00fcge<\/strong>, A <strong data-sourcepos=\"6:75-6:101\">20 ml E-Liquid-Kapazit\u00e4t<\/strong>, Und <strong data-sourcepos=\"6:107-6:147\">Echtzeit-Batterie-\/E-Liquid-\u00dcberwachung<\/strong> \u00fcber seine <strong data-sourcepos=\"6:156-6:175\">Digitalanzeige<\/strong>. <strong data-sourcepos=\"6:213-6:242\">0%\/2%\/3%\/5% Nikotinsalz<\/strong> Optionen und <strong data-sourcepos=\"6:255-6:269\">40 Geschmacksrichtungen<\/strong>, angetrieben von einem <strong data-sourcepos=\"6:285-6:316\">850-mAh-Akku<\/strong> mit <strong data-sourcepos=\"6:322-6:341\">Laden vom Typ C<\/strong>. <strong data-sourcepos=\"6:355-6:381\">10-teilige Displayboxen<\/strong> (oder <strong data-sourcepos=\"6:386-6:406\">Kartons mit 200 Einheiten<\/strong><span class=\"CustomP_animated_char__m3r9w\">)<\/span><span class=\"CustomP_animated_char__m3r9w\">,<\/span><span class=\"CustomP_animated_char__m3r9w\">\u00a0<\/span><span class=\"CustomP_animated_char__m3r9w\">Es<\/span><span class=\"CustomP_animated_char__m3r9w\">\u2019<\/span><span class=\"CustomP_animated_char__m3r9w\">S<\/span><span class=\"CustomP_animated_char__m3r9w\">\u00a0<\/span><span class=\"CustomP_animated_char__m3r9w\">Ideal<\/span><span class=\"CustomP_animated_char__m3r9w\">\u00a0<\/span><span class=\"CustomP_animated_char__m3r9w\">f\u00fcr<\/span><span class=\"CustomP_animated_char__m3r9w\">\u00a0<\/span><span class=\"CustomP_animated_char__m3r9w\">beide<\/span><span class=\"CustomP_animated_char__m3r9w\">\u00a0<\/span><span class=\"CustomP_animated_char__m3r9w\">pers\u00f6nlich<\/span><span class=\"CustomP_animated_char__m3r9w\">\u00a0<\/span><span class=\"CustomP_animated_char__m3r9w\">verwenden<\/span><span class=\"CustomP_animated_char__m3r9w\">\u00a0<\/span><span class=\"CustomP_animated_char__m3r9w\">Und<\/span><span class=\"CustomP_animated_char__m3r9w\">\u00a0<\/span><span class=\"CustomP_animated_char__m3r9w\">Sch\u00fcttgut<\/span><span class=\"CustomP_animated_char__m3r9w\">\u00a0<\/span><span class=\"CustomP_animated_char__m3r9w\">Verk\u00e4ufe<\/span><span class=\"CustomP_animated_char__m3r9w\">.<\/span><\/div>\n<p>&nbsp;<\/p>\n<h2><span style=\"font-size: 90%;\">RandM Digital Box 12000 | 12K Z\u00fcge Einweg-Vape Produktspezifikation<\/span><\/h2>\n<p><strong data-sourcepos=\"11:3-11:25\">Nikotinst\u00e4rke:<\/strong>\u00a0<strong data-sourcepos=\"11:26-11:47\">0% \/ 2% \/ 3% \/ 5%<\/strong>\u00a0(Von Zero-Nic bis starkem Throat-Hit)<\/p>\n<p><strong data-sourcepos=\"12:3-12:25\">E-Liquid-Kapazit\u00e4t:<\/strong>\u00a0<strong data-sourcepos=\"12:26-12:34\">20 ml<\/strong>\u00a0(Verl\u00e4ngerte Verwendung zwischen den Nachf\u00fcllungen)<\/p>\n<p><strong data-sourcepos=\"13:3-13:18\">Puffanzahl:<\/strong>\u00a0<strong data-sourcepos=\"13:19-13:35\">12.000 Z\u00fcge<\/strong>\u00a0(L\u00e4ngere Lebensdauer als Standard-Einwegartikel)<\/p>\n<p><strong data-sourcepos=\"14:3-14:15\">Anzeige:<\/strong>\u00a0<strong data-sourcepos=\"14:16-14:54\">Batterie- und E-Liquid-F\u00fcllstandsanzeigen<\/strong>\u00a0(Pr\u00e4zisionsverfolgung)<\/p>\n<p><strong data-sourcepos=\"15:3-15:15\">Batterie:<\/strong>\u00a0<strong data-sourcepos=\"15:16-15:39\">850 mAh wiederaufladbar<\/strong>\u00a0(Schnell\u00a0<strong data-sourcepos=\"15:46-15:56\">Typ-C<\/strong>\u00a0Laden)<\/p>\n<p><strong data-sourcepos=\"16:3-16:22\">Geschmacksoptionen:<\/strong>\u00a0<strong data-sourcepos=\"16:23-16:39\">40 Sorten<\/strong>\u00a0(Fruchtige, eisige, Dessert- und exotische Mischungen)<\/p>\n<p><strong data-sourcepos=\"17:3-17:17\">Verpackung:<\/strong>Einzelhandel:\u00a0<strong data-sourcepos=\"18:13-18:34\">10 St\u00fcck\/Displaybox <\/strong>Gro\u00dfhandel:\u00a0<strong data-sourcepos=\"19:16-19:33\">200 St\u00fcck\/Karton<\/strong><\/p>\n<p>&nbsp;<\/p>\n<h3><span style=\"font-size: 90%;\">RandM Digital Box 12000 | 12K Z\u00fcge Einweg-Vape-Geschmacksliste<\/span><\/h3>\n<p>1.K\u00fchle Minze<\/p>\n<p>2. Wassermeloneneis<\/p>\n<p>3. Traubeneis<\/p>\n<p>4. Blaubeer-Himbeere<\/p>\n<p>5.Erdbeer-Wassermelone<\/p>\n<p>6. Erdbeerbanane<\/p>\n<p>7.\u00dcppiges Eis<\/p>\n<p>8. Kirsche<\/p>\n<p>9. Erdbeereis<\/p>\n<p>10. Eis am Stiel<\/p>\n<p>11.Rosa Limonade<\/p>\n<p>12.Mango auf Eis<\/p>\n<p>13. Gemischte Beeren<\/p>\n<p>14. Erdbeerdonut<\/p>\n<p>15.Erdbeertraube<\/p>\n<p>16.Cherry Cola<\/p>\n<p>17.Dr. Blue<\/p>\n<p>18.Blaubeere auf Eis<\/p>\n<p>19.Kiwi-Passionsfrucht-Guave<\/p>\n<p>20.Erdbeer-Kiwi<\/p>\n<p>21.Pfirsich-Mango<\/p>\n<p>22.Pfirsicheis<\/p>\n<p>23. Rotes Apfeleis<\/p>\n<p>24. Blaubeer-Kaugummi<\/p>\n<p>25. Beerenlimonade<\/p>\n<p>26.Blue Razz Limonade<\/p>\n<p>27. Blaue saure Himbeere<\/p>\n<p>28.Erdbeer-Red Bull<\/p>\n<p>29.Apple Berry Blast<\/p>\n<p>30. Wassermelonen-Kaugummi<\/p>\n<p>31.Himbeer-Wassermelone<\/p>\n<p>32.Schwarzes Eis<\/p>\n<p>33. Blaubeere, Kirsche, Cranberry<\/p>\n<p>34.Erdbeer-Pom<\/p>\n<p>35.Vimto<\/p>\n<p>36.Kirschbeere<\/p>\n<p>37.Zitrone und Limette<\/p>\n<p>38.Bingo Crush<\/p>\n<p>39. Blaubeer-Kiwi<\/p>\n<p>40.Apfel-Zimt<\/p>\n<p>&nbsp;<\/p>\n<p><img loading=\"lazy\" decoding=\"async\" class=\"alignnone wp-image-1670 size-full\" src=\"https:\/\/pgvape.com\/wp-content\/uploads\/2025\/09\/Pgvape-RandM-Digital-Box-12K-puffs-Disposable-Vape-0-2-3-5-Nicotin-LED-Display-Vape-Factory-Direct-18.png\" alt=\"Ein Raster aus bunten Einweg-Vape-Pods auf einem Hintergrund in sanften Pastellt\u00f6nen, wobei jeder Pod ein stilisiertes Comic-Affenportr\u00e4t und aufgedruckte Geschmacksnamen wie Lush Ice, Strawberry Banana, Blueberry Raspberry, Cherry Cola und Peach Mango zeigt.\" width=\"2000\" height=\"1041\" srcset=\"https:\/\/pgvape.com\/wp-content\/uploads\/2025\/09\/Pgvape-RandM-Digital-Box-12K-puffs-Disposable-Vape-0-2-3-5-Nicotin-LED-Display-Vape-Factory-Direct-18.png 2000w, https:\/\/pgvape.com\/wp-content\/uploads\/2025\/09\/Pgvape-RandM-Digital-Box-12K-puffs-Disposable-Vape-0-2-3-5-Nicotin-LED-Display-Vape-Factory-Direct-18-555x289.png 555w, https:\/\/pgvape.com\/wp-content\/uploads\/2025\/09\/Pgvape-RandM-Digital-Box-12K-puffs-Disposable-Vape-0-2-3-5-Nicotin-LED-Display-Vape-Factory-Direct-18-595x310.png 595w, https:\/\/pgvape.com\/wp-content\/uploads\/2025\/09\/Pgvape-RandM-Digital-Box-12K-puffs-Disposable-Vape-0-2-3-5-Nicotin-LED-Display-Vape-Factory-Direct-18-400x208.png 400w, https:\/\/pgvape.com\/wp-content\/uploads\/2025\/09\/Pgvape-RandM-Digital-Box-12K-puffs-Disposable-Vape-0-2-3-5-Nicotin-LED-Display-Vape-Factory-Direct-18-768x400.png 768w, https:\/\/pgvape.com\/wp-content\/uploads\/2025\/09\/Pgvape-RandM-Digital-Box-12K-puffs-Disposable-Vape-0-2-3-5-Nicotin-LED-Display-Vape-Factory-Direct-18-1536x799.png 1536w, https:\/\/pgvape.com\/wp-content\/uploads\/2025\/09\/Pgvape-RandM-Digital-Box-12K-puffs-Disposable-Vape-0-2-3-5-Nicotin-LED-Display-Vape-Factory-Direct-18-18x9.png 18w, https:\/\/pgvape.com\/wp-content\/uploads\/2025\/09\/Pgvape-RandM-Digital-Box-12K-puffs-Disposable-Vape-0-2-3-5-Nicotin-LED-Display-Vape-Factory-Direct-18-600x312.png 600w, https:\/\/pgvape.com\/wp-content\/uploads\/2025\/09\/Pgvape-RandM-Digital-Box-12K-puffs-Disposable-Vape-0-2-3-5-Nicotin-LED-Display-Vape-Factory-Direct-18-60x31.png 60w\" sizes=\"auto, (max-width: 2000px) 100vw, 2000px\" \/><\/p>\n<p>&nbsp;<\/p>\n<h3><span style=\"font-size: 90%;\">RandM Digital Box 12000 | <\/span><strong>Video:<br \/>\n<iframe loading=\"lazy\" title=\"RandM Digital Box 12000 | 12K Z\u00fcge Einweg-Vape | 40 Geschmacksrichtungen | Vape Factory Direct pgvape\" width=\"1020\" height=\"574\" src=\"https:\/\/www.youtube.com\/embed\/7AnaUnaG0uQ?feature=oembed\" frameborder=\"0\" allow=\"accelerometer; autoplay; clipboard-write; encrypted-media; gyroscope; picture-in-picture; web-share\" referrerpolicy=\"strict-origin-when-cross-origin\" allowfullscreen><\/iframe><br \/>\n<\/strong><\/h3>\n<p>&nbsp;<\/p>\n<h2 class=\"header-vfC6AV auto-hide-last-sibling-br\"><span style=\"font-size: 90%;\">FAQs zur RandM Digital Box 12000 |<\/span><\/h2>\n<p data-sourcepos=\"82:1-83:90\">\u2753 <strong data-sourcepos=\"82:3-82:48\">Wie erh\u00f6ht das Display den Komfort?<\/strong><br \/>\n\u2705 Die <strong data-sourcepos=\"83:7-83:25\">digitaler Bildschirm<\/strong> zeigt genau <strong data-sourcepos=\"83:38-83:64\">E-Liquid\/Batteriestand<\/strong>, wodurch R\u00e4tselraten entfallen.<\/p>\n<p data-sourcepos=\"85:1-86:51\">\u2753 <strong data-sourcepos=\"85:3-85:46\">Welche nikotinfreie Option gibt es?<\/strong><br \/>\n\u2705 W\u00e4hlen Sie <strong data-sourcepos=\"86:10-86:25\">0% Nikotin<\/strong> f\u00fcr reines Aroma-Dampfen.<\/p>\n<p data-sourcepos=\"88:1-89:73\">\u2753 <strong data-sourcepos=\"88:3-88:37\">Wie lange h\u00e4lt das Ger\u00e4t?<\/strong><br \/>\n\u2705 <strong data-sourcepos=\"89:3-89:19\">12.000 Z\u00fcge<\/strong> Und <strong data-sourcepos=\"89:24-89:41\">20 ml Fassungsverm\u00f6gen<\/strong> Sorgen Sie f\u00fcr wochenlange m\u00e4\u00dfige Nutzung.<\/p>\n<p data-sourcepos=\"91:1-92:104\">\u2753 <strong data-sourcepos=\"91:3-91:46\">Sind Geschmacksrichtungen f\u00fcr alle Vorlieben geeignet?<\/strong><br \/>\n\u2705 <strong data-sourcepos=\"92:3-92:18\">\u00dcber 40 Optionen<\/strong> Spanne <strong data-sourcepos=\"92:24-92:34\">Fr\u00fcchte<\/strong>, <strong data-sourcepos=\"92:36-92:47\">Menthol<\/strong>, <strong data-sourcepos=\"92:49-92:61\">Desserts<\/strong>, Und <strong data-sourcepos=\"92:67-92:84\">einzigartige Mischungen<\/strong> wie <strong data-sourcepos=\"92:90-92:101\">Liebe 66<\/strong>.<\/p>\n<p data-sourcepos=\"94:1-95:69\">\u2753 <strong data-sourcepos=\"94:3-94:39\">Ist der Gro\u00dfeinkauf kosteng\u00fcnstig?<\/strong><br \/>\n\u2705 Ja! <strong data-sourcepos=\"95:8-95:28\">Kartons mit 200 Einheiten<\/strong> Bieten Sie Einzelh\u00e4ndlern Gro\u00dfhandelseinsparungen an.<\/p>\n<p data-sourcepos=\"97:1-98:71\">\u2753 <strong data-sourcepos=\"97:3-97:42\">Wie schnell l\u00e4dt sich der Akku auf?<br \/>\n<\/strong> \u2705 <strong data-sourcepos=\"98:3-98:18\">Typ-C-Anschluss<\/strong> tankt die <strong data-sourcepos=\"98:31-98:49\">850-mAh-Akku<\/strong> In <strong data-sourcepos=\"98:53-98:68\">~45 Minuten<\/strong>.<\/p>\n<p>&nbsp;<\/p>\n<h3 id=\"brxe-najhln\" class=\"brxe-heading\">H\u00e4ufig gestellte Fragen (FAQ)<\/h3>\n<div id=\"brxe-rajiac\" class=\"brxe-text\">\n<p><strong>F: Welche Zahlungsmethoden akzeptieren Sie?<\/strong><br \/>\nA: Wir akzeptieren PayPal, Stripe, Bank\u00fcberweisungen (SEPA unterst\u00fctzt), g\u00e4ngige Kreditkarten (Visa, MasterCard, American Express) und Zahlungen in Kryptow\u00e4hrung.<\/p>\n<p><strong>F: Wie lange dauert die Auftragsvorbereitung?<\/strong><br \/>\nA: Die Auftragsvorbereitung dauert 1-3 Werktage.<\/p>\n<p><strong>F: Wie lange dauert die Lieferung?<\/strong><br \/>\nA: Die Lieferzeit betr\u00e4gt je nach Standort 7\u201314 Werktage.<\/p>\n<p><strong>F: Wie kann ich meine Bestellung verfolgen?<\/strong><br \/>\nA: Nach dem Versand erhalten Sie eine Best\u00e4tigungs-E-Mail mit einer Sendungsverfolgungsnummer zur Echtzeitverfolgung.<\/p>\n<p><strong>F: Wie lauten Ihre R\u00fcckgabebedingungen?<\/strong><br \/>\nA: Wir bieten ein 30-t\u00e4giges R\u00fcckgaberecht f\u00fcr R\u00fcckerstattungen oder Umtausch. .<\/p>\n<p><strong>F: Wird es Zollprobleme geben?<br \/>\n<\/strong>Wir k\u00fcmmern uns um alle Zollabfertigungsverfahren, um Ihnen ein reibungsloses Erlebnis zu gew\u00e4hrleisten. .<\/p>\n<p><strong>F: Welche Versandarten werden verwendet?<\/strong><br \/>\nWir arbeiten mit UPS\/DHL\/FEDEX\/DPD etc. zusammen. Je nach Lieferland w\u00e4hlen wir die passende Versandoption aus, um sicherzustellen, dass Sie Ihre Produkte schnellstm\u00f6glich erhalten.<\/p>\n<p><a href=\"https:\/\/pgvape.com\/de\/faqs\/\">Klicken Sie hier f\u00fcr weitere FAQ<\/a><\/p>\n<p>Liebe Kunden, wenn Sie Fragen zu Ihrer Bestellung oder zum Wareneingang haben, wenden Sie sich bitte an unseren Kundenservice. Vielen Dank!<\/p>\n<h3 data-sourcepos=\"73:1-73:21\"><strong data-sourcepos=\"73:7-73:21\">Kontaktieren Sie uns<\/strong><\/h3>\n<div id=\"text-2419739398\" class=\"text\">\n<p><strong data-sourcepos=\"75:3-75:12\">E-Mail<\/strong>:\u00a0<a href=\"mailto:support@pgvape.com\"><strong>support@pgvape.com<\/strong><\/a><\/p>\n<p><strong data-sourcepos=\"76:3-76:15\">WhatsApp<\/strong>: <a href=\"https:\/\/wa.me\/+8618128481258\"><strong>+86 18128481258<\/strong><\/a><br \/>\n<strong>(Antwort innerhalb von 24 Stunden an Werktagen)<\/strong><\/p>\n<\/div>\n<h3><strong>Vielen Dank, dass Sie sich f\u00fcr pgvape.com entschieden haben! .<\/strong><\/h3>\n<\/div>","protected":false},"excerpt":{"rendered":"<p><strong data-sourcepos=\"103:5-103:32\">RandM Digital Box 12000<\/strong> verschmilzt <strong data-sourcepos=\"103:40-103:64\">Dampfen mit hoher Kapazit\u00e4t<\/strong> (12K Z\u00fcge, 20 ml) mit <strong data-sourcepos=\"103:88-103:108\">Intelligente Technologie<\/strong> (Digitalanzeige, Typ-C-Aufladung). <strong data-sourcepos=\"103:150-103:174\">0%\/2%\/3%\/5% Nikotin<\/strong> Und <strong data-sourcepos=\"103:179-103:194\">\u00dcber 40 Geschmacksrichtungen<\/strong>, es ist f\u00fcr jeden Dampfer etwas dabei.<strong data-sourcepos=\"103:250-103:269\">10 St\u00fcck oder 200 St\u00fcck<\/strong>) macht es zu einem kommerziellen Highlight.<\/p>","protected":false},"featured_media":1653,"comment_status":"open","ping_status":"closed","template":"","meta":{"_seopress_robots_primary_cat":"none","_seopress_titles_title":"%%post_title%% %%sep%% %%sitetitle%%","_seopress_titles_desc":"","_seopress_robots_index":""},"product_brand":[516,148],"product_cat":[147,515,26],"product_tag":[151,152,153,150,108,79,490,149,109],"class_list":{"0":"post-1650","1":"product","2":"type-product","3":"status-publish","4":"has-post-thumbnail","6":"product_brand-disposable-vape","7":"product_brand-randm-digital-vape","8":"product_cat-12k-puffs-vape","9":"product_cat-disposable-vape","10":"product_cat-fumot-vape","11":"product_tag-12k-puffs","12":"product_tag-12k-vape","13":"product_tag-40-flavors-for","14":"product_tag-digital-box","15":"product_tag-disposable","16":"product_tag-led-display","17":"product_tag-minimum-2-pieces","18":"product_tag-randm","19":"product_tag-vape","21":"first","22":"instock","23":"sale","24":"shipping-taxable","25":"purchasable","26":"product-type-variable"},"_links":{"self":[{"href":"https:\/\/pgvape.com\/de\/wp-json\/wp\/v2\/product\/1650","targetHints":{"allow":["GET"]}}],"collection":[{"href":"https:\/\/pgvape.com\/de\/wp-json\/wp\/v2\/product"}],"about":[{"href":"https:\/\/pgvape.com\/de\/wp-json\/wp\/v2\/types\/product"}],"replies":[{"embeddable":true,"href":"https:\/\/pgvape.com\/de\/wp-json\/wp\/v2\/comments?post=1650"}],"wp:featuredmedia":[{"embeddable":true,"href":"https:\/\/pgvape.com\/de\/wp-json\/wp\/v2\/media\/1653"}],"wp:attachment":[{"href":"https:\/\/pgvape.com\/de\/wp-json\/wp\/v2\/media?parent=1650"}],"wp:term":[{"taxonomy":"product_brand","embeddable":true,"href":"https:\/\/pgvape.com\/de\/wp-json\/wp\/v2\/product_brand?post=1650"},{"taxonomy":"product_cat","embeddable":true,"href":"https:\/\/pgvape.com\/de\/wp-json\/wp\/v2\/product_cat?post=1650"},{"taxonomy":"product_tag","embeddable":true,"href":"https:\/\/pgvape.com\/de\/wp-json\/wp\/v2\/product_tag?post=1650"}],"curies":[{"name":"wp","href":"https:\/\/api.w.org\/{rel}","templated":true}]}}