{"id":1251,"date":"2025-09-27T10:16:42","date_gmt":"2025-09-27T10:16:42","guid":{"rendered":"https:\/\/pgvape.com\/?post_type=product&#038;p=1251"},"modified":"2025-12-15T13:26:20","modified_gmt":"2025-12-15T13:26:20","slug":"randm-tornado-15000-15k-puffs-einweg-vape-mit-led-anzeige-direkt-ab-werk","status":"publish","type":"product","link":"https:\/\/pgvape.com\/de\/produkt\/randm-tornado-15000-15k-puffs-einweg-vape-mit-led-anzeige-direkt-ab-werk\/","title":{"rendered":"RandM Tornado 15000 15K Puffs Einweg-Vape mit LED-Anzeige, direkt ab Werk"},"content":{"rendered":"<div class=\"auto-hide-last-sibling-br paragraph-JOTKXA paragraph-element br-paragraph-space\"><strong data-sourcepos=\"6:5-6:69\">RandM Tornado 15000 Puffs LED-Display Einweg-E-Zigarette<\/strong> liefert eine <strong data-sourcepos=\"6:82-6:112\">Erweitertes Dampferlebnis<\/strong> mit <strong data-sourcepos=\"6:118-6:134\">15.000 Z\u00fcge<\/strong> von a <strong data-sourcepos=\"6:142-6:168\">25 ml E-Liquid-Kapazit\u00e4t<\/strong><span class=\"CustomP_animated_char__m3r9w\">.<\/span><span class=\"CustomP_animated_char__m3r9w\">\u00a0<\/span><span class=\"CustomP_animated_char__m3r9w\">Mit<\/span><span class=\"CustomP_animated_char__m3r9w\">\u00a0<\/span><span class=\"CustomP_animated_char__m3r9w\">A<\/span><span class=\"CustomP_animated_char__m3r9w\">\u00a0<\/span><strong data-sourcepos=\"6:182-6:195\">Mesh-Spule<\/strong> F\u00fcr satten Geschmack und Dampf verf\u00fcgt dieses Ger\u00e4t \u00fcber einen <strong data-sourcepos=\"6:247-6:278\">850-mAh-Akku<\/strong><span class=\"CustomP_animated_char__m3r9w\">\u00a0<\/span><span class=\"CustomP_animated_char__m3r9w\">Und<\/span><span class=\"CustomP_animated_char__m3r9w\">\u00a0<\/span><strong data-sourcepos=\"6:283-6:298\">LED-Anzeige<\/strong> zur Echtzeit\u00fcberwachung. <strong data-sourcepos=\"6:356-6:382\">2% oder 5% Nikotinsalz<\/strong><span class=\"CustomP_animated_char__m3r9w\">\u00a0<\/span><span class=\"CustomP_animated_char__m3r9w\">Optionen<\/span><span class=\"CustomP_animated_char__m3r9w\">\u00a0<\/span><span class=\"CustomP_animated_char__m3r9w\">Und<\/span><span class=\"CustomP_animated_char__m3r9w\">\u00a0<\/span><span class=\"CustomP_animated_char__m3r9w\">w\u00e4hlen<\/span><span class=\"CustomP_animated_char__m3r9w\">\u00a0<\/span><span class=\"CustomP_animated_char__m3r9w\">aus<\/span><span class=\"CustomP_animated_char__m3r9w\">\u00a0<\/span><strong data-sourcepos=\"6:407-6:429\">41 Premium-Geschmacksrichtungen<\/strong>. <strong data-sourcepos=\"6:440-6:469\">10 St\u00fcck pro Displaybox<\/strong><span class=\"CustomP_animated_char__m3r9w\">,<\/span><span class=\"CustomP_animated_char__m3r9w\">\u00a0<\/span><span class=\"CustomP_animated_char__m3r9w\">Es<\/span><span class=\"CustomP_animated_char__m3r9w\">\u2018<\/span><span class=\"CustomP_animated_char__m3r9w\">S<\/span><span class=\"CustomP_animated_char__m3r9w\">\u00a0<\/span><span class=\"CustomP_animated_char__m3r9w\">perfekt<\/span><span class=\"CustomP_animated_char__m3r9w\">\u00a0<\/span><span class=\"CustomP_animated_char__m3r9w\">f\u00fcr<\/span><span class=\"CustomP_animated_char__m3r9w\">\u00a0<\/span><span class=\"CustomP_animated_char__m3r9w\">beide<\/span><span class=\"CustomP_animated_char__m3r9w\">\u00a0<\/span><span class=\"CustomP_animated_char__m3r9w\">pers\u00f6nlich<\/span><span class=\"CustomP_animated_char__m3r9w\">\u00a0<\/span><span class=\"CustomP_animated_char__m3r9w\">verwenden<\/span><span class=\"CustomP_animated_char__m3r9w\">\u00a0<\/span><span class=\"CustomP_animated_char__m3r9w\">Und<\/span><span class=\"CustomP_animated_char__m3r9w\">\u00a0<\/span><span class=\"CustomP_animated_char__m3r9w\">Einzelhandel<\/span><span class=\"CustomP_animated_char__m3r9w\">.<\/span><\/div>\n<p>&nbsp;<\/p>\n<h2><span style=\"font-size: 90%;\">RandM Tornado 15000 | 15K Puffs Einweg-Vape-Produktspezifikation<\/span><\/h2>\n<p><strong data-sourcepos=\"11:3-11:13\">Marke:<\/strong>\u00a0<strong data-sourcepos=\"11:14-11:23\">RandM<\/strong><\/p>\n<p><strong data-sourcepos=\"12:3-12:25\">Nikotinst\u00e4rke:<\/strong>\u00a0<strong data-sourcepos=\"12:26-12:37\">2% \/ 5%<\/strong><span class=\"CustomP_animated_char__m3r9w\">\u00a0<\/span><span class=\"CustomP_animated_char__m3r9w\">(<\/span><span class=\"CustomP_animated_char__m3r9w\">Salz<\/span><span class=\"CustomP_animated_char__m3r9w\">\u00a0<\/span><span class=\"CustomP_animated_char__m3r9w\">Nikotin<\/span><span class=\"CustomP_animated_char__m3r9w\">\u00a0<\/span><span class=\"CustomP_animated_char__m3r9w\">f\u00fcr<\/span><span class=\"CustomP_animated_char__m3r9w\">\u00a0<\/span><span class=\"CustomP_animated_char__m3r9w\">glatt<\/span><span class=\"CustomP_animated_char__m3r9w\">\u00a0<\/span><span class=\"CustomP_animated_char__m3r9w\">oder<\/span><span class=\"CustomP_animated_char__m3r9w\">\u00a0<\/span><span class=\"CustomP_animated_char__m3r9w\">stark<\/span><span class=\"CustomP_animated_char__m3r9w\">\u00a0<\/span><span class=\"CustomP_animated_char__m3r9w\">Treffer<\/span><span class=\"CustomP_animated_char__m3r9w\">)<\/span><\/p>\n<p><strong data-sourcepos=\"13:3-13:25\">E-Liquid-Kapazit\u00e4t:<\/strong>\u00a0<strong data-sourcepos=\"13:26-13:34\">25 ml<\/strong><span class=\"CustomP_animated_char__m3r9w\">\u00a0<\/span><span class=\"CustomP_animated_char__m3r9w\">(<\/span><span class=\"CustomP_animated_char__m3r9w\">Industrie<\/span><span class=\"CustomP_animated_char__m3r9w\">\u2013<\/span><span class=\"CustomP_animated_char__m3r9w\">f\u00fchrend<\/span><span class=\"CustomP_animated_char__m3r9w\">\u00a0<\/span><span class=\"CustomP_animated_char__m3r9w\">Volumen<\/span><span class=\"CustomP_animated_char__m3r9w\">\u00a0<\/span><span class=\"CustomP_animated_char__m3r9w\">f\u00fcr<\/span><span class=\"CustomP_animated_char__m3r9w\">\u00a0<\/span><span class=\"CustomP_animated_char__m3r9w\">weniger<\/span><span class=\"CustomP_animated_char__m3r9w\">\u00a0<\/span><span class=\"CustomP_animated_char__m3r9w\">Nachf\u00fcllungen<\/span><span class=\"CustomP_animated_char__m3r9w\">)<\/span><\/p>\n<p><strong data-sourcepos=\"14:3-14:23\">Spulentechnologie:<\/strong>\u00a0<strong data-sourcepos=\"14:24-14:37\">Mesh-Spule<\/strong><span class=\"CustomP_animated_char__m3r9w\">\u00a0<\/span><span class=\"CustomP_animated_char__m3r9w\">(<\/span><span class=\"CustomP_animated_char__m3r9w\">Erweitert<\/span><span class=\"CustomP_animated_char__m3r9w\">\u00a0<\/span><span class=\"CustomP_animated_char__m3r9w\">Geschmack<\/span><span class=\"CustomP_animated_char__m3r9w\">\u00a0<\/span><span class=\"CustomP_animated_char__m3r9w\">&amp;<\/span><span class=\"CustomP_animated_char__m3r9w\">\u00a0<\/span><span class=\"CustomP_animated_char__m3r9w\">Dampf<\/span><span class=\"CustomP_animated_char__m3r9w\">\u00a0<\/span><span class=\"CustomP_animated_char__m3r9w\">Produktion<\/span><span class=\"CustomP_animated_char__m3r9w\">)<\/span><\/p>\n<p><strong data-sourcepos=\"15:3-15:15\">Batterie:<\/strong>\u00a0<strong data-sourcepos=\"15:16-15:39\">850 mAh wiederaufladbar<\/strong><span class=\"CustomP_animated_char__m3r9w\">\u00a0<\/span><span class=\"CustomP_animated_char__m3r9w\">(<\/span><span class=\"CustomP_animated_char__m3r9w\">Lang<\/span><span class=\"CustomP_animated_char__m3r9w\">\u2013<\/span><span class=\"CustomP_animated_char__m3r9w\">dauerhaft<\/span><span class=\"CustomP_animated_char__m3r9w\">\u00a0<\/span><span class=\"CustomP_animated_char__m3r9w\">Leistung<\/span><span class=\"CustomP_animated_char__m3r9w\">\u00a0<\/span><span class=\"CustomP_animated_char__m3r9w\">mit<\/span><span class=\"CustomP_animated_char__m3r9w\">\u00a0<\/span><span class=\"CustomP_animated_char__m3r9w\">USB<\/span><span class=\"CustomP_animated_char__m3r9w\">\u00a0<\/span><span class=\"CustomP_animated_char__m3r9w\">Aufladen<\/span><span class=\"CustomP_animated_char__m3r9w\">)<\/span><\/p>\n<p><strong data-sourcepos=\"16:3-16:15\">Anzeige:<\/strong>\u00a0<strong data-sourcepos=\"16:16-16:30\">LED-Bildschirm<\/strong><span class=\"CustomP_animated_char__m3r9w\">\u00a0<\/span><span class=\"CustomP_animated_char__m3r9w\">(<\/span><span class=\"CustomP_animated_char__m3r9w\">Real<\/span><span class=\"CustomP_animated_char__m3r9w\">\u2013<\/span><span class=\"CustomP_animated_char__m3r9w\">Zeit<\/span><span class=\"CustomP_animated_char__m3r9w\">\u00a0<\/span><span class=\"CustomP_animated_char__m3r9w\">Verwendung<\/span><span class=\"CustomP_animated_char__m3r9w\">\u00a0<\/span><span class=\"CustomP_animated_char__m3r9w\">Verfolgung<\/span><span class=\"CustomP_animated_char__m3r9w\">)<\/span><\/p>\n<p><strong data-sourcepos=\"17:3-17:17\">Verpackung:<\/strong>\u00a0<strong data-sourcepos=\"17:18-17:39\">10 St\u00fcck\/Displaybox<\/strong><span class=\"CustomP_animated_char__m3r9w\">\u00a0<\/span><span class=\"CustomP_animated_char__m3r9w\">(<\/span><span class=\"CustomP_animated_char__m3r9w\">Einzelhandel<\/span><span class=\"CustomP_animated_char__m3r9w\">\u2013<\/span><span class=\"CustomP_animated_char__m3r9w\">bereit<\/span><span class=\"CustomP_animated_char__m3r9w\">\u00a0<\/span><span class=\"CustomP_animated_char__m3r9w\">Sch\u00fcttgut<\/span><span class=\"CustomP_animated_char__m3r9w\">\u00a0<\/span><span class=\"CustomP_animated_char__m3r9w\">Verpackung<\/span><span class=\"CustomP_animated_char__m3r9w\">)<\/span><\/p>\n<p><strong data-sourcepos=\"18:3-18:22\">Geschmacksoptionen:<\/strong>\u00a0<strong data-sourcepos=\"18:23-18:39\">41 Sorten<\/strong><span class=\"CustomP_animated_char__m3r9w\">\u00a0<\/span><span class=\"CustomP_animated_char__m3r9w\">(<\/span><span class=\"CustomP_animated_char__m3r9w\">Aus<\/span><span class=\"CustomP_animated_char__m3r9w\">\u00a0<\/span><span class=\"CustomP_animated_char__m3r9w\">fruchtig<\/span><span class=\"CustomP_animated_char__m3r9w\">\u00a0<\/span><span class=\"CustomP_animated_char__m3r9w\">Zu<\/span><span class=\"CustomP_animated_char__m3r9w\">\u00a0<\/span><span class=\"CustomP_animated_char__m3r9w\">eisig<\/span><span class=\"CustomP_animated_char__m3r9w\">\u00a0<\/span><span class=\"CustomP_animated_char__m3r9w\">Mischungen<\/span><span class=\"CustomP_animated_char__m3r9w\">)<\/span><\/p>\n<p>&nbsp;<\/p>\n<h3><span style=\"font-size: 90%;\">RandM Tornado 15000 | 15K Puffs Einweg-Vape-Geschmacksliste<\/span><\/h3>\n<p>1. Blue Razz Limonade<\/p>\n<p>2. Pfirsicheis<\/p>\n<p>3. Saurer Apfel<\/p>\n<p>4. Wassermeloneneis<\/p>\n<p>5. Blaubeere auf Eis<\/p>\n<p>6. Blaubeer-Himbeere<\/p>\n<p>7. Ananaseis<\/p>\n<p>8. Kirsche<\/p>\n<p>9. Erdbeereis<\/p>\n<p>10. Vimto<\/p>\n<p>11. Traubeneis<\/p>\n<p>12. Cola-Eis<\/p>\n<p>13. Erdbeer-Wassermelone<\/p>\n<p>14. Rosa Limonade<\/p>\n<p>15. Gemischte Beere<\/p>\n<p>16. Pfirsich-Mango<\/p>\n<p>17. Drachenfrucht<\/p>\n<p>18. Erdbeertraube<\/p>\n<p>19. Herr Blau<\/p>\n<p>20. \u00dcppiges Eis<\/p>\n<p>21. Eis am Stiel<\/p>\n<p>22. Erdbeer-Kiwi<\/p>\n<p>23. Kiwi-Passionsfrucht-Guave<\/p>\n<p>24. Dreifache Beere<\/p>\n<p>25. Bananeneis<\/p>\n<p>26. Pfirsich-Blaubeer-Bonbon<\/p>\n<p>27. Apfel-Pfirsich-Birne<\/p>\n<p>28. Beerenlimonade<\/p>\n<p>29. Blaue Razz-Kirsche<\/p>\n<p>30. Blaubeer-Kaugummi<\/p>\n<p>31. Blaubeer-Kirsch-Cranberry<\/p>\n<p>32. Blaubeer-Granatapfel<\/p>\n<p>33. Bluesour Himbeere<\/p>\n<p>34. Kirsch-Cola<\/p>\n<p>35. Gummib\u00e4rchen<\/p>\n<p>36. Zitrone und Limette<\/p>\n<p>37. Mango auf Eis<\/p>\n<p>38. Rotes Energieeis<\/p>\n<p>39. Erdbeerbanane<\/p>\n<p>40. Erdbeer-Red Bull<\/p>\n<p>41. Erdbeer-Wassermelonen-Limonade<\/p>\n<p>42. Eistee-Zitronen-Eis<\/p>\n<p>43. Eistee-Pfirsicheis<\/p>\n<p>44. Kohlens\u00e4urehaltige Kirsche<\/p>\n<p>45.Kegeln<\/p>\n<p>46.K\u00fchle Minze<\/p>\n<p>47.Pina Colada<\/p>\n<p><img loading=\"lazy\" decoding=\"async\" class=\"alignnone wp-image-1258 size-full\" src=\"https:\/\/pgvape.com\/wp-content\/uploads\/2025\/09\/Pgvape-RandM-Tornad-15k-Puffs-Disposable-Vape-5.png\" alt=\"Werbeplakat f\u00fcr den Einweg-Vaporizer Fumot Tornado 15000 PUFF mit Reihen bunter Ger\u00e4te mit jeweils einer Cartoon-Affenfigur, einem Block mit Produktspezifikationen (15000 Z\u00fcge, 25 ml Fassungsverm\u00f6gen, Nikotinoptionen 0\u20135%, wiederaufladbarer 850-mAh-Akku, 0,9-\u03a9-Mesh-Spule) und einer nummerierten Liste vieler Geschmacksrichtungen wie Blue Razz Lemonade, Peach Ice, Watermelon Ice, Strawberry Watermelon, Blueberry, Mango .\" width=\"1080\" height=\"1080\" srcset=\"https:\/\/pgvape.com\/wp-content\/uploads\/2025\/09\/Pgvape-RandM-Tornad-15k-Puffs-Disposable-Vape-5.png 1080w, https:\/\/pgvape.com\/wp-content\/uploads\/2025\/09\/Pgvape-RandM-Tornad-15k-Puffs-Disposable-Vape-5-360x360.png 360w, https:\/\/pgvape.com\/wp-content\/uploads\/2025\/09\/Pgvape-RandM-Tornad-15k-Puffs-Disposable-Vape-5-595x595.png 595w, https:\/\/pgvape.com\/wp-content\/uploads\/2025\/09\/Pgvape-RandM-Tornad-15k-Puffs-Disposable-Vape-5-400x400.png 400w, https:\/\/pgvape.com\/wp-content\/uploads\/2025\/09\/Pgvape-RandM-Tornad-15k-Puffs-Disposable-Vape-5-768x768.png 768w, https:\/\/pgvape.com\/wp-content\/uploads\/2025\/09\/Pgvape-RandM-Tornad-15k-Puffs-Disposable-Vape-5-12x12.png 12w, https:\/\/pgvape.com\/wp-content\/uploads\/2025\/09\/Pgvape-RandM-Tornad-15k-Puffs-Disposable-Vape-5-300x300.png 300w, https:\/\/pgvape.com\/wp-content\/uploads\/2025\/09\/Pgvape-RandM-Tornad-15k-Puffs-Disposable-Vape-5-600x600.png 600w, https:\/\/pgvape.com\/wp-content\/uploads\/2025\/09\/Pgvape-RandM-Tornad-15k-Puffs-Disposable-Vape-5-100x100.png 100w, https:\/\/pgvape.com\/wp-content\/uploads\/2025\/09\/Pgvape-RandM-Tornad-15k-Puffs-Disposable-Vape-5-40x40.png 40w\" sizes=\"auto, (max-width: 1080px) 100vw, 1080px\" \/><\/p>\n<p>&nbsp;<\/p>\n<h3><span style=\"font-size: 90%;\">RandM Tornado 15000 | 15K Puffs Einweg-Vaporizer <\/span><strong>Video:<br \/>\n<iframe loading=\"lazy\" title=\"RandM Tornado 15000 | 15K Puffs Einweg-Vape | LED-Anzeige | Vape Factory Direct pgvape\" width=\"1020\" height=\"574\" src=\"https:\/\/www.youtube.com\/embed\/9Fr-KmfWr1Q?feature=oembed\" frameborder=\"0\" allow=\"accelerometer; autoplay; clipboard-write; encrypted-media; gyroscope; picture-in-picture; web-share\" referrerpolicy=\"strict-origin-when-cross-origin\" allowfullscreen><\/iframe><br \/>\n<\/strong><\/h3>\n<p>&nbsp;<\/p>\n<h2 class=\"header-vfC6AV auto-hide-last-sibling-br\">FAQs zu RandM Tornado 15000 | 15K Puffs Einweg-Vaporizer<\/h2>\n<p data-sourcepos=\"74:1-75:94\">\u2753 <strong data-sourcepos=\"74:3-74:44\">Wie lange h\u00e4lt der Tornado 15000?<\/strong><br \/>\n\u2705 Mit <strong data-sourcepos=\"75:8-75:24\">15.000 Z\u00fcge<\/strong> Und <strong data-sourcepos=\"75:29-75:46\">25 ml E-Liquid<\/strong>, Es \u00fcbertrifft Standard-Einwegartikel um das 3- bis 5-fache.<\/p>\n<p data-sourcepos=\"77:1-78:105\">\u2753 <strong data-sourcepos=\"77:3-77:48\">Was macht die Dampfqualit\u00e4t au\u00dfergew\u00f6hnlich?<\/strong><br \/>\n\u2705 Die <strong data-sourcepos=\"78:7-78:20\">Mesh-Spule<\/strong> sorgt daf\u00fcr <strong data-sourcepos=\"78:29-78:58\">30% mehr Geschmacksintensit\u00e4t<\/strong> Und <strong data-sourcepos=\"78:63-78:80\">dichtere Wolken<\/strong> im Vergleich zu herk\u00f6mmlichen Spulen.<\/p>\n<p data-sourcepos=\"80:1-81:79\">\u2753 <strong data-sourcepos=\"80:3-80:43\">Kann ich den Batterie-\/E-Liquid-F\u00fcllstand verfolgen?<\/strong><br \/>\n\u2705 Die <strong data-sourcepos=\"81:7-81:22\">LED-Anzeige<\/strong> Zeigt die genaue verbleibende Kapazit\u00e4t an \u2013 kein Raten erforderlich.<\/p>\n<p data-sourcepos=\"83:1-84:77\">\u2753 <strong data-sourcepos=\"83:3-83:51\">Ist es f\u00fcr nikotinempfindliche Benutzer geeignet?<\/strong><br \/>\n\u2705 W\u00e4hlen Sie <strong data-sourcepos=\"84:10-84:16\">2%<\/strong> f\u00fcr ein mildes Erlebnis oder <strong data-sourcepos=\"84:42-84:48\">5%<\/strong> f\u00fcr st\u00e4rkere Zufriedenheit.<\/p>\n<p data-sourcepos=\"86:1-87:81\">\u2753 <strong data-sourcepos=\"86:3-86:42\">Wie viele Ger\u00e4te sind in einem Paket enthalten?<\/strong><br \/>\n\u2705 <strong data-sourcepos=\"87:3-87:31\">10 Einheiten pro Displaybox<\/strong> \u2013 ideal f\u00fcr den Einzelhandel oder zur Bevorratung von Favoriten.<\/p>\n<p data-sourcepos=\"89:1-90:221\">\u2753 <strong data-sourcepos=\"89:3-89:44\">Welche Geschmackskategorien sind verf\u00fcgbar?<\/strong><br \/>\n\u2705 <strong data-sourcepos=\"90:3-90:24\">6 Geschmacksprofile<\/strong>: Fruchtig (z. B., <strong data-sourcepos=\"90:40-90:68\">Kiwi-Passionsfrucht-Guave<\/strong>), Eisig (<strong data-sourcepos=\"90:76-90:94\">Wassermeloneneis<\/strong>), Getr\u00e4nk (<strong data-sourcepos=\"90:107-90:122\">Pina Colada<\/strong>), S\u00fc\u00dfigkeiten (<strong data-sourcepos=\"90:132-90:146\">Gummib\u00e4rchen<\/strong>), Tropisch (<strong data-sourcepos=\"90:159-90:175\">Drachenfrucht<\/strong>) und einzigartige Mischungen (<strong data-sourcepos=\"90:197-90:217\">Blaue Razz-Kirsche<\/strong>).<\/p>\n<p data-sourcepos=\"92:1-93:76\">\u2753 <strong data-sourcepos=\"92:3-92:35\">Ist eine Wartung erforderlich?<\/strong><br \/>\n\u2705 <strong data-sourcepos=\"93:3-93:23\">Keine Wartung<\/strong> \u2013 Einwegdesign mit <strong data-sourcepos=\"93:49-93:73\">Aktivierung der automatischen Auslosung<\/strong>.<\/p>\n<p data-sourcepos=\"95:1-96:77\">\u2753 <strong data-sourcepos=\"95:3-95:40\">Wie schnell l\u00e4dt der Akku?<\/strong><br \/>\n\u2705 Die <strong data-sourcepos=\"96:7-96:25\">850-mAh-Akku<\/strong> vollst\u00e4ndig aufgeladen <strong data-sourcepos=\"96:45-96:60\">~60 Minuten<\/strong> \u00fcber Micro-USB.<\/p>\n<p>&nbsp;<\/p>\n<h3 id=\"brxe-najhln\" class=\"brxe-heading\"><span style=\"font-size: 90%;\">H\u00e4ufig gestellte Fragen (FAQ)<\/span><\/h3>\n<div id=\"brxe-rajiac\" class=\"brxe-text\">\n<p><strong>F: Welche Zahlungsmethoden akzeptieren Sie?<\/strong><br \/>\nA: Wir akzeptieren PayPal, Stripe, Bank\u00fcberweisungen (SEPA unterst\u00fctzt), g\u00e4ngige Kreditkarten (Visa, MasterCard, American Express) und Zahlungen in Kryptow\u00e4hrung.<\/p>\n<p><strong>F: Wie lange dauert die Auftragsvorbereitung?<\/strong><br \/>\nA: Die Auftragsvorbereitung dauert 1-3 Werktage.<\/p>\n<p><strong>F: Wie lange dauert die Lieferung?<\/strong><br \/>\nA: Die Lieferzeit betr\u00e4gt je nach Standort 7\u201314 Werktage.<\/p>\n<p><strong>F: Wie kann ich meine Bestellung verfolgen?<\/strong><br \/>\nA: Nach dem Versand erhalten Sie eine Best\u00e4tigungs-E-Mail mit einer Sendungsverfolgungsnummer zur Echtzeitverfolgung.<\/p>\n<p><strong>F: Wie lauten Ihre R\u00fcckgabebedingungen?<\/strong><br \/>\nA: Wir bieten ein 30-t\u00e4giges R\u00fcckgaberecht f\u00fcr R\u00fcckerstattungen oder Umtausch. .<\/p>\n<p><strong>F: Wird es Zollprobleme geben?<br \/>\n<\/strong>Wir k\u00fcmmern uns um alle Zollabfertigungsverfahren, um Ihnen ein reibungsloses Erlebnis zu gew\u00e4hrleisten. .<\/p>\n<p><strong>F: Welche Versandarten werden verwendet?<\/strong><br \/>\nWir arbeiten mit UPS\/DHL\/FEDEX\/DPD etc. zusammen. Je nach Lieferland w\u00e4hlen wir die passende Versandoption aus, um sicherzustellen, dass Sie Ihre Produkte schnellstm\u00f6glich erhalten.<\/p>\n<p><a href=\"https:\/\/pgvape.com\/de\/faqs\/\">Klicken Sie hier f\u00fcr weitere FAQ<\/a><\/p>\n<p>Liebe Kunden, wenn Sie Fragen zu Ihrer Bestellung oder zum Wareneingang haben, wenden Sie sich bitte an unseren Kundenservice. Vielen Dank!<\/p>\n<h3 data-sourcepos=\"73:1-73:21\"><strong data-sourcepos=\"73:7-73:21\">Kontaktieren Sie uns<\/strong><\/h3>\n<div id=\"text-2419739398\" class=\"text\">\n<p><strong data-sourcepos=\"75:3-75:12\">E-Mail<\/strong>:\u00a0<a href=\"mailto:support@pgvape.com\"><strong>support@pgvape.com<\/strong><\/a><\/p>\n<p><strong data-sourcepos=\"76:3-76:15\">WhatsApp<\/strong>: <a href=\"https:\/\/wa.me\/+8618128481258\"><strong>+86 18128481258<\/strong><\/a><br \/>\n<strong>(Antwort innerhalb von 24 Stunden an Werktagen)<\/strong><\/p>\n<\/div>\n<h3><strong>Vielen Dank, dass Sie sich f\u00fcr pgvape.com entschieden haben! .<\/strong><\/h3>\n<\/div>","protected":false},"excerpt":{"rendered":"<p><strong data-sourcepos=\"101:5-101:28\">RandM Tornado 15000<\/strong> setzt die Messlatte mit <strong data-sourcepos=\"101:47-101:63\">15.000 Z\u00fcge<\/strong>, <strong data-sourcepos=\"101:65-101:82\">25 ml Fassungsverm\u00f6gen<\/strong>, Und <strong data-sourcepos=\"101:88-101:112\">Mesh-Coil-Technologie<\/strong>. <strong data-sourcepos=\"101:118-101:133\">LED-Anzeige<\/strong> Und <strong data-sourcepos=\"101:138-101:164\">2%\/5% Nikotinoptionen<\/strong> richten sich an alle Dampfer, w\u00e4hrend <strong data-sourcepos=\"101:192-101:206\">41 Geschmacksrichtungen<\/strong> Und <strong data-sourcepos=\"101:211-101:237\">Einzelhandelsfertige Verpackung<\/strong> Machen Sie es zu einem kommerziellen Highlight.<\/p>","protected":false},"featured_media":1271,"comment_status":"open","ping_status":"closed","template":"","meta":{"_seopress_robots_primary_cat":"none","_seopress_titles_title":"%%post_title%% %%sep%% %%sitetitle%%","_seopress_titles_desc":"","_seopress_robots_index":""},"product_brand":[516,162],"product_cat":[113,515,26],"product_tag":[115,116,117,118,108,79,490,59,114,109],"class_list":{"0":"post-1251","1":"product","2":"type-product","3":"status-publish","4":"has-post-thumbnail","6":"product_brand-disposable-vape","7":"product_brand-fumot-vape","8":"product_cat-15k-puffs-vape","9":"product_cat-disposable-vape","10":"product_cat-fumot-vape","11":"product_tag-115","12":"product_tag-15k-puffs","13":"product_tag-15k-vape","14":"product_tag-2-5-nicotine","15":"product_tag-disposable","16":"product_tag-led-display","17":"product_tag-minimum-2-pieces","18":"product_tag-mouth-to-lung-mtl","19":"product_tag-randm-tornado","20":"product_tag-vape","22":"first","23":"instock","24":"sale","25":"shipping-taxable","26":"purchasable","27":"product-type-variable"},"_links":{"self":[{"href":"https:\/\/pgvape.com\/de\/wp-json\/wp\/v2\/product\/1251","targetHints":{"allow":["GET"]}}],"collection":[{"href":"https:\/\/pgvape.com\/de\/wp-json\/wp\/v2\/product"}],"about":[{"href":"https:\/\/pgvape.com\/de\/wp-json\/wp\/v2\/types\/product"}],"replies":[{"embeddable":true,"href":"https:\/\/pgvape.com\/de\/wp-json\/wp\/v2\/comments?post=1251"}],"wp:featuredmedia":[{"embeddable":true,"href":"https:\/\/pgvape.com\/de\/wp-json\/wp\/v2\/media\/1271"}],"wp:attachment":[{"href":"https:\/\/pgvape.com\/de\/wp-json\/wp\/v2\/media?parent=1251"}],"wp:term":[{"taxonomy":"product_brand","embeddable":true,"href":"https:\/\/pgvape.com\/de\/wp-json\/wp\/v2\/product_brand?post=1251"},{"taxonomy":"product_cat","embeddable":true,"href":"https:\/\/pgvape.com\/de\/wp-json\/wp\/v2\/product_cat?post=1251"},{"taxonomy":"product_tag","embeddable":true,"href":"https:\/\/pgvape.com\/de\/wp-json\/wp\/v2\/product_tag?post=1251"}],"curies":[{"name":"wp","href":"https:\/\/api.w.org\/{rel}","templated":true}]}}