{"id":1155,"date":"2025-09-27T07:42:46","date_gmt":"2025-09-27T07:42:46","guid":{"rendered":"https:\/\/pgvape.com\/?post_type=product&#038;p=1155"},"modified":"2026-01-27T09:27:43","modified_gmt":"2026-01-27T09:27:43","slug":"fumot-leopard-40000-40-000-puffs-einweg-vape-rgb-licht-digitalanzeige-2-5-nikotin-16-geschmacksrichtungen-mit-vape-direkt-ab-werk","status":"publish","type":"product","link":"https:\/\/pgvape.com\/de\/produkt\/fumot-leopard-40000-40-000-puffs-einweg-vape-rgb-licht-digitalanzeige-2-5-nikotin-16-geschmacksrichtungen-mit-vape-direkt-ab-werk\/","title":{"rendered":"Fumot Leopard 40000 | 40K Puffs Einweg-Vape | RGB-Licht-Digitalanzeige | 2% 5% Nikotin | 16 Geschmacksrichtungen mit | Vape Factory Direct"},"content":{"rendered":"<div class=\"auto-hide-last-sibling-br paragraph-JOTKXA paragraph-element br-paragraph-space\"><strong data-sourcepos=\"6:5-6:54\">RandM Fumot Leopard 40K Puffs Einweg-Vaporizer<\/strong> definiert langanhaltendes Dampfen neu <strong data-sourcepos=\"6:90-6:112\">bis zu 40.000 Z\u00fcge<\/strong><span class=\"CustomP_animated_char__m3r9w\">\u00a0<\/span><span class=\"CustomP_animated_char__m3r9w\">angetrieben<\/span><span class=\"CustomP_animated_char__m3r9w\">\u00a0<\/span><span class=\"CustomP_animated_char__m3r9w\">von<\/span><span class=\"CustomP_animated_char__m3r9w\">\u00a0<\/span><strong data-sourcepos=\"6:124-6:143\">Dual-Mesh-Spulen<\/strong> f\u00fcr ultra-sanften Geschmack. <strong data-sourcepos=\"6:173-6:209\">transparentes Leopardenmuster<\/strong> verf\u00fcgt \u00fcber eine <strong data-sourcepos=\"6:222-6:239\">LED-Anzeige<\/strong><span class=\"CustomP_animated_char__m3r9w\">\u00a0<\/span><span class=\"CustomP_animated_char__m3r9w\">Und<\/span><span class=\"CustomP_animated_char__m3r9w\">\u00a0<\/span><strong data-sourcepos=\"6:244-6:267\">RGB-Rotationslichter<\/strong><span class=\"CustomP_animated_char__m3r9w\">\u00a0<\/span><span class=\"CustomP_animated_char__m3r9w\">f\u00fcr<\/span><span class=\"CustomP_animated_char__m3r9w\">\u00a0<\/span><span class=\"CustomP_animated_char__m3r9w\">atemberaubend<\/span><span class=\"CustomP_animated_char__m3r9w\">\u00a0<\/span><span class=\"CustomP_animated_char__m3r9w\">Visuals<\/span><span class=\"CustomP_animated_char__m3r9w\">,<\/span><span class=\"CustomP_animated_char__m3r9w\">\u00a0<\/span><span class=\"CustomP_animated_char__m3r9w\">w\u00e4hrend<\/span><span class=\"CustomP_animated_char__m3r9w\">\u00a0<\/span><span class=\"CustomP_animated_char__m3r9w\">Die<\/span><span class=\"CustomP_animated_char__m3r9w\">\u00a0<\/span><strong data-sourcepos=\"6:300-6:319\">Digitalanzeige<\/strong> Verfolgt den E-Liquid- und Batteriestand in Echtzeit. <strong data-sourcepos=\"6:376-6:407\">750-mAh-Akku<\/strong><span class=\"CustomP_animated_char__m3r9w\">,<\/span><span class=\"CustomP_animated_char__m3r9w\">\u00a0<\/span><strong data-sourcepos=\"6:409-6:428\">Laden vom Typ C<\/strong><span class=\"CustomP_animated_char__m3r9w\">,<\/span><span class=\"CustomP_animated_char__m3r9w\">\u00a0<\/span><span class=\"CustomP_animated_char__m3r9w\">Und<\/span><span class=\"CustomP_animated_char__m3r9w\">\u00a0<\/span><strong data-sourcepos=\"6:434-6:455\">16 Geschmacksoptionen<\/strong> bei <strong data-sourcepos=\"6:459-6:490\">2%\/3%\/5% Nikotinst\u00e4rken<\/strong><span class=\"CustomP_animated_char__m3r9w\">,<\/span><span class=\"CustomP_animated_char__m3r9w\">\u00a0<\/span><span class=\"CustomP_animated_char__m3r9w\">Es<\/span><span class=\"CustomP_animated_char__m3r9w\">\u2018<\/span><span class=\"CustomP_animated_char__m3r9w\">S<\/span><span class=\"CustomP_animated_char__m3r9w\">\u00a0<\/span><span class=\"CustomP_animated_char__m3r9w\">Die<\/span><span class=\"CustomP_animated_char__m3r9w\">\u00a0<\/span><span class=\"CustomP_animated_char__m3r9w\">perfekt<\/span><span class=\"CustomP_animated_char__m3r9w\">\u00a0<\/span><span class=\"CustomP_animated_char__m3r9w\">Mischung<\/span><span class=\"CustomP_animated_char__m3r9w\">\u00a0<\/span><span class=\"CustomP_animated_char__m3r9w\">von<\/span><span class=\"CustomP_animated_char__m3r9w\">\u00a0<\/span><span class=\"CustomP_animated_char__m3r9w\">Leistung<\/span><span class=\"CustomP_animated_char__m3r9w\">\u00a0<\/span><span class=\"CustomP_animated_char__m3r9w\">Und<\/span><span class=\"CustomP_animated_char__m3r9w\">\u00a0<\/span><span class=\"CustomP_animated_char__m3r9w\">Stil<\/span><span class=\"CustomP_animated_char__m3r9w\">.<\/span><\/div>\n<p>&nbsp;<\/p>\n<h2><span style=\"font-size: 90%;\">Fumot Leopard 40000 | 40K Puffs Einweg-Vape-Produktspezifikation<\/span><\/h2>\n<p><strong data-sourcepos=\"11:3-11:25\">Nikotinst\u00e4rke:<\/strong>\u00a0<strong data-sourcepos=\"11:26-11:42\">2% \/ 3% \/ 5%<\/strong>\u00a0(Anpassbare Intensit\u00e4t des Kehlkopfschlags)<\/p>\n<p><strong data-sourcepos=\"12:3-12:18\">Puffanzahl:<\/strong>\u00a0<strong data-sourcepos=\"12:19-12:35\">40.000 Z\u00fcge<\/strong>\u00a0(Branchenf\u00fchrende Langlebigkeit)<\/p>\n<p><strong data-sourcepos=\"13:3-13:24\">Batteriekapazit\u00e4t:<\/strong>\u00a0<strong data-sourcepos=\"13:25-13:48\">750 mAh wiederaufladbar<\/strong>\u00a0(Verl\u00e4ngerter t\u00e4glicher Gebrauch)<\/p>\n<p><strong data-sourcepos=\"14:3-14:23\">Spulentechnologie:<\/strong>\u00a0<strong data-sourcepos=\"14:24-14:42\">Dual-Mesh-Spule<\/strong>\u00a0(Schnelleres Erhitzen, reicherer Geschmack)<\/p>\n<p><strong data-sourcepos=\"15:3-15:16\">Aufladen:<\/strong>\u00a0<strong data-sourcepos=\"15:17-15:32\">Typ-C-Anschluss<\/strong>\u00a0(Schnelle und universelle Kompatibilit\u00e4t)<\/p>\n<p><strong data-sourcepos=\"16:3-16:23\">Visuelle Merkmale:<\/strong><\/p>\n<p><strong data-sourcepos=\"17:5-17:35\">RGB-rotierende Lichteffekte<\/strong>\u00a0(Dynamisches Ambiente)<\/p>\n<p><strong data-sourcepos=\"18:5-18:29\">Digitale R\u00f6hrenanzeige<\/strong>\u00a0(Echtzeit-\u00d6l-\/Leistungs\u00fcberwachung)<\/p>\n<p><strong data-sourcepos=\"19:3-19:17\">Verpackung:<\/strong>\u00a0<strong data-sourcepos=\"19:18-19:33\">10 St\u00fcck\/Packung<\/strong>\u00a0(Gro\u00dfmengenfreundlich f\u00fcr Wiederverk\u00e4ufer)<\/p>\n<p><strong data-sourcepos=\"20:3-20:22\">Geschmacksoptionen:<\/strong>\u00a0<strong data-sourcepos=\"20:23-20:48\">16 verschiedene Sorten<\/strong><\/p>\n<p>&nbsp;<\/p>\n<h3><span style=\"font-size: 90%;\">Fumot Leopard 40000 | 40K Puffs Einweg-Vape-Geschmacksliste<\/span><\/h3>\n<p>1. Gemischte Beeren<\/p>\n<p>2. Blaubeer-Himbeere<\/p>\n<p>3.Erdbeer-Wassermelone<\/p>\n<p>4. Erdbeereis<\/p>\n<p>5. Kirscheis<\/p>\n<p>6. Wassermeloneneis<\/p>\n<p>7.Kiwi-Passionsfrucht-Guave<\/p>\n<p>8. Dr. Blue<\/p>\n<p>9. Blaubeere auf Eis<\/p>\n<p>10.Pfirsichbeere<\/p>\n<p>11.Rosa Limonade<\/p>\n<p>12.Erdbeerbanane<\/p>\n<p>13. Wassermelonen-Kaugummi<\/p>\n<p>14.Pfirsich-Mango-Ananas<\/p>\n<p>15. Schwarzes Dracheneis<\/p>\n<p>16. Blaubeer-Kirsch-Cranberry<\/p>\n<p><img loading=\"lazy\" decoding=\"async\" class=\"alignnone wp-image-1160 size-full\" src=\"https:\/\/pgvape.com\/wp-content\/uploads\/2025\/09\/Pgvape-Fumot-Leopard-40000-40K-Puffs-Disposable-Vape-Dual-Mesh-CoilFactory-Direct-3-scaled.png\" alt=\"Produktblatt mit 16 farbenfrohen FUMOT Leopard 40k-Einweg-Vape-Ger\u00e4ten mit neonfarbenem Leoparden-Motiv und Geschmacksetiketten, angeordnet in einem Vier-mal-Vier-Raster, mit einer Kopfzeile mit den technischen Daten: 700-mAh-Akkukapazit\u00e4t, Dual-Mesh-Kern, 40.000 Z\u00fcge und Typ-C-Aufladung.\" width=\"1642\" height=\"2560\" srcset=\"https:\/\/pgvape.com\/wp-content\/uploads\/2025\/09\/Pgvape-Fumot-Leopard-40000-40K-Puffs-Disposable-Vape-Dual-Mesh-CoilFactory-Direct-3-scaled.png 1642w, https:\/\/pgvape.com\/wp-content\/uploads\/2025\/09\/Pgvape-Fumot-Leopard-40000-40K-Puffs-Disposable-Vape-Dual-Mesh-CoilFactory-Direct-3-231x360.png 231w, https:\/\/pgvape.com\/wp-content\/uploads\/2025\/09\/Pgvape-Fumot-Leopard-40000-40K-Puffs-Disposable-Vape-Dual-Mesh-CoilFactory-Direct-3-595x928.png 595w, https:\/\/pgvape.com\/wp-content\/uploads\/2025\/09\/Pgvape-Fumot-Leopard-40000-40K-Puffs-Disposable-Vape-Dual-Mesh-CoilFactory-Direct-3-257x400.png 257w, https:\/\/pgvape.com\/wp-content\/uploads\/2025\/09\/Pgvape-Fumot-Leopard-40000-40K-Puffs-Disposable-Vape-Dual-Mesh-CoilFactory-Direct-3-768x1197.png 768w, https:\/\/pgvape.com\/wp-content\/uploads\/2025\/09\/Pgvape-Fumot-Leopard-40000-40K-Puffs-Disposable-Vape-Dual-Mesh-CoilFactory-Direct-3-985x1536.png 985w, https:\/\/pgvape.com\/wp-content\/uploads\/2025\/09\/Pgvape-Fumot-Leopard-40000-40K-Puffs-Disposable-Vape-Dual-Mesh-CoilFactory-Direct-3-1314x2048.png 1314w, https:\/\/pgvape.com\/wp-content\/uploads\/2025\/09\/Pgvape-Fumot-Leopard-40000-40K-Puffs-Disposable-Vape-Dual-Mesh-CoilFactory-Direct-3-8x12.png 8w, https:\/\/pgvape.com\/wp-content\/uploads\/2025\/09\/Pgvape-Fumot-Leopard-40000-40K-Puffs-Disposable-Vape-Dual-Mesh-CoilFactory-Direct-3-600x935.png 600w, https:\/\/pgvape.com\/wp-content\/uploads\/2025\/09\/Pgvape-Fumot-Leopard-40000-40K-Puffs-Disposable-Vape-Dual-Mesh-CoilFactory-Direct-3-26x40.png 26w\" sizes=\"auto, (max-width: 1642px) 100vw, 1642px\" \/><\/p>\n<p>&nbsp;<\/p>\n<h3><span style=\"font-size: 90%;\">Fumot Leopard 40000 | 40K Puffs Einweg-Vaporizer <\/span><strong>Video:<br \/>\n<\/strong><\/h3>\n<p><iframe loading=\"lazy\" title=\"Fumot Leopard 40K Puffs Einweg-Vape | RGB-Licht-Digitalanzeige | Vape Factory Direct pgvape\" width=\"1020\" height=\"574\" src=\"https:\/\/www.youtube.com\/embed\/yxuv8K7_08M?feature=oembed\" frameborder=\"0\" allow=\"accelerometer; autoplay; clipboard-write; encrypted-media; gyroscope; picture-in-picture; web-share\" referrerpolicy=\"strict-origin-when-cross-origin\" allowfullscreen><\/iframe><\/p>\n<p>&nbsp;<\/p>\n<h2><span style=\"font-size: 90%;\">H\u00e4ufig gestellte Fragen zu Fumot Leopard 40000 | 40K Puffs Einweg-Vaporizer<\/span><\/h2>\n<p data-sourcepos=\"45:1-46:85\">\u2753 <strong data-sourcepos=\"45:3-45:46\">Warum diesen Vape f\u00fcr den Langzeitgebrauch w\u00e4hlen?<\/strong><br \/>\n\u2705 <strong data-sourcepos=\"46:3-46:19\">40.000 Z\u00fcge<\/strong> Reduzieren Sie den Austausch \u2013 das entspricht wochenlangem ununterbrochenem Dampfen.<\/p>\n<p data-sourcepos=\"48:1-49:78\">\u2753 <strong data-sourcepos=\"48:3-48:40\">Wie verbessert die Spule den Geschmack?<\/strong><br \/>\n\u2705 <strong data-sourcepos=\"49:3-49:22\">Dual-Mesh-Spulen<\/strong> gleichm\u00e4\u00dfig erhitzen <strong data-sourcepos=\"49:39-49:55\">kr\u00e4ftigerer Geschmack<\/strong> Und <strong data-sourcepos=\"49:60-49:75\">seidiger Dampf<\/strong>.<\/p>\n<p data-sourcepos=\"51:1-52:86\">\u2753 <strong data-sourcepos=\"51:3-51:34\">Kann ich die Nutzung einfach \u00fcberwachen?<\/strong><br \/>\n\u2705 Die <strong data-sourcepos=\"52:7-52:31\">digitale R\u00f6hrenanzeige<\/strong> zeigt genau <strong data-sourcepos=\"52:44-52:71\">E-Liquid-\/Batteriestand<\/strong> auf einen Blick.<\/p>\n<p data-sourcepos=\"54:1-55:80\">\u2753 <strong data-sourcepos=\"54:3-54:36\">Was macht sein Design einzigartig?<\/strong><br \/>\n\u2705 <strong data-sourcepos=\"55:3-55:45\">Transparentes Leopardenmuster + RGB-Lichter<\/strong> Schaffen Sie eine umwerfende \u00c4sthetik.<\/p>\n<p data-sourcepos=\"57:1-58:85\">\u2753 <strong data-sourcepos=\"57:3-57:35\">Welche Nikotinoptionen gibt es?<br \/>\n<\/strong> \u2705 W\u00e4hlen Sie <strong data-sourcepos=\"58:10-58:24\">2% (leicht)<\/strong>, <strong data-sourcepos=\"58:26-58:43\">3% (ausgeglichen)<\/strong>, oder <strong data-sourcepos=\"58:48-58:63\">5% (stark)<\/strong> f\u00fcr deinen idealen Hit.<\/p>\n<p data-sourcepos=\"60:1-61:96\">\u2753 <strong data-sourcepos=\"60:3-60:27\">Sind die Geschmacksrichtungen vielf\u00e4ltig?<\/strong><br \/>\n\u2705 <strong data-sourcepos=\"61:3-61:17\">16 Optionen<\/strong> reichen von Fr\u00fcchten \u00fcber eisige Mischungen bis hin zu exotischen Mischungen <strong data-sourcepos=\"61:65-61:93\">Kiwi-Passionsfrucht-Guave<\/strong>.<\/p>\n<p data-sourcepos=\"63:1-64:75\">\u2753 <strong data-sourcepos=\"63:3-63:33\">Wie schnell l\u00e4dt es sich auf?<\/strong><br \/>\n\u2705 <strong data-sourcepos=\"64:3-64:22\">Laden vom Typ C<\/strong> tankt die <strong data-sourcepos=\"64:35-64:53\">750-mAh-Akku<\/strong> schnell und sicher.<\/p>\n<p data-sourcepos=\"66:1-67:69\">\u2753 <strong data-sourcepos=\"66:3-66:34\">Ist ein Gro\u00dfeinkauf m\u00f6glich?<br \/>\n<\/strong> \u2705 Ja! <strong data-sourcepos=\"67:8-67:31\">10 Ger\u00e4te pro Packung<\/strong> richten sich an Einzelh\u00e4ndler und Vielnutzer.<\/p>\n<p>&nbsp;<\/p>\n<h3 id=\"brxe-najhln\" class=\"brxe-heading\"><span style=\"font-size: 90%;\">H\u00e4ufig gestellte Fragen (FAQ)<\/span><\/h3>\n<div id=\"brxe-rajiac\" class=\"brxe-text\">\n<p><strong>F: Welche Zahlungsmethoden akzeptieren Sie?<\/strong><br \/>\nA: Wir akzeptieren PayPal, Stripe, Bank\u00fcberweisungen (SEPA unterst\u00fctzt), g\u00e4ngige Kreditkarten (Visa, MasterCard, American Express) und Zahlungen in Kryptow\u00e4hrung.<\/p>\n<p><strong>F: Wie lange dauert die Auftragsvorbereitung?<\/strong><br \/>\nA: Die Auftragsvorbereitung dauert 1-3 Werktage.<\/p>\n<p><strong>F: Wie lange dauert die Lieferung?<\/strong><br \/>\nA: Die Lieferzeit betr\u00e4gt je nach Standort 7\u201314 Werktage.<\/p>\n<p><strong>F: Wie kann ich meine Bestellung verfolgen?<\/strong><br \/>\nA: Nach dem Versand erhalten Sie eine Best\u00e4tigungs-E-Mail mit einer Sendungsverfolgungsnummer zur Echtzeitverfolgung.<\/p>\n<p><strong>F: Wie lauten Ihre R\u00fcckgabebedingungen?<\/strong><br \/>\nA: Wir bieten ein 30-t\u00e4giges R\u00fcckgaberecht f\u00fcr R\u00fcckerstattungen oder Umtausch. .<\/p>\n<p><strong>F: Wird es Zollprobleme geben?<br \/>\n<\/strong>Wir k\u00fcmmern uns um alle Zollabfertigungsverfahren, um Ihnen ein reibungsloses Erlebnis zu gew\u00e4hrleisten. .<\/p>\n<p><strong>F: Welche Versandarten werden verwendet?<\/strong><br \/>\nWir arbeiten mit UPS\/DHL\/FEDEX\/DPD etc. zusammen. Je nach Lieferland w\u00e4hlen wir die passende Versandoption aus, um sicherzustellen, dass Sie Ihre Produkte schnellstm\u00f6glich erhalten.<\/p>\n<p><a href=\"https:\/\/pgvape.com\/de\/faqs\/\">Klicken Sie hier f\u00fcr weitere FAQ<\/a><\/p>\n<p>Liebe Kunden, wenn Sie Fragen zu Ihrer Bestellung oder zum Wareneingang haben, wenden Sie sich bitte an unseren Kundenservice. Vielen Dank!<\/p>\n<h3 data-sourcepos=\"73:1-73:21\"><strong data-sourcepos=\"73:7-73:21\">Kontaktieren Sie uns<\/strong><\/h3>\n<div id=\"text-2419739398\" class=\"text\">\n<p><strong data-sourcepos=\"75:3-75:12\">E-Mail<\/strong>:\u00a0<a href=\"mailto:support@pgvape.com\"><strong>support@pgvape.com<\/strong><\/a><\/p>\n<p><strong data-sourcepos=\"76:3-76:15\">WhatsApp<\/strong>: <a href=\"https:\/\/wa.me\/+8618128481258\"><strong>+86 18128481258<\/strong><\/a><br \/>\n<strong>(Antwort innerhalb von 24 Stunden an Werktagen)<\/strong><\/p>\n<\/div>\n<h3><strong>Vielen Dank, dass Sie sich f\u00fcr pgvape.com entschieden haben! .<\/strong><\/h3>\n<\/div>","protected":false},"excerpt":{"rendered":"<p>Mit <strong data-sourcepos=\"72:6-72:22\">40.000 Z\u00fcge<\/strong>, <strong data-sourcepos=\"72:24-72:43\">Dual-Mesh-Spulen<\/strong>, und a <strong data-sourcepos=\"72:51-72:69\">750-mAh-Akku<\/strong>, Die <strong data-sourcepos=\"72:75-72:98\">RandM Fumot Leopard<\/strong> dominiert die Langlebigkeit. <strong data-sourcepos=\"72:124-72:154\">transparentes RGB-beleuchtetes Design<\/strong> Und <strong data-sourcepos=\"72:159-72:178\">Digitalanzeige<\/strong> Stil mit Funktionalit\u00e4t verbinden, w\u00e4hrend **16 Stil mit Funktionalit\u00e4t, w\u00e4hrend <strong data-sourcepos=\"72:254-72:268\">16 Geschmacksrichtungen<\/strong> Und <strong data-sourcepos=\"72:273-72:297\">3 Nikotinst\u00e4rken<\/strong> bieten un\u00fcbertroffene Anpassungsm\u00f6glichkeiten. .<\/p>","protected":false},"featured_media":1177,"comment_status":"open","ping_status":"closed","template":"","meta":{"_seopress_robots_primary_cat":"none","_seopress_titles_title":"%%post_title%% %%sep%% %%sitetitle%%","_seopress_titles_desc":"","_seopress_robots_index":""},"product_brand":[516,162],"product_cat":[103,515,26],"product_tag":[112,106,107,111,108,105,110,109],"class_list":{"0":"post-1155","1":"product","2":"type-product","3":"status-publish","4":"has-post-thumbnail","6":"product_brand-disposable-vape","7":"product_brand-fumot-vape","8":"product_cat-40k-puffs-vape","9":"product_cat-disposable-vape","10":"product_cat-fumot-vape","11":"product_tag-16-flavors","12":"product_tag-40k-puffs","13":"product_tag-40k-vape","14":"product_tag-digital-display","15":"product_tag-disposable","16":"product_tag-fumot-leopard","17":"product_tag-rgb-lights","18":"product_tag-vape","20":"first","21":"instock","22":"sale","23":"shipping-taxable","24":"purchasable","25":"product-type-variable"},"_links":{"self":[{"href":"https:\/\/pgvape.com\/de\/wp-json\/wp\/v2\/product\/1155","targetHints":{"allow":["GET"]}}],"collection":[{"href":"https:\/\/pgvape.com\/de\/wp-json\/wp\/v2\/product"}],"about":[{"href":"https:\/\/pgvape.com\/de\/wp-json\/wp\/v2\/types\/product"}],"replies":[{"embeddable":true,"href":"https:\/\/pgvape.com\/de\/wp-json\/wp\/v2\/comments?post=1155"}],"wp:featuredmedia":[{"embeddable":true,"href":"https:\/\/pgvape.com\/de\/wp-json\/wp\/v2\/media\/1177"}],"wp:attachment":[{"href":"https:\/\/pgvape.com\/de\/wp-json\/wp\/v2\/media?parent=1155"}],"wp:term":[{"taxonomy":"product_brand","embeddable":true,"href":"https:\/\/pgvape.com\/de\/wp-json\/wp\/v2\/product_brand?post=1155"},{"taxonomy":"product_cat","embeddable":true,"href":"https:\/\/pgvape.com\/de\/wp-json\/wp\/v2\/product_cat?post=1155"},{"taxonomy":"product_tag","embeddable":true,"href":"https:\/\/pgvape.com\/de\/wp-json\/wp\/v2\/product_tag?post=1155"}],"curies":[{"name":"wp","href":"https:\/\/api.w.org\/{rel}","templated":true}]}}