{"id":10253,"date":"2026-04-29T13:00:29","date_gmt":"2026-04-29T13:00:29","guid":{"rendered":"https:\/\/pgvape.com\/?post_type=product&#038;p=10253"},"modified":"2026-04-29T13:00:29","modified_gmt":"2026-04-29T13:00:29","slug":"qq-bang-120k-einweg-vaporizer-mit-120-000-zugen-schnellladung-und-led-anzeige","status":"publish","type":"product","link":"https:\/\/pgvape.com\/de\/produkt\/qq-bang-120k-einweg-vaporizer-mit-120-000-zugen-schnellladung-und-led-anzeige\/","title":{"rendered":"QQ Bang 120K Einweg-Vaporizer mit 120.000 Z\u00fcgen, Schnellladung und LED-Anzeige"},"content":{"rendered":"<h2 data-start=\"0\" data-end=\"76\"><strong data-start=\"3\" data-end=\"76\">QQ Bang 120K Einweg-Vape | Intelligentes tragbares Hochleistungsger\u00e4t<\/strong><\/h2>\n<p data-start=\"78\" data-end=\"301\">Der QQ Bang 120K Einweg-Vaporizer wurde f\u00fcr Benutzer entwickelt, die Wert auf Tragbarkeit, zuverl\u00e4ssige Leistung und modernen Komfort legen und ein reibungsloses und zufriedenstellendes Dampferlebnis in einem kompakten Ger\u00e4t bieten.<\/p>\n<p data-start=\"303\" data-end=\"530\">Ausgestattet mit einem Single-Flavor-System und einem 1.0\u03a9-Heizdraht sorgt es f\u00fcr reinen Geschmack, ausgewogenen Throat Hit und eine stabile Dampfleistung. Mit mehreren Nikotinst\u00e4rkeoptionen und 12 beliebten Geschmacksrichtungen deckt es ein breites Spektrum an Vorlieben ab.<\/p>\n<p data-start=\"532\" data-end=\"764\">Angetrieben von einem wiederaufladbaren 650-mAh-Akku mit Typ-C-Schnellladung gew\u00e4hrleistet dieses Ger\u00e4t eine effiziente t\u00e4gliche Nutzung und bequemes Aufladen. Das integrierte LED-Display bietet eine Batterie\u00fcberwachung in Echtzeit f\u00fcr zus\u00e4tzliche Kontrolle und Benutzerfreundlichkeit.<\/p>\n<p data-start=\"766\" data-end=\"858\" data-is-last-node=\"\" data-is-only-node=\"\">Eine ideale Wahl f\u00fcr Benutzer, die Stil, Funktionalit\u00e4t und zuverl\u00e4ssige Alltagsleistung suchen.<\/p>\n<p>&nbsp;<\/p>\n<h3 id=\"brxe-najhln\" class=\"brxe-heading\"><\/h3>\n<p data-start=\"766\" data-end=\"858\" data-is-last-node=\"\" data-is-only-node=\"\">\n<h2 data-start=\"766\" data-end=\"858\"><strong>QQ Bang 120K Puffs Einweg-Vaporizer <\/strong><strong>Produkt-Highlights<\/strong><\/h2>\n<p data-start=\"58\" data-end=\"170\"><strong data-start=\"58\" data-end=\"81\">Bis zu 120.000 Z\u00fcge<\/strong> \u2013 Langanhaltende Leistung f\u00fcr zuverl\u00e4ssiges t\u00e4gliches Dampfen mit weniger Austauschen.<\/p>\n<p data-start=\"172\" data-end=\"293\"><strong data-start=\"172\" data-end=\"201\">Mehrere Nikotinoptionen<\/strong> \u2013 Verf\u00fcgbar in <strong data-start=\"217\" data-end=\"235\">2%, 3% und 5%<\/strong> f\u00fcr flexible Zufriedenheit basierend auf pers\u00f6nlichen Vorlieben.<\/p>\n<p data-start=\"295\" data-end=\"384\"><strong data-start=\"295\" data-end=\"319\">Einzelgeschmackssystem<\/strong> \u2013 Reine und gleichm\u00e4\u00dfige Geschmacksabgabe vom ersten bis zum letzten Zug.<\/p>\n<p data-start=\"386\" data-end=\"500\"><strong data-start=\"386\" data-end=\"418\">1.0\u03a9-Heizdrahttechnologie<\/strong> \u2013 Sanfte Dampfproduktion, ausgewogener Throat Hit und stabile Gesamtleistung.<\/p>\n<p data-start=\"502\" data-end=\"598\"><strong data-start=\"502\" data-end=\"533\">650-mAh-Akku<\/strong> \u2013 Zuverl\u00e4ssiger eingebauter Akku unterst\u00fctzt l\u00e4ngere Dampfsitzungen.<\/p>\n<p data-start=\"600\" data-end=\"703\"><strong data-start=\"600\" data-end=\"624\">Typ-C-Schnellladung<\/strong> \u2013 Schnelles und effizientes Laden f\u00fcr k\u00fcrzere Ausfallzeiten und mehr Komfort.<\/p>\n<p data-start=\"705\" data-end=\"801\"><strong data-start=\"705\" data-end=\"727\">LED-Anzeigebildschirm<\/strong> \u2013 Batterie\u00fcberwachung in Echtzeit f\u00fcr bessere Kontrolle und Benutzerfreundlichkeit.<\/p>\n<p data-start=\"803\" data-end=\"893\"><strong data-start=\"803\" data-end=\"832\">Kompaktes und tragbares Design<\/strong> \u2013 Leicht und einfach zu transportieren f\u00fcr den t\u00e4glichen Gebrauch \u00fcberall.<\/p>\n<p data-start=\"895\" data-end=\"980\"><strong data-start=\"895\" data-end=\"916\">12 Geschmacksoptionen<\/strong> \u2013 Gro\u00dfe Auswahl beliebter Geschmacksrichtungen f\u00fcr unterschiedliche Geschm\u00e4cker.<\/p>\n<p data-start=\"982\" data-end=\"1098\"><strong data-start=\"982\" data-end=\"1012\">Reibungslose und konsistente Ausgabe<\/strong> \u2013 Das optimierte Heizsystem sorgt f\u00fcr zufriedenstellende Z\u00fcge w\u00e4hrend der gesamten Lebensdauer des Ger\u00e4ts.<\/p>\n<p data-start=\"1100\" data-end=\"1213\" data-is-last-node=\"\" data-is-only-node=\"\"><strong data-start=\"1100\" data-end=\"1127\">Modernes Ger\u00e4t f\u00fcr den t\u00e4glichen Gebrauch<\/strong> \u2013 Vereint Mobilit\u00e4t, intelligente Funktionen und zuverl\u00e4ssige Leistung in einem eleganten Vape.<\/p>\n<p>&nbsp;<\/p>\n<h2 data-start=\"766\" data-end=\"858\"><strong>QQ Bang 120K Puffs Einweg-Vape-Geschmacksliste<\/strong><\/h2>\n<p><strong data-start=\"56\" data-end=\"84\">1.Brombeere Rote Himbeere<\/strong><\/p>\n<p><strong data-start=\"89\" data-end=\"106\">2.Blaues Razz-Eis<\/strong><\/p>\n<p><strong data-start=\"111\" data-end=\"138\">3. Blaubeere, rote Himbeere<\/strong><\/p>\n<p><strong data-start=\"143\" data-end=\"159\">4.Sakura-Traube<\/strong><\/p>\n<p><strong data-start=\"164\" data-end=\"183\">5.Erdbeer-Kiwi<\/strong><\/p>\n<p><strong data-start=\"188\" data-end=\"214\">6.Wassermelone-Mango-Pfirsich<\/strong><\/p>\n<p><strong data-start=\"219\" data-end=\"237\">7. Wassermeloneneis<\/strong><\/p>\n<p><strong data-start=\"242\" data-end=\"268\">8.Hubba Bubba Erdbeere<\/strong><\/p>\n<p><strong data-start=\"273\" data-end=\"303\">9. Blaubeere, Himbeere, Kirsche<\/strong><\/p>\n<p><strong data-start=\"308\" data-end=\"325\">10. Gemischte Beeren<\/strong><\/p>\n<p><strong data-start=\"330\" data-end=\"358\">11. Kirsch-Wassermelonen-Gefriergeschmack<\/strong><\/p>\n<p><strong data-start=\"363\" data-end=\"380\">12. Saftige Pfirsiche<img loading=\"lazy\" decoding=\"async\" class=\"alignnone wp-image-10258 size-full\" src=\"https:\/\/pgvape.com\/wp-content\/uploads\/2026\/04\/QQ-Bang-120K-Disposable-Vape-With-120000-Puffs-Fast-Charging-And-LED-Display-3.png\" alt=\"Raster aus 18 farbenfrohen QQ-Bang-Flaschen mit verschiedenen Fruchtgeschmacksrichtungen auf einem Hintergrund mit Farbverlauf von Rosa zu Orange.\" width=\"1500\" height=\"1325\" srcset=\"https:\/\/pgvape.com\/wp-content\/uploads\/2026\/04\/QQ-Bang-120K-Disposable-Vape-With-120000-Puffs-Fast-Charging-And-LED-Display-3.png 1500w, https:\/\/pgvape.com\/wp-content\/uploads\/2026\/04\/QQ-Bang-120K-Disposable-Vape-With-120000-Puffs-Fast-Charging-And-LED-Display-3-408x360.png 408w, https:\/\/pgvape.com\/wp-content\/uploads\/2026\/04\/QQ-Bang-120K-Disposable-Vape-With-120000-Puffs-Fast-Charging-And-LED-Display-3-595x526.png 595w, https:\/\/pgvape.com\/wp-content\/uploads\/2026\/04\/QQ-Bang-120K-Disposable-Vape-With-120000-Puffs-Fast-Charging-And-LED-Display-3-400x353.png 400w, https:\/\/pgvape.com\/wp-content\/uploads\/2026\/04\/QQ-Bang-120K-Disposable-Vape-With-120000-Puffs-Fast-Charging-And-LED-Display-3-768x678.png 768w, https:\/\/pgvape.com\/wp-content\/uploads\/2026\/04\/QQ-Bang-120K-Disposable-Vape-With-120000-Puffs-Fast-Charging-And-LED-Display-3-14x12.png 14w, https:\/\/pgvape.com\/wp-content\/uploads\/2026\/04\/QQ-Bang-120K-Disposable-Vape-With-120000-Puffs-Fast-Charging-And-LED-Display-3-600x530.png 600w\" sizes=\"auto, (max-width: 1500px) 100vw, 1500px\" \/><\/strong><\/p>\n<p>&nbsp;<\/p>\n<h2 data-start=\"766\" data-end=\"858\"><strong>FAQs QQ Bang 120K Puffs Einweg-Vaporizer<\/strong><\/h2>\n<p data-start=\"45\" data-end=\"208\"><strong data-start=\"45\" data-end=\"89\">\u2753Welche Nikotinst\u00e4rken gibt es?<\/strong><br data-start=\"89\" data-end=\"92\" \/>\u2705 Das Ger\u00e4t ist erh\u00e4ltlich in <strong data-start=\"121\" data-end=\"156\">2%-, 3%- und 5%-Nikotinoptionen<\/strong>, und bietet Benutzern flexible Auswahlm\u00f6glichkeiten basierend auf ihren Vorlieben.<\/p>\n<p data-start=\"210\" data-end=\"359\"><strong data-start=\"210\" data-end=\"255\">\u2753 Welche Art von Geschmackssystem wird verwendet?<\/strong><br data-start=\"255\" data-end=\"258\" \/>\u2705 Es verf\u00fcgt \u00fcber a <strong data-start=\"274\" data-end=\"298\">Einzelgeschmackssystem<\/strong>, und sorgt von Anfang bis Ende f\u00fcr einen reinen und gleichm\u00e4\u00dfigen Geschmack.<\/p>\n<p data-start=\"361\" data-end=\"510\"><strong data-start=\"361\" data-end=\"395\">\u2753 Wie gro\u00df ist der Spulenwiderstand?<\/strong><br data-start=\"395\" data-end=\"398\" \/>\u2705 Das Ger\u00e4t verwendet a <strong data-start=\"418\" data-end=\"439\">1.0\u03a9 Heizdraht<\/strong>, liefert sanften Dampf, ausgewogenen Throat Hit und stabile Leistung.<\/p>\n<p data-start=\"512\" data-end=\"629\"><strong data-start=\"512\" data-end=\"546\">\u2753 Ist der Akku wiederaufladbar?<\/strong><br data-start=\"546\" data-end=\"549\" \/>\u2705 Ja, es kommt mit einem <strong data-start=\"572\" data-end=\"603\">650-mAh-Akku<\/strong> f\u00fcr den zuverl\u00e4ssigen t\u00e4glichen Gebrauch.<\/p>\n<p data-start=\"631\" data-end=\"776\"><strong data-start=\"631\" data-end=\"674\">\u2753Welche Lademethode wird unterst\u00fctzt?<\/strong><br data-start=\"674\" data-end=\"677\" \/>\u2705 Es unterst\u00fctzt <strong data-start=\"691\" data-end=\"715\">Typ-C-Schnellladung<\/strong>, Dies erm\u00f6glicht ein schnelles und effizientes Aufladen mit weniger Ausfallzeiten.<\/p>\n<p data-start=\"778\" data-end=\"896\"><strong data-start=\"778\" data-end=\"814\">\u2753 Verf\u00fcgt es \u00fcber einen Bildschirm?<\/strong><br data-start=\"814\" data-end=\"817\" \/>\u2705 Ja, das Ger\u00e4t verf\u00fcgt \u00fcber eine <strong data-start=\"847\" data-end=\"862\">LED-Anzeige<\/strong> zur Batterie\u00fcberwachung in Echtzeit.<\/p>\n<p data-start=\"898\" data-end=\"1015\"><strong data-start=\"898\" data-end=\"927\">\u2753 Ist das Ger\u00e4t tragbar?<\/strong><br data-start=\"927\" data-end=\"930\" \/>\u2705 Absolut. Es ist <strong data-start=\"948\" data-end=\"982\">kompaktes und leichtes Design<\/strong> macht es einfach, es \u00fcberall hin mitzunehmen.<\/p>\n<p data-start=\"1017\" data-end=\"1134\"><strong data-start=\"1017\" data-end=\"1054\">\u2753Wie viele Geschmacksrichtungen sind verf\u00fcgbar?<\/strong><br data-start=\"1054\" data-end=\"1057\" \/>\u2705 Es kommt rein <strong data-start=\"1071\" data-end=\"1092\">12 Geschmacksoptionen<\/strong>, und bietet eine gro\u00dfe Auswahl beliebter Geschmacksrichtungen.<\/p>\n<p data-start=\"1136\" data-end=\"1334\" data-is-last-node=\"\" data-is-only-node=\"\"><strong data-start=\"1136\" data-end=\"1175\">\u2753 Warum sollten Sie sich f\u00fcr den QQ Bang 120K Vape entscheiden?<\/strong><br data-start=\"1175\" data-end=\"1178\" \/>\u2705 Es verbindet <strong data-start=\"1192\" data-end=\"1287\">moderne LED-Funktionalit\u00e4t, wiederaufladbarer Komfort, tragbares Design und reibungslose Leistung<\/strong>, was es zu einer gro\u00dfartigen Wahl f\u00fcr das t\u00e4gliche Dampfen macht.<\/p>\n<p>&nbsp;<\/p>\n<h3 id=\"brxe-najhln\" class=\"brxe-heading\">H\u00e4ufig gestellte Fragen (FAQ)<\/h3>\n<div id=\"brxe-rajiac\" class=\"brxe-text\">\n<p><strong>F: Welche Zahlungsmethoden akzeptieren Sie?<\/strong><br \/>\nA: Wir akzeptieren PayPal, Stripe, Bank\u00fcberweisungen (SEPA unterst\u00fctzt), g\u00e4ngige Kreditkarten (Visa, MasterCard, American Express) und Zahlungen in Kryptow\u00e4hrung.<\/p>\n<p><strong>F: Wie lange dauert die Auftragsvorbereitung?<\/strong><br \/>\nA: Die Auftragsvorbereitung dauert 1-3 Werktage.<\/p>\n<p><strong>F: Wie lange dauert die Lieferung?<\/strong><br \/>\nA: Die Lieferzeit betr\u00e4gt je nach Standort 7\u201314 Werktage. Die Lieferung von Waren aus europ\u00e4ischen Lagern dauert in der Regel 3\u20136 Werktage.<\/p>\n<p><strong>F: Wie kann ich meine Bestellung verfolgen?<\/strong><br \/>\nA: Nach dem Versand erhalten Sie eine Best\u00e4tigungs-E-Mail mit einer Sendungsverfolgungsnummer zur Echtzeitverfolgung.<\/p>\n<p><strong>F: Wie lauten Ihre R\u00fcckgabebedingungen?<\/strong><br \/>\nA: Wir bieten ein 30-t\u00e4giges R\u00fcckgaberecht f\u00fcr R\u00fcckerstattungen oder Umtausch. .<\/p>\n<p><strong>F: Wird es Zollprobleme geben?<br \/>\n<\/strong>Wir k\u00fcmmern uns um alle Zollabfertigungsverfahren, um Ihnen ein reibungsloses Erlebnis zu gew\u00e4hrleisten. .<\/p>\n<p><strong>F: Welche Versandarten werden verwendet?<\/strong><br \/>\nWir arbeiten mit UPS\/DHL\/FEDEX\/DPD etc. zusammen. Je nach Lieferland w\u00e4hlen wir die passende Versandoption aus, um sicherzustellen, dass Sie Ihre Produkte schnellstm\u00f6glich erhalten.<\/p>\n<p><a href=\"https:\/\/pgvape.com\/de\/faqs\/\">Klicken Sie hier f\u00fcr weitere FAQ<\/a><\/p>\n<p>Liebe Kunden, wenn Sie Fragen zu Ihrer Bestellung oder zum Wareneingang haben, wenden Sie sich bitte an unseren Kundenservice. Vielen Dank!<\/p>\n<h3 data-sourcepos=\"73:1-73:21\"><strong data-sourcepos=\"73:7-73:21\">Kontaktieren Sie uns<\/strong><\/h3>\n<div id=\"text-2419739398\" class=\"text\">\n<p><strong data-sourcepos=\"75:3-75:12\">E-Mail<\/strong>:\u00a0<a href=\"mailto:support@pgvape.com\"><strong>support@pgvape.com<\/strong><\/a><\/p>\n<p><strong data-sourcepos=\"76:3-76:15\">WhatsApp<\/strong>:\u00a0<a href=\"https:\/\/wa.me\/+8618128481258\"><strong>+86 18128481258<\/strong><\/a><br \/>\n<strong>(Antwort innerhalb von 24 Stunden an Werktagen)<\/strong><\/p>\n<\/div>\n<h3><strong>Vielen Dank, dass Sie sich f\u00fcr pgvape.com entschieden haben! .<\/strong><\/h3>\n<\/div>","protected":false},"excerpt":{"rendered":"<p data-start=\"0\" data-end=\"32\"><strong data-start=\"0\" data-end=\"32\">QQ Bang 120K Einweg-Vaporizer <\/strong>Bis zu 120.000 Z\u00fcge mit einem Einzelgeschmackssystem f\u00fcr reinen, gleichm\u00e4\u00dfigen Geschmack. Angetrieben von einem 1.0\u03a9-Heizdraht und einem wiederaufladbaren 650-mAh-Akku f\u00fcr reibungslose, stabile Leistung. Verf\u00fcgt \u00fcber Typ-C-Schnellladung, LED-Akkuanzeige und 12 Geschmacksoptionen in einem kompakten, tragbaren Design.<\/p>","protected":false},"featured_media":10257,"comment_status":"open","ping_status":"closed","template":"","meta":{"_seopress_robots_primary_cat":"","_seopress_titles_title":"","_seopress_titles_desc":"","_seopress_robots_index":""},"product_brand":[516,654],"product_cat":[69,515,653],"product_tag":[354,90,652,79,657],"class_list":{"0":"post-10253","1":"product","2":"type-product","3":"status-publish","4":"has-post-thumbnail","6":"product_brand-disposable-vape","7":"product_brand-qqbang-vape","8":"product_cat-120k-puffs-vape","9":"product_cat-disposable-vape","10":"product_cat-qqbang-vape","11":"product_tag-120k-puffs-vape","12":"product_tag-disposable-vape","13":"product_tag-fast-charging","14":"product_tag-led-display","15":"product_tag-qq-bang-120k","17":"first","18":"instock","19":"sale","20":"shipping-taxable","21":"purchasable","22":"product-type-variable"},"_links":{"self":[{"href":"https:\/\/pgvape.com\/de\/wp-json\/wp\/v2\/product\/10253","targetHints":{"allow":["GET"]}}],"collection":[{"href":"https:\/\/pgvape.com\/de\/wp-json\/wp\/v2\/product"}],"about":[{"href":"https:\/\/pgvape.com\/de\/wp-json\/wp\/v2\/types\/product"}],"replies":[{"embeddable":true,"href":"https:\/\/pgvape.com\/de\/wp-json\/wp\/v2\/comments?post=10253"}],"wp:featuredmedia":[{"embeddable":true,"href":"https:\/\/pgvape.com\/de\/wp-json\/wp\/v2\/media\/10257"}],"wp:attachment":[{"href":"https:\/\/pgvape.com\/de\/wp-json\/wp\/v2\/media?parent=10253"}],"wp:term":[{"taxonomy":"product_brand","embeddable":true,"href":"https:\/\/pgvape.com\/de\/wp-json\/wp\/v2\/product_brand?post=10253"},{"taxonomy":"product_cat","embeddable":true,"href":"https:\/\/pgvape.com\/de\/wp-json\/wp\/v2\/product_cat?post=10253"},{"taxonomy":"product_tag","embeddable":true,"href":"https:\/\/pgvape.com\/de\/wp-json\/wp\/v2\/product_tag?post=10253"}],"curies":[{"name":"wp","href":"https:\/\/api.w.org\/{rel}","templated":true}]}}