{"id":10228,"date":"2026-04-29T12:35:29","date_gmt":"2026-04-29T12:35:29","guid":{"rendered":"https:\/\/pgvape.com\/?post_type=product&#038;p=10228"},"modified":"2026-04-29T12:35:29","modified_gmt":"2026-04-29T12:35:29","slug":"qq-bang-150k-einweg-vape-parfumflaschendesign-im-parfumstil-mit-65-000-zugen-und-schnellladung","status":"publish","type":"product","link":"https:\/\/pgvape.com\/de\/produkt\/qq-bang-150k-einweg-vape-parfumflaschendesign-im-parfumstil-mit-65-000-zugen-und-schnellladung\/","title":{"rendered":"QQ Bang 150K Einweg-Vape-Parf\u00fcmflaschendesign im Parf\u00fcmstil mit 65.000 Z\u00fcgen und Schnellladung"},"content":{"rendered":"<h2 data-start=\"0\" data-end=\"78\"><strong data-start=\"3\" data-end=\"78\">QQ Bang 150K Einweg-Vape | Stilvolles tragbares Hochleistungsger\u00e4t<\/strong><\/h2>\n<p data-start=\"80\" data-end=\"298\">Der QQ Bang 150K Einweg-Vaporizer wurde f\u00fcr Benutzer entwickelt, die Wert auf Tragbarkeit, zuverl\u00e4ssige Leistung und eleganten Stil legen und ein reibungsloses und zufriedenstellendes Dampferlebnis in einem kompakten Ger\u00e4t bieten.<\/p>\n<p data-start=\"300\" data-end=\"527\">Ausgestattet mit einem Single-Flavor-System und einem 1.0\u03a9-Heizdraht sorgt es f\u00fcr reinen Geschmack, ausgewogenen Throat Hit und eine stabile Dampfleistung. Mit mehreren Nikotinst\u00e4rkeoptionen und 10 beliebten Geschmacksrichtungen deckt es ein breites Spektrum an Vorlieben ab.<\/p>\n<p data-start=\"529\" data-end=\"727\">Angetrieben von einem wiederaufladbaren 650-mAh-Akku mit Typ-C-Schnellladung gew\u00e4hrleistet dieses Ger\u00e4t eine bequeme t\u00e4gliche Nutzung und effizientes Aufladen. Das Design des Parf\u00fcmflakons verleiht ihm einen hochwertigen und modischen Touch.<\/p>\n<p data-start=\"729\" data-end=\"819\" data-is-last-node=\"\" data-is-only-node=\"\">Eine ideale Wahl f\u00fcr Benutzer, die Stil, Komfort und zuverl\u00e4ssige Alltagsleistung suchen.<\/p>\n<p>&nbsp;<\/p>\n<h3 id=\"brxe-najhln\" class=\"brxe-heading\"><\/h3>\n<p data-start=\"729\" data-end=\"819\" data-is-last-node=\"\" data-is-only-node=\"\">\n<h2 data-start=\"0\" data-end=\"78\"><strong data-start=\"3\" data-end=\"78\">QQ Bang 150K Puffs Einweg-Vape-Produkt-Highlights<\/strong><\/h2>\n<p data-start=\"58\" data-end=\"170\"><strong data-start=\"58\" data-end=\"81\">Bis zu 150.000 Z\u00fcge<\/strong> \u2013 Langanhaltende Leistung f\u00fcr zuverl\u00e4ssiges t\u00e4gliches Dampfen mit weniger Austauschen.<\/p>\n<p data-start=\"172\" data-end=\"289\"><strong data-start=\"172\" data-end=\"201\">Mehrere Nikotinoptionen<\/strong> \u2013 Verf\u00fcgbar in <strong data-start=\"217\" data-end=\"235\">2%, 3% und 5%<\/strong> f\u00fcr flexible Zufriedenheit basierend auf Benutzerpr\u00e4ferenzen.<\/p>\n<p data-start=\"291\" data-end=\"400\"><strong data-start=\"291\" data-end=\"315\">Einzelgeschmackssystem<\/strong> \u2013 Reine und gleichm\u00e4\u00dfige Geschmacksabgabe f\u00fcr ein klares, ununterbrochenes Geschmackserlebnis.<\/p>\n<p data-start=\"402\" data-end=\"527\"><strong data-start=\"402\" data-end=\"434\">1.0\u03a9-Heizdrahttechnologie<\/strong> \u2013 Das ausgewogene Heizsystem sorgt f\u00fcr gleichm\u00e4\u00dfigen Dampf, stabile Leistung und einen zufriedenstellenden Throat Hit.<\/p>\n<p data-start=\"529\" data-end=\"625\"><strong data-start=\"529\" data-end=\"560\">650-mAh-Akku<\/strong> \u2013 Zuverl\u00e4ssiger eingebauter Akku unterst\u00fctzt l\u00e4ngere Dampfsitzungen.<\/p>\n<p data-start=\"627\" data-end=\"712\"><strong data-start=\"627\" data-end=\"651\">Typ-C-Schnellladung<\/strong> \u2013 Schnelles und effizientes Aufladen f\u00fcr eine bequeme ganzt\u00e4gige Nutzung.<\/p>\n<p data-start=\"714\" data-end=\"802\"><strong data-start=\"714\" data-end=\"739\">Parf\u00fcmflaschendesign<\/strong> \u2013 Elegantes und stilvolles Erscheinungsbild mit einem erstklassigen, modernen Look.<\/p>\n<p data-start=\"804\" data-end=\"895\"><strong data-start=\"804\" data-end=\"832\">Kompakte und tragbare Bauweise<\/strong> \u2013 Leichte Struktur f\u00fcr den einfachen Transport \u00fcberallhin.<\/p>\n<p data-start=\"897\" data-end=\"988\"><strong data-start=\"897\" data-end=\"918\">10 Geschmacksoptionen<\/strong> \u2013 Gro\u00dfe Auswahl beliebter Geschmacksrichtungen f\u00fcr unterschiedliche Vorlieben.<\/p>\n<p data-start=\"990\" data-end=\"1115\"><strong data-start=\"990\" data-end=\"1025\">Reibungslose und konstante Leistung<\/strong> \u2013 Optimierter Luftstrom und Heizsystem sorgen f\u00fcr zufriedenstellende Z\u00fcge vom ersten bis zum letzten Zug.<\/p>\n<p data-start=\"1117\" data-end=\"1215\" data-is-last-node=\"\" data-is-only-node=\"\"><strong data-start=\"1117\" data-end=\"1142\">Perfekt f\u00fcr den t\u00e4glichen Gebrauch<\/strong> \u2013 Vereint Portabilit\u00e4t, Stil und zuverl\u00e4ssige Leistung in einem Ger\u00e4t.<\/p>\n<p>&nbsp;<\/p>\n<h2 data-start=\"0\" data-end=\"78\"><strong data-start=\"3\" data-end=\"78\">QQ Bang 150K Puffs Einweg-Vape-Geschmacksliste<\/strong><\/h2>\n<p><strong data-start=\"56\" data-end=\"68\">1.Roter Fuji<\/strong><\/p>\n<p><strong data-start=\"73\" data-end=\"91\">2. Erdbeereis<\/strong><\/p>\n<p><strong data-start=\"96\" data-end=\"119\">3. Blaubeer-Himbeere<\/strong><\/p>\n<p><strong data-start=\"124\" data-end=\"137\">4. Traubeneis<\/strong><\/p>\n<p><strong data-start=\"142\" data-end=\"150\">5.Birne<\/strong><\/p>\n<p><strong data-start=\"155\" data-end=\"174\">6.Erdbeer-Kiwi<\/strong><\/p>\n<p><strong data-start=\"179\" data-end=\"196\">7. Blaubeereis<\/strong><\/p>\n<p><strong data-start=\"201\" data-end=\"219\">8. Wassermeloneneis<\/strong><\/p>\n<p><strong data-start=\"224\" data-end=\"239\">9.Mango-Pfirsich<\/strong><\/p>\n<p><strong data-start=\"244\" data-end=\"259\">10. Gemischte Fr\u00fcchte<img loading=\"lazy\" decoding=\"async\" class=\"alignnone wp-image-10252 size-full\" src=\"https:\/\/pgvape.com\/wp-content\/uploads\/2026\/04\/QQ-Bang-150K-Perfume-Style-Disposable-Vape-With-65000-Puffs-And-Fast-Charging-12.png\" alt=\"Drei Reihen mit f\u00fcnfzehn pastellfarbenen Vape-Flaschen mit Fruchtsymbolen und Geschmacksetiketten wie Red Fuji, Strawberry Ice, Blueberry Raspberry.\" width=\"1500\" height=\"1353\" srcset=\"https:\/\/pgvape.com\/wp-content\/uploads\/2026\/04\/QQ-Bang-150K-Perfume-Style-Disposable-Vape-With-65000-Puffs-And-Fast-Charging-12.png 1500w, https:\/\/pgvape.com\/wp-content\/uploads\/2026\/04\/QQ-Bang-150K-Perfume-Style-Disposable-Vape-With-65000-Puffs-And-Fast-Charging-12-399x360.png 399w, https:\/\/pgvape.com\/wp-content\/uploads\/2026\/04\/QQ-Bang-150K-Perfume-Style-Disposable-Vape-With-65000-Puffs-And-Fast-Charging-12-595x537.png 595w, https:\/\/pgvape.com\/wp-content\/uploads\/2026\/04\/QQ-Bang-150K-Perfume-Style-Disposable-Vape-With-65000-Puffs-And-Fast-Charging-12-400x361.png 400w, https:\/\/pgvape.com\/wp-content\/uploads\/2026\/04\/QQ-Bang-150K-Perfume-Style-Disposable-Vape-With-65000-Puffs-And-Fast-Charging-12-768x693.png 768w, https:\/\/pgvape.com\/wp-content\/uploads\/2026\/04\/QQ-Bang-150K-Perfume-Style-Disposable-Vape-With-65000-Puffs-And-Fast-Charging-12-13x12.png 13w, https:\/\/pgvape.com\/wp-content\/uploads\/2026\/04\/QQ-Bang-150K-Perfume-Style-Disposable-Vape-With-65000-Puffs-And-Fast-Charging-12-600x541.png 600w\" sizes=\"auto, (max-width: 1500px) 100vw, 1500px\" \/><\/strong><\/p>\n<p>&nbsp;<\/p>\n<h2 data-start=\"0\" data-end=\"78\"><strong data-start=\"3\" data-end=\"78\">FAQs QQ Bang 150K Puffs Einweg-Vaporizer<\/strong><\/h2>\n<p data-start=\"45\" data-end=\"208\"><strong data-start=\"45\" data-end=\"89\">\u2753Welche Nikotinst\u00e4rken gibt es?<\/strong><br data-start=\"89\" data-end=\"92\" \/>\u2705 Das Ger\u00e4t ist erh\u00e4ltlich in <strong data-start=\"121\" data-end=\"156\">2%-, 3%- und 5%-Nikotinoptionen<\/strong>, sodass Benutzer ihre bevorzugte St\u00e4rke w\u00e4hlen k\u00f6nnen.<\/p>\n<p data-start=\"210\" data-end=\"358\"><strong data-start=\"210\" data-end=\"255\">\u2753 Welche Art von Dampfsystem wird verwendet?<\/strong><br data-start=\"255\" data-end=\"258\" \/>\u2705 Es verf\u00fcgt \u00fcber a <strong data-start=\"274\" data-end=\"298\">Einzelgeschmackssystem<\/strong>, und sorgt f\u00fcr ein reines, sauberes und konsistentes Geschmackserlebnis.<\/p>\n<p data-start=\"360\" data-end=\"508\"><strong data-start=\"360\" data-end=\"394\">\u2753 Wie gro\u00df ist der Spulenwiderstand?<\/strong><br data-start=\"394\" data-end=\"397\" \/>\u2705 Das Ger\u00e4t verwendet a <strong data-start=\"417\" data-end=\"438\">1.0\u03a9 Heizdraht<\/strong>, sorgt f\u00fcr sanften Dampf, ausgewogenen Throat Hit und stabile Leistung.<\/p>\n<p data-start=\"510\" data-end=\"625\"><strong data-start=\"510\" data-end=\"544\">\u2753 Ist der Akku wiederaufladbar?<\/strong><br data-start=\"544\" data-end=\"547\" \/>\u2705 Ja, es kommt mit einem <strong data-start=\"570\" data-end=\"601\">650-mAh-Akku<\/strong> f\u00fcr den zuverl\u00e4ssigen t\u00e4glichen Einsatz.<\/p>\n<p data-start=\"627\" data-end=\"753\"><strong data-start=\"627\" data-end=\"670\">\u2753Welche Lademethode wird unterst\u00fctzt?<\/strong><br data-start=\"670\" data-end=\"673\" \/>\u2705 Es unterst\u00fctzt <strong data-start=\"687\" data-end=\"711\">Typ-C-Schnellladung<\/strong>, was ein schnelles und effizientes Aufladen erm\u00f6glicht.<\/p>\n<p data-start=\"755\" data-end=\"893\"><strong data-start=\"755\" data-end=\"784\">\u2753 Ist das Ger\u00e4t tragbar?<\/strong><br data-start=\"784\" data-end=\"787\" \/>\u2705 Absolut. Es ist <strong data-start=\"805\" data-end=\"839\">kompaktes und leichtes Design<\/strong> macht es leicht zu transportieren und ideal f\u00fcr das t\u00e4gliche Dampfen.<\/p>\n<p data-start=\"895\" data-end=\"1034\"><strong data-start=\"895\" data-end=\"931\">\u2753Was macht das Design besonders?<\/strong><br data-start=\"931\" data-end=\"934\" \/>\u2705 Der Vape verf\u00fcgt \u00fcber ein stilvolles Design <strong data-start=\"964\" data-end=\"989\">Design einer Parf\u00fcmflasche<\/strong>, was ihm ein hochwertiges und elegantes Aussehen verleiht.<\/p>\n<p data-start=\"1036\" data-end=\"1151\"><strong data-start=\"1036\" data-end=\"1073\">\u2753Wie viele Geschmacksrichtungen sind verf\u00fcgbar?<\/strong><br data-start=\"1073\" data-end=\"1076\" \/>\u2705 Es kommt rein <strong data-start=\"1090\" data-end=\"1111\">10 Geschmacksoptionen<\/strong>, und bietet eine Vielzahl beliebter Optionen.<\/p>\n<p data-start=\"1153\" data-end=\"1347\" data-is-last-node=\"\" data-is-only-node=\"\"><strong data-start=\"1153\" data-end=\"1192\">\u2753 Warum sollten Sie sich f\u00fcr den QQ Bang 150K Vape entscheiden?<\/strong><br data-start=\"1192\" data-end=\"1195\" \/>\u2705 Es verbindet <strong data-start=\"1209\" data-end=\"1298\">Tragbares Design, wiederaufladbarer Komfort, reibungslose Leistung und stilvolle \u00c4sthetik<\/strong>, was es zu einer ausgezeichneten Wahl f\u00fcr moderne Benutzer macht.<\/p>\n<p>&nbsp;<\/p>\n<h3 id=\"brxe-najhln\" class=\"brxe-heading\">H\u00e4ufig gestellte Fragen (FAQ)<\/h3>\n<div id=\"brxe-rajiac\" class=\"brxe-text\">\n<p><strong>F: Welche Zahlungsmethoden akzeptieren Sie?<\/strong><br \/>\nA: Wir akzeptieren PayPal, Stripe, Bank\u00fcberweisungen (SEPA unterst\u00fctzt), g\u00e4ngige Kreditkarten (Visa, MasterCard, American Express) und Zahlungen in Kryptow\u00e4hrung.<\/p>\n<p><strong>F: Wie lange dauert die Auftragsvorbereitung?<\/strong><br \/>\nA: Die Auftragsvorbereitung dauert 1-3 Werktage.<\/p>\n<p><strong>F: Wie lange dauert die Lieferung?<\/strong><br \/>\nA: Die Lieferzeit betr\u00e4gt je nach Standort 7\u201314 Werktage. Die Lieferung von Waren aus europ\u00e4ischen Lagern dauert in der Regel 3\u20136 Werktage.<\/p>\n<p><strong>F: Wie kann ich meine Bestellung verfolgen?<\/strong><br \/>\nA: Nach dem Versand erhalten Sie eine Best\u00e4tigungs-E-Mail mit einer Sendungsverfolgungsnummer zur Echtzeitverfolgung.<\/p>\n<p><strong>F: Wie lauten Ihre R\u00fcckgabebedingungen?<\/strong><br \/>\nA: Wir bieten ein 30-t\u00e4giges R\u00fcckgaberecht f\u00fcr R\u00fcckerstattungen oder Umtausch. .<\/p>\n<p><strong>F: Wird es Zollprobleme geben?<br \/>\n<\/strong>Wir k\u00fcmmern uns um alle Zollabfertigungsverfahren, um Ihnen ein reibungsloses Erlebnis zu gew\u00e4hrleisten. .<\/p>\n<p><strong>F: Welche Versandarten werden verwendet?<\/strong><br \/>\nWir arbeiten mit UPS\/DHL\/FEDEX\/DPD etc. zusammen. Je nach Lieferland w\u00e4hlen wir die passende Versandoption aus, um sicherzustellen, dass Sie Ihre Produkte schnellstm\u00f6glich erhalten.<\/p>\n<p><a href=\"https:\/\/pgvape.com\/de\/faqs\/\">Klicken Sie hier f\u00fcr weitere FAQ<\/a><\/p>\n<p>Liebe Kunden, wenn Sie Fragen zu Ihrer Bestellung oder zum Wareneingang haben, wenden Sie sich bitte an unseren Kundenservice. Vielen Dank!<\/p>\n<h3 data-sourcepos=\"73:1-73:21\"><strong data-sourcepos=\"73:7-73:21\">Kontaktieren Sie uns<\/strong><\/h3>\n<div id=\"text-2419739398\" class=\"text\">\n<p><strong data-sourcepos=\"75:3-75:12\">E-Mail<\/strong>:\u00a0<a href=\"mailto:support@pgvape.com\"><strong>support@pgvape.com<\/strong><\/a><\/p>\n<p><strong data-sourcepos=\"76:3-76:15\">WhatsApp<\/strong>:\u00a0<a href=\"https:\/\/wa.me\/+8618128481258\"><strong>+86 18128481258<\/strong><\/a><br \/>\n<strong>(Antwort innerhalb von 24 Stunden an Werktagen)<\/strong><\/p>\n<\/div>\n<h3><strong>Vielen Dank, dass Sie sich f\u00fcr pgvape.com entschieden haben! .<\/strong><\/h3>\n<\/div>","protected":false},"excerpt":{"rendered":"<section class=\"text-token-text-primary w-full focus:outline-none [--shadow-height:45px] has-data-writing-block:pointer-events-none has-data-writing-block:-mt-(--shadow-height) has-data-writing-block:pt-(--shadow-height) [&amp;:has([data-writing-block])&gt;*]:pointer-events-auto [content-visibility:auto] supports-[content-visibility:auto]:[contain-intrinsic-size:auto_100lvh] R6Vx5W_threadScrollVars scroll-mb-[calc(var(--scroll-root-safe-area-inset-bottom,0px)+var(--thread-response-height))] scroll-mt-[calc(var(--header-height)+min(200px,max(70px,20svh)))]\" dir=\"auto\" data-turn-id=\"request-690f3671-88fc-832d-8d9c-73e96f624343-20\" data-testid=\"conversation-turn-32\" data-scroll-anchor=\"false\" data-turn=\"assistant\">\n<div class=\"text-base my-auto mx-auto pb-10 [--thread-content-margin:var(--thread-content-margin-xs,calc(var(--spacing)*4))] @w-sm\/main:[--thread-content-margin:var(--thread-content-margin-sm,calc(var(--spacing)*6))] @w-lg\/main:[--thread-content-margin:var(--thread-content-margin-lg,calc(var(--spacing)*16))] px-(--thread-content-margin)\">\n<div class=\"[--thread-content-max-width:40rem] @w-lg\/main:[--thread-content-max-width:48rem] mx-auto max-w-(--thread-content-max-width) flex-1 group\/turn-messages focus-visible:outline-hidden relative flex w-full min-w-0 flex-col agent-turn\">\n<div class=\"flex max-w-full flex-col gap-4 grow\">\n<div class=\"min-h-8 text-message relative flex w-full flex-col items-end gap-2 text-start break-words whitespace-normal outline-none keyboard-focused:focus-ring [.text-message+&amp;]:mt-1\" dir=\"auto\" tabindex=\"0\" data-message-author-role=\"assistant\" data-message-id=\"f1ebdff0-90bf-4292-934d-1b0711e3864f\" data-message-model-slug=\"gpt-5-3\" data-turn-start-message=\"true\">\n<div class=\"flex w-full flex-col gap-1 empty:hidden\">\n<div class=\"markdown prose dark:prose-invert w-full wrap-break-word light markdown-new-styling\">\n<p data-start=\"0\" data-end=\"32\"><strong data-start=\"0\" data-end=\"32\">QQ Bang 150K Disposable Vape <\/strong>Up to 150,000 puffs in a stylish perfume bottle design that combines elegance with portability. Powered by a 1.0\u03a9 heating wire and 650mAh rechargeable battery for smooth, stable performance. Features Type-C fast charging, multiple nicotine options, and 10 flavor choices.<\/p>\n<\/div>\n<\/div>\n<\/div>\n<\/div>\n<div class=\"z-0 flex min-h-[46px] justify-start\"><\/div>\n<div class=\"mt-3 w-full empty:hidden\">\n<div class=\"text-center\"><\/div>\n<\/div>\n<\/div>\n<\/div>\n<\/section>\n<div class=\"pointer-events-none -mt-px h-px translate-y-[calc(var(--scroll-root-safe-area-inset-bottom)-14*var(--spacing))]\" aria-hidden=\"true\"><\/div>\n","protected":false},"featured_media":10242,"comment_status":"open","ping_status":"closed","template":"","meta":{"_seopress_robots_primary_cat":"","_seopress_titles_title":"","_seopress_titles_desc":"","_seopress_robots_index":""},"product_brand":[516,654],"product_cat":[368,515,653],"product_tag":[370,90,652,656,655],"class_list":{"0":"post-10228","1":"product","2":"type-product","3":"status-publish","4":"has-post-thumbnail","6":"product_brand-disposable-vape","7":"product_brand-qqbang-vape","8":"product_cat-150k-puffs-vape","9":"product_cat-disposable-vape","10":"product_cat-qqbang-vape","11":"product_tag-150k-puffs-vape","12":"product_tag-disposable-vape","13":"product_tag-fast-charging","14":"product_tag-perfume-style","15":"product_tag-qq-bang-150k","17":"first","18":"instock","19":"sale","20":"shipping-taxable","21":"purchasable","22":"product-type-variable"},"_links":{"self":[{"href":"https:\/\/pgvape.com\/de\/wp-json\/wp\/v2\/product\/10228","targetHints":{"allow":["GET"]}}],"collection":[{"href":"https:\/\/pgvape.com\/de\/wp-json\/wp\/v2\/product"}],"about":[{"href":"https:\/\/pgvape.com\/de\/wp-json\/wp\/v2\/types\/product"}],"replies":[{"embeddable":true,"href":"https:\/\/pgvape.com\/de\/wp-json\/wp\/v2\/comments?post=10228"}],"wp:featuredmedia":[{"embeddable":true,"href":"https:\/\/pgvape.com\/de\/wp-json\/wp\/v2\/media\/10242"}],"wp:attachment":[{"href":"https:\/\/pgvape.com\/de\/wp-json\/wp\/v2\/media?parent=10228"}],"wp:term":[{"taxonomy":"product_brand","embeddable":true,"href":"https:\/\/pgvape.com\/de\/wp-json\/wp\/v2\/product_brand?post=10228"},{"taxonomy":"product_cat","embeddable":true,"href":"https:\/\/pgvape.com\/de\/wp-json\/wp\/v2\/product_cat?post=10228"},{"taxonomy":"product_tag","embeddable":true,"href":"https:\/\/pgvape.com\/de\/wp-json\/wp\/v2\/product_tag?post=10228"}],"curies":[{"name":"wp","href":"https:\/\/api.w.org\/{rel}","templated":true}]}}