{"id":10163,"date":"2026-04-18T09:13:03","date_gmt":"2026-04-18T09:13:03","guid":{"rendered":"https:\/\/pgvape.com\/?post_type=product&#038;p=10163"},"modified":"2026-04-18T09:13:45","modified_gmt":"2026-04-18T09:13:45","slug":"qq-bang-100k-dual-mesh-einweg-vaporizer-mit-100-000-zugen-und-schnellladung","status":"publish","type":"product","link":"https:\/\/pgvape.com\/de\/produkt\/qq-bang-100k-dual-mesh-einweg-vaporizer-mit-100-000-zugen-und-schnellladung\/","title":{"rendered":"QQ Bang 100K Dual Mesh Einweg-Vape mit 100.000 Z\u00fcgen und Schnellladung"},"content":{"rendered":"<h2 data-start=\"0\" data-end=\"68\"><strong data-start=\"3\" data-end=\"68\">QQ Bang 100K Einweg-Vape | Dual-Mesh-Ger\u00e4t mit hoher Kapazit\u00e4t<\/strong><\/h2>\n<p data-start=\"70\" data-end=\"272\">Der QQ Bang 100K Einweg-Vaporizer wurde f\u00fcr Benutzer entwickelt, die eine lang anhaltende Leistung und einen reichen Geschmack suchen. Er liefert bis zu 100.000 Z\u00fcge mit mehreren Nikotinst\u00e4rkeoptionen.<\/p>\n<p data-start=\"274\" data-end=\"501\">Ausgestattet mit der fortschrittlichen Dual-Mesh-Spulentechnologie sorgt es f\u00fcr gleichm\u00e4\u00dfigeren Dampf, verbesserten Geschmack und eine gleichm\u00e4\u00dfige Leistung bei jedem Zug. Mit 12 beliebten Geschmacksoptionen k\u00f6nnen Benutzer eine gro\u00dfe Vielfalt an zufriedenstellenden Geschmackserlebnissen genie\u00dfen.<\/p>\n<p data-start=\"503\" data-end=\"642\">Angetrieben von einem wiederaufladbaren 650-mAh-Akku mit USB-Typ-C-Schnellladung gew\u00e4hrleistet dieses Ger\u00e4t eine zuverl\u00e4ssige ganzt\u00e4gige Nutzung und bequemes Aufladen.<\/p>\n<p data-start=\"644\" data-end=\"735\" data-is-last-node=\"\" data-is-only-node=\"\">Eine ideale Wahl f\u00fcr Benutzer, die Kapazit\u00e4t, Geschmacksvielfalt und zuverl\u00e4ssige Leistung suchen.<\/p>\n<p>&nbsp;<\/p>\n<h3 id=\"brxe-najhln\" class=\"brxe-heading\"><\/h3>\n<h2 data-start=\"0\" data-end=\"68\"><strong data-start=\"3\" data-end=\"68\">QQ Bang 100K Puffs Einweg-Vape-Produkt-Highlights<\/strong><\/h2>\n<p data-start=\"56\" data-end=\"168\"><strong data-start=\"56\" data-end=\"79\">Bis zu 100.000 Z\u00fcge<\/strong> \u2013 Extrem langlebige Leistung f\u00fcr l\u00e4ngeres Dampfen mit weniger Austauschen.<\/p>\n<p data-start=\"170\" data-end=\"273\"><strong data-start=\"170\" data-end=\"199\">Mehrere Nikotinoptionen<\/strong> \u2013 Verf\u00fcgbar in <strong data-start=\"215\" data-end=\"233\">2%, 3% und 5%<\/strong> f\u00fcr ein individuell anpassbares Dampferlebnis.<\/p>\n<p data-start=\"275\" data-end=\"402\"><strong data-start=\"275\" data-end=\"304\">Dual-Mesh-Coil-Technologie<\/strong> \u2013 Das fortschrittliche Dual-Mesh-System sorgt f\u00fcr einen reichhaltigeren Geschmack, sanfteren Dampf und eine dichte Wolkenproduktion.<\/p>\n<p data-start=\"404\" data-end=\"503\"><strong data-start=\"404\" data-end=\"425\">12 Geschmacksoptionen<\/strong> \u2013 Gro\u00dfe Auswahl beliebter Geschmacksrichtungen f\u00fcr unterschiedliche Geschmacksvorlieben.<\/p>\n<p data-start=\"505\" data-end=\"602\"><strong data-start=\"505\" data-end=\"536\">650-mAh-Akku<\/strong> \u2013 Zuverl\u00e4ssiger eingebauter Akku sorgt f\u00fcr stabile Leistung den ganzen Tag.<\/p>\n<p data-start=\"604\" data-end=\"692\"><strong data-start=\"604\" data-end=\"632\">USB-Typ-C-Schnellladung<\/strong> \u2013 Schnelles und effizientes Aufladen f\u00fcr unterbrechungsfreie Nutzung.<\/p>\n<p data-start=\"694\" data-end=\"809\"><strong data-start=\"694\" data-end=\"724\">Reibungslose und konsistente Ausgabe<\/strong> \u2013 Das optimierte Spulensystem sorgt f\u00fcr stabilen Dampf und Geschmack vom ersten bis zum letzten Zug.<\/p>\n<p data-start=\"811\" data-end=\"916\"><strong data-start=\"811\" data-end=\"837\">Reichhaltiges Geschmackserlebnis<\/strong> \u2013 Die verbesserte Zerst\u00e4ubungstechnologie sorgt daf\u00fcr, dass jeder Zug zufriedenstellend und aromatisch ist.<\/p>\n<p data-start=\"918\" data-end=\"1004\"><strong data-start=\"918\" data-end=\"949\">Modernes Hochleistungsdesign<\/strong> \u2013 Gebaut f\u00fcr Komfort, Tragbarkeit und den t\u00e4glichen Gebrauch.<\/p>\n<p data-start=\"1006\" data-end=\"1114\" data-is-last-node=\"\" data-is-only-node=\"\"><strong data-start=\"1006\" data-end=\"1038\">Ideal f\u00fcr Einzel- und Gro\u00dfhandel<\/strong> \u2013 Beliebtes, langlebiges Ger\u00e4t, geeignet f\u00fcr globale M\u00e4rkte und Vertrieb.<\/p>\n<p>&nbsp;<\/p>\n<h2 data-start=\"0\" data-end=\"68\"><strong data-start=\"3\" data-end=\"68\">QQ Bang 100K <\/strong><strong data-start=\"3\" data-end=\"68\">Puffs <\/strong><strong data-start=\"3\" data-end=\"68\">Liste der Einweg-Vape-Geschmacksrichtungen<\/strong><\/h2>\n<p><strong data-start=\"25\" data-end=\"38\">1.Pfirsicheis<\/strong><\/p>\n<p><strong data-start=\"43\" data-end=\"61\">2. Wassermeloneneis<\/strong><\/p>\n<p><strong data-start=\"66\" data-end=\"82\">3. Gemischte Fr\u00fcchte<\/strong><\/p>\n<p><strong data-start=\"87\" data-end=\"113\">4.Mango-Pfirsich-Wassermelone<\/strong><\/p>\n<p><strong data-start=\"118\" data-end=\"138\">5.Erdbeer-Mamba<\/strong><\/p>\n<p><strong data-start=\"143\" data-end=\"166\">6. Blaubeer-Himbeere<\/strong><\/p>\n<p><strong data-start=\"171\" data-end=\"184\">7. Traubeneis<\/strong><\/p>\n<p><strong data-start=\"189\" data-end=\"204\">8. Apfeltraube<\/strong><\/p>\n<p><strong data-start=\"209\" data-end=\"225\">9.Energy-Drink<\/strong><\/p>\n<p><strong data-start=\"230\" data-end=\"241\">10.Liebe 66<\/strong><\/p>\n<p><strong data-start=\"246\" data-end=\"266\">11.Erdbeer-Mango<\/strong><\/p>\n<p><strong data-start=\"271\" data-end=\"288\">12.Blueberry Ice<img loading=\"lazy\" decoding=\"async\" class=\"alignnone wp-image-10179 size-full\" src=\"https:\/\/pgvape.com\/wp-content\/uploads\/2026\/04\/QQ-Bang-100K-Dual-Mesh-Disposable-Vape-With-100000-Puffs-And-Fast-Charging-pgvape-14.png\" alt=\"Zw\u00f6lf Bang-Energy-Drink-Flaschen in zwei Reihen mit farbenfrohen Etiketten mit Fruchtgeschmack und auff\u00e4lligen Bang-Logos.\" width=\"1500\" height=\"1460\" srcset=\"https:\/\/pgvape.com\/wp-content\/uploads\/2026\/04\/QQ-Bang-100K-Dual-Mesh-Disposable-Vape-With-100000-Puffs-And-Fast-Charging-pgvape-14.png 1500w, https:\/\/pgvape.com\/wp-content\/uploads\/2026\/04\/QQ-Bang-100K-Dual-Mesh-Disposable-Vape-With-100000-Puffs-And-Fast-Charging-pgvape-14-370x360.png 370w, https:\/\/pgvape.com\/wp-content\/uploads\/2026\/04\/QQ-Bang-100K-Dual-Mesh-Disposable-Vape-With-100000-Puffs-And-Fast-Charging-pgvape-14-595x579.png 595w, https:\/\/pgvape.com\/wp-content\/uploads\/2026\/04\/QQ-Bang-100K-Dual-Mesh-Disposable-Vape-With-100000-Puffs-And-Fast-Charging-pgvape-14-400x389.png 400w, https:\/\/pgvape.com\/wp-content\/uploads\/2026\/04\/QQ-Bang-100K-Dual-Mesh-Disposable-Vape-With-100000-Puffs-And-Fast-Charging-pgvape-14-768x748.png 768w, https:\/\/pgvape.com\/wp-content\/uploads\/2026\/04\/QQ-Bang-100K-Dual-Mesh-Disposable-Vape-With-100000-Puffs-And-Fast-Charging-pgvape-14-12x12.png 12w, https:\/\/pgvape.com\/wp-content\/uploads\/2026\/04\/QQ-Bang-100K-Dual-Mesh-Disposable-Vape-With-100000-Puffs-And-Fast-Charging-pgvape-14-600x584.png 600w\" sizes=\"auto, (max-width: 1500px) 100vw, 1500px\" \/><\/strong><\/p>\n<p>&nbsp;<\/p>\n<h2 data-start=\"0\" data-end=\"68\"><strong data-start=\"3\" data-end=\"68\">FAQs QQ Bang 100K Puffs Einweg-Vaporizer<\/strong><\/h2>\n<p data-start=\"53\" data-end=\"205\"><strong data-start=\"53\" data-end=\"104\">\u2753 Wie viele Z\u00fcge bietet der QQ Bang 100K?<\/strong><br data-start=\"104\" data-end=\"107\" \/>\u2705 Das Ger\u00e4t liefert bis zu <strong data-start=\"135\" data-end=\"152\">100.000 Z\u00fcge<\/strong>, und bietet langanhaltende Leistung f\u00fcr l\u00e4ngere Nutzung.<\/p>\n<p data-start=\"207\" data-end=\"362\"><strong data-start=\"207\" data-end=\"251\">\u2753Welche Nikotinst\u00e4rken gibt es?<\/strong><br data-start=\"251\" data-end=\"254\" \/>\u2705 Es ist erh\u00e4ltlich in <strong data-start=\"275\" data-end=\"310\">2%-, 3%- und 5%-Nikotinoptionen<\/strong>, sodass Benutzer ihre bevorzugte St\u00e4rke w\u00e4hlen k\u00f6nnen.<\/p>\n<p data-start=\"364\" data-end=\"514\"><strong data-start=\"364\" data-end=\"400\">\u2753 Welche Art von Spule wird verwendet?<\/strong><br data-start=\"400\" data-end=\"403\" \/>\u2705 Die Ger\u00e4tefunktionen <strong data-start=\"425\" data-end=\"444\">Dual-Mesh-Spulen<\/strong>, sorgt f\u00fcr reichhaltigeren Geschmack, sanfteren Dampf und konstante Leistung.<\/p>\n<p data-start=\"516\" data-end=\"636\"><strong data-start=\"516\" data-end=\"550\">\u2753 Ist der Akku wiederaufladbar?<\/strong><br data-start=\"550\" data-end=\"553\" \/>\u2705 Ja, es kommt mit einem <strong data-start=\"576\" data-end=\"607\">650-mAh-Akku<\/strong> f\u00fcr zuverl\u00e4ssiges Dampfen den ganzen Tag.<\/p>\n<p data-start=\"638\" data-end=\"768\"><strong data-start=\"638\" data-end=\"681\">\u2753Welche Lademethode wird unterst\u00fctzt?<\/strong><br data-start=\"681\" data-end=\"684\" \/>\u2705 Es unterst\u00fctzt <strong data-start=\"698\" data-end=\"726\">USB-Typ-C-Schnellladung<\/strong>, was ein schnelles und effizientes Aufladen erm\u00f6glicht.<\/p>\n<p data-start=\"770\" data-end=\"911\"><strong data-start=\"770\" data-end=\"807\">\u2753Wie viele Geschmacksrichtungen sind verf\u00fcgbar?<\/strong><br data-start=\"807\" data-end=\"810\" \/>\u2705 Der Vape ist erh\u00e4ltlich in <strong data-start=\"837\" data-end=\"866\">12 beliebte Geschmacksrichtungen<\/strong>, was den Benutzern eine gro\u00dfe Auswahl an Geschmacksrichtungen bietet.<\/p>\n<p data-start=\"913\" data-end=\"1142\" data-is-last-node=\"\" data-is-only-node=\"\"><strong data-start=\"913\" data-end=\"952\">\u2753 Warum sollten Sie sich f\u00fcr den QQ Bang 100K Vape entscheiden?<\/strong><br data-start=\"952\" data-end=\"955\" \/>\u2705 Es verbindet <strong data-start=\"969\" data-end=\"1070\">100.000 Z\u00fcge, Dual-Mesh-Coil-Leistung, wiederaufladbarer Komfort und mehrere Nikotinst\u00e4rken<\/strong>, Dies macht es zu einer gro\u00dfartigen Wahl f\u00fcr Benutzer, die Haltbarkeit und reichhaltigen Geschmack suchen.<\/p>\n<p>&nbsp;<\/p>\n<h3 id=\"brxe-najhln\" class=\"brxe-heading\">H\u00e4ufig gestellte Fragen (FAQ)<\/h3>\n<div id=\"brxe-rajiac\" class=\"brxe-text\">\n<p><strong>F: Welche Zahlungsmethoden akzeptieren Sie?<\/strong><br \/>\nA: Wir akzeptieren PayPal, Stripe, Bank\u00fcberweisungen (SEPA unterst\u00fctzt), g\u00e4ngige Kreditkarten (Visa, MasterCard, American Express) und Zahlungen in Kryptow\u00e4hrung.<\/p>\n<p><strong>F: Wie lange dauert die Auftragsvorbereitung?<\/strong><br \/>\nA: Die Auftragsvorbereitung dauert 1-3 Werktage.<\/p>\n<p><strong>F: Wie lange dauert die Lieferung?<\/strong><br \/>\nA: Die Lieferzeit betr\u00e4gt je nach Standort 7\u201314 Werktage. Die Lieferung von Waren aus europ\u00e4ischen Lagern dauert in der Regel 3\u20136 Werktage.<\/p>\n<p><strong>F: Wie kann ich meine Bestellung verfolgen?<\/strong><br \/>\nA: Nach dem Versand erhalten Sie eine Best\u00e4tigungs-E-Mail mit einer Sendungsverfolgungsnummer zur Echtzeitverfolgung.<\/p>\n<p><strong>F: Wie lauten Ihre R\u00fcckgabebedingungen?<\/strong><br \/>\nA: Wir bieten ein 30-t\u00e4giges R\u00fcckgaberecht f\u00fcr R\u00fcckerstattungen oder Umtausch. .<\/p>\n<p><strong>F: Wird es Zollprobleme geben?<br \/>\n<\/strong>Wir k\u00fcmmern uns um alle Zollabfertigungsverfahren, um Ihnen ein reibungsloses Erlebnis zu gew\u00e4hrleisten. .<\/p>\n<p><strong>F: Welche Versandarten werden verwendet?<\/strong><br \/>\nWir arbeiten mit UPS\/DHL\/FEDEX\/DPD etc. zusammen. Je nach Lieferland w\u00e4hlen wir die passende Versandoption aus, um sicherzustellen, dass Sie Ihre Produkte schnellstm\u00f6glich erhalten.<\/p>\n<p><a href=\"https:\/\/pgvape.com\/de\/faqs\/\">Klicken Sie hier f\u00fcr weitere FAQ<\/a><\/p>\n<p>Liebe Kunden, wenn Sie Fragen zu Ihrer Bestellung oder zum Wareneingang haben, wenden Sie sich bitte an unseren Kundenservice. Vielen Dank!<\/p>\n<h3 data-sourcepos=\"73:1-73:21\"><strong data-sourcepos=\"73:7-73:21\">Kontaktieren Sie uns<\/strong><\/h3>\n<div id=\"text-2419739398\" class=\"text\">\n<p><strong data-sourcepos=\"75:3-75:12\">E-Mail<\/strong>:\u00a0<a href=\"mailto:support@pgvape.com\"><strong>support@pgvape.com<\/strong><\/a><\/p>\n<p><strong data-sourcepos=\"76:3-76:15\">WhatsApp<\/strong>:\u00a0<a href=\"https:\/\/wa.me\/+8618128481258\"><strong>+86 18128481258<\/strong><\/a><br \/>\n<strong>(Antwort innerhalb von 24 Stunden an Werktagen)<\/strong><\/p>\n<\/div>\n<h3><strong>Vielen Dank, dass Sie sich f\u00fcr pgvape.com entschieden haben! .<\/strong><\/h3>\n<\/div>","protected":false},"excerpt":{"rendered":"<p data-start=\"0\" data-end=\"32\"><strong data-start=\"0\" data-end=\"32\">QQ Bang 100K Einweg-Vaporizer <\/strong>Bis zu 100.000 Z\u00fcge mit Dual-Mesh-Spulen f\u00fcr reichhaltigeren Geschmack und gleichm\u00e4\u00dfigen, gleichm\u00e4\u00dfigen Dampf. Angetrieben von einem wiederaufladbaren 650-mAh-Akku mit Typ-C-Schnellladung f\u00fcr zuverl\u00e4ssigen ganzt\u00e4gigen Einsatz. Erh\u00e4ltlich in 12 Geschmacksrichtungen und mehreren Nikotinst\u00e4rken f\u00fcr jeden Geschmack.<\/p>","protected":false},"featured_media":10167,"comment_status":"open","ping_status":"closed","template":"","meta":{"_seopress_robots_primary_cat":"none","_seopress_titles_title":"","_seopress_titles_desc":"","_seopress_robots_index":""},"product_brand":[36,516],"product_cat":[170,25,515],"product_tag":[395,90,243,652,651],"class_list":{"0":"post-10163","1":"product","2":"type-product","3":"status-publish","4":"has-post-thumbnail","6":"product_brand-bang-vape","7":"product_brand-disposable-vape","8":"product_cat-100k-puffs-vape","9":"product_cat-bang-vape","10":"product_cat-disposable-vape","11":"product_tag-100k-puffs-vape","12":"product_tag-disposable-vape","13":"product_tag-dual-mesh","14":"product_tag-fast-charging","15":"product_tag-qq-bang-100k","17":"first","18":"instock","19":"sale","20":"shipping-taxable","21":"purchasable","22":"product-type-variable"},"_links":{"self":[{"href":"https:\/\/pgvape.com\/de\/wp-json\/wp\/v2\/product\/10163","targetHints":{"allow":["GET"]}}],"collection":[{"href":"https:\/\/pgvape.com\/de\/wp-json\/wp\/v2\/product"}],"about":[{"href":"https:\/\/pgvape.com\/de\/wp-json\/wp\/v2\/types\/product"}],"replies":[{"embeddable":true,"href":"https:\/\/pgvape.com\/de\/wp-json\/wp\/v2\/comments?post=10163"}],"wp:featuredmedia":[{"embeddable":true,"href":"https:\/\/pgvape.com\/de\/wp-json\/wp\/v2\/media\/10167"}],"wp:attachment":[{"href":"https:\/\/pgvape.com\/de\/wp-json\/wp\/v2\/media?parent=10163"}],"wp:term":[{"taxonomy":"product_brand","embeddable":true,"href":"https:\/\/pgvape.com\/de\/wp-json\/wp\/v2\/product_brand?post=10163"},{"taxonomy":"product_cat","embeddable":true,"href":"https:\/\/pgvape.com\/de\/wp-json\/wp\/v2\/product_cat?post=10163"},{"taxonomy":"product_tag","embeddable":true,"href":"https:\/\/pgvape.com\/de\/wp-json\/wp\/v2\/product_tag?post=10163"}],"curies":[{"name":"wp","href":"https:\/\/api.w.org\/{rel}","templated":true}]}}