{"id":10129,"date":"2026-04-14T08:46:11","date_gmt":"2026-04-14T08:46:11","guid":{"rendered":"https:\/\/pgvape.com\/?post_type=product&#038;p=10129"},"modified":"2026-04-14T08:46:56","modified_gmt":"2026-04-14T08:46:56","slug":"airmez-fox-160k-8-in-1-intelligenter-einweg-vaporizer-mit-160-000-zugen-60-ml-quadtanks-und-mesh-spule","status":"publish","type":"product","link":"https:\/\/pgvape.com\/de\/produkt\/airmez-fox-160k-8-in-1-intelligenter-einweg-vaporizer-mit-160-000-zugen-60-ml-quadtanks-und-mesh-spule\/","title":{"rendered":"Airmez FOX 160K 8-in-1-Smart-Einweg-Vaporizer mit 160.000 Z\u00fcgen, 60-ml-Vierfachtanks und Mesh-Spule"},"content":{"rendered":"<h2 data-start=\"0\" data-end=\"88\"><strong data-start=\"3\" data-end=\"88\">Airmez FOX 8 in 1 160K Einweg-Vaporizer | Fortschrittliches Multi-Tank-Ger\u00e4t mit hoher Kapazit\u00e4t<\/strong><\/h2>\n<p data-start=\"90\" data-end=\"289\">Der AIRMEZ FOX 8 IN 1 160K Einweg-Vaporizer ist auf au\u00dfergew\u00f6hnliche Langlebigkeit und stabile Leistung ausgelegt und liefert bis zu 160.000 Z\u00fcge mit einem fortschrittlichen Multi-Tank-Design.<\/p>\n<p data-start=\"291\" data-end=\"552\">Mit vier unabh\u00e4ngigen 15-ml-Tanks mit einem Gesamtvolumen von 60 ml tr\u00e4gt es dazu bei, die Frische des E-Liquids zu bewahren und sorgt f\u00fcr einen gleichbleibenden Geschmack vom ersten bis zum letzten Zug. Das fortschrittliche Mesh-Spulensystem sorgt f\u00fcr einen gleichm\u00e4\u00dfigen Luftstrom, reichhaltigen Geschmack und eine dichte Dampfproduktion.<\/p>\n<p data-start=\"554\" data-end=\"701\">Angetrieben von einem wiederaufladbaren 650-mAh-Akku mit Typ-C-Aufladung bietet dieses Ger\u00e4t eine zuverl\u00e4ssige Leistung und bequemes Aufladen f\u00fcr den l\u00e4ngeren t\u00e4glichen Gebrauch.<\/p>\n<p data-start=\"703\" data-end=\"812\" data-is-last-node=\"\" data-is-only-node=\"\">Eine ideale Wahl f\u00fcr Benutzer, die Innovation, langlebige Leistung und erstklassigen Multigeschmackskomfort suchen.<\/p>\n<p>&nbsp;<\/p>\n<h2 data-start=\"0\" data-end=\"88\"><\/h2>\n<h2 data-start=\"0\" data-end=\"88\"><strong data-start=\"3\" data-end=\"88\">Airmez FOX 8 in 1 160K Puffs Einweg-Vape-Produkt-Highlights<\/strong><\/h2>\n<p data-start=\"59\" data-end=\"190\"><strong data-start=\"59\" data-end=\"82\">Bis zu 160.000 Z\u00fcge<\/strong> \u2013 Entwickelt f\u00fcr extrem lang anhaltende Leistung mit stabiler Ausgabe \u00fcber die gesamte Ger\u00e4telebensdauer.<\/p>\n<p data-start=\"192\" data-end=\"340\"><strong data-start=\"192\" data-end=\"226\">8-in-1-Innovation mit mehreren Geschmacksrichtungen<\/strong> \u2013 Das fortschrittliche Geschmackssystem bietet mehrere Geschmackserlebnisse in einem Ger\u00e4t f\u00fcr mehr Vielfalt und Komfort.<\/p>\n<p data-start=\"342\" data-end=\"503\"><strong data-start=\"342\" data-end=\"378\">60 ml segmentiertes E-Liquid-Kapazit\u00e4t<\/strong> - Merkmale <strong data-start=\"390\" data-end=\"420\">15ml \u00d7 4 independent tanks<\/strong> um die Frische zu bewahren, die Oxidation zu reduzieren und eine gleichbleibende Geschmacksqualit\u00e4t aufrechtzuerhalten.<\/p>\n<p data-start=\"505\" data-end=\"644\"><strong data-start=\"505\" data-end=\"535\">Unabh\u00e4ngiges Kammerdesign<\/strong> \u2013 Separate Beh\u00e4lter sorgen f\u00fcr einen ausgewogenen Fl\u00fcssigkeitsverbrauch und zuverl\u00e4ssige Leistung vom ersten bis zum letzten Zug.<\/p>\n<p data-start=\"646\" data-end=\"778\"><strong data-start=\"646\" data-end=\"679\">Fortschrittliche Mesh-Coil-Technologie<\/strong> \u2013 Das Pr\u00e4zisionszerst\u00e4ubungssystem sorgt f\u00fcr eine gleichm\u00e4\u00dfige Erhitzung, einen reichhaltigeren Geschmack und eine dichte Dampfproduktion.<\/p>\n<p data-start=\"780\" data-end=\"914\"><strong data-start=\"780\" data-end=\"816\">Gleichm\u00e4\u00dfige und gleichm\u00e4\u00dfige Dampfabgabe<\/strong> \u2013 Optimierter Luftstrom und thermische Kontrolle sorgen f\u00fcr zufriedenstellende Z\u00fcge ohne Leistungseinbu\u00dfen.<\/p>\n<p data-start=\"916\" data-end=\"1018\"><strong data-start=\"916\" data-end=\"947\">650-mAh-Akku<\/strong> \u2013 Stabiles Energieverwaltungssystem f\u00fcr l\u00e4ngere Nutzungszyklen.<\/p>\n<p data-start=\"1020\" data-end=\"1115\"><strong data-start=\"1020\" data-end=\"1044\">Typ-C-Schnellladung<\/strong> \u2013 Schnelles und bequemes Aufladen f\u00fcr unterbrechungsfreie Dampfsitzungen.<\/p>\n<p data-start=\"1117\" data-end=\"1255\"><strong data-start=\"1117\" data-end=\"1152\">Pr\u00e4zisionstechnische Struktur<\/strong> \u2013 Gebaut mit fortschrittlicher Mikroelektronik und effizientem thermodynamischem Design f\u00fcr langfristige Zuverl\u00e4ssigkeit.<\/p>\n<p data-start=\"1257\" data-end=\"1374\" data-is-last-node=\"\" data-is-only-node=\"\"><strong data-start=\"1257\" data-end=\"1289\">Premium-Design mit hoher Kapazit\u00e4t<\/strong> \u2013 Vereint Spitzentechnologie, Langlebigkeit und moderne \u00c4sthetik in einem Ger\u00e4t.<\/p>\n<p>&nbsp;<\/p>\n<h2 data-start=\"0\" data-end=\"88\"><strong data-start=\"3\" data-end=\"88\">Airmez FOX 8 in 1 160K Puffs Einweg-Vape-Geschmacksliste<\/strong><\/h2>\n<p data-start=\"23\" data-end=\"91\"><strong data-start=\"23\" data-end=\"89\">1. Bingo Crush &amp; Triple Mango &amp; Mixed Berries &amp; Watermelon Ice<\/strong><\/p>\n<p data-start=\"93\" data-end=\"162\"><strong data-start=\"93\" data-end=\"160\">2. Love66 &amp; Strawberry Ice &amp; Blue Razz Lemonade &amp; Pineapple Ice<\/strong><\/p>\n<p data-start=\"164\" data-end=\"225\"><strong data-start=\"164\" data-end=\"223\">3. Watermelon Ice &amp; Love66 &amp; Double Apple &amp; Mango Peach<\/strong><\/p>\n<p data-start=\"227\" data-end=\"298\"><strong data-start=\"227\" data-end=\"296\">4. Gemischtes Beeren-, Blaubeer-, Himbeer-, Wassermelonen- und Cola-Eis<\/strong><\/p>\n<p data-start=\"300\" data-end=\"378\"><strong data-start=\"300\" data-end=\"376\">5. Mango-Pfirsich &amp; tropische Fr\u00fcchte &amp; Beerenlimonade &amp; Erdbeer-Wassermelone<\/strong><\/p>\n<p data-start=\"380\" data-end=\"452\"><strong data-start=\"380\" data-end=\"450\">6. Cherry Ice &amp; Strawberry Dragon Fruit &amp; Triple Mango &amp; Blue Razz<\/strong><\/p>\n<p data-start=\"454\" data-end=\"526\"><strong data-start=\"454\" data-end=\"524\">7. Drachenfruchteis &amp; Bingo Crush &amp; Love66 &amp; Ananas-Mango-Pfirsich<\/strong><\/p>\n<p data-start=\"528\" data-end=\"597\"><strong data-start=\"528\" data-end=\"595\">8. Dr. Blue &amp; Cherry Berry &amp; Strawberry Watermelon &amp; Peach Berry<\/strong><\/p>\n<p data-start=\"599\" data-end=\"670\"><strong data-start=\"599\" data-end=\"668\">9. Pfirsicheis und gemischte Beeren sowie Melonen-Passionsfrucht und dreifache Mango<\/strong><\/p>\n<p data-start=\"672\" data-end=\"747\" data-is-last-node=\"\" data-is-only-node=\"\"><strong data-start=\"672\" data-end=\"747\" data-is-last-node=\"\">10. Mango-Eis &amp; prickelnde Kirsch-Cola &amp; Erdbeer-Himbeere &amp; gemischte Beeren<img loading=\"lazy\" decoding=\"async\" class=\"alignnone wp-image-10133 size-full\" src=\"https:\/\/pgvape.com\/wp-content\/uploads\/2026\/04\/AIRMEZ-FOX-160K-8-In-1-Smart-Disposable-Vape-With-160000-Puffs-60ml-Quad-Tanks-And-Mesh-Coil-pgvape-2.png\" alt=\"Zwei Reihen farbenfroher Airmez 8-in-1-Vape-Flaschen mit jeweils einer anderen Tierillustration auf dem Etikett und einem passenden Pastellverschluss.\" width=\"1500\" height=\"926\" srcset=\"https:\/\/pgvape.com\/wp-content\/uploads\/2026\/04\/AIRMEZ-FOX-160K-8-In-1-Smart-Disposable-Vape-With-160000-Puffs-60ml-Quad-Tanks-And-Mesh-Coil-pgvape-2.png 1500w, https:\/\/pgvape.com\/wp-content\/uploads\/2026\/04\/AIRMEZ-FOX-160K-8-In-1-Smart-Disposable-Vape-With-160000-Puffs-60ml-Quad-Tanks-And-Mesh-Coil-pgvape-2-555x343.png 555w, https:\/\/pgvape.com\/wp-content\/uploads\/2026\/04\/AIRMEZ-FOX-160K-8-In-1-Smart-Disposable-Vape-With-160000-Puffs-60ml-Quad-Tanks-And-Mesh-Coil-pgvape-2-595x367.png 595w, https:\/\/pgvape.com\/wp-content\/uploads\/2026\/04\/AIRMEZ-FOX-160K-8-In-1-Smart-Disposable-Vape-With-160000-Puffs-60ml-Quad-Tanks-And-Mesh-Coil-pgvape-2-400x247.png 400w, https:\/\/pgvape.com\/wp-content\/uploads\/2026\/04\/AIRMEZ-FOX-160K-8-In-1-Smart-Disposable-Vape-With-160000-Puffs-60ml-Quad-Tanks-And-Mesh-Coil-pgvape-2-768x474.png 768w, https:\/\/pgvape.com\/wp-content\/uploads\/2026\/04\/AIRMEZ-FOX-160K-8-In-1-Smart-Disposable-Vape-With-160000-Puffs-60ml-Quad-Tanks-And-Mesh-Coil-pgvape-2-18x12.png 18w, https:\/\/pgvape.com\/wp-content\/uploads\/2026\/04\/AIRMEZ-FOX-160K-8-In-1-Smart-Disposable-Vape-With-160000-Puffs-60ml-Quad-Tanks-And-Mesh-Coil-pgvape-2-600x370.png 600w\" sizes=\"auto, (max-width: 1500px) 100vw, 1500px\" \/><\/strong><\/p>\n<p>&nbsp;<\/p>\n<h2 data-start=\"0\" data-end=\"88\"><strong data-start=\"3\" data-end=\"88\">Airmez FOX 8 in 1 160K Puffs Einweg-Vape-Video<\/strong><\/h2>\n<p><iframe loading=\"lazy\" title=\"AIRMEZ FOX 160K 8-in-1-Smart-Einweg-Vaporizer mit 160.000 Z\u00fcgen, 60-ml-Vierfachtanks und Mesh-Spule\" width=\"1020\" height=\"574\" src=\"https:\/\/www.youtube.com\/embed\/8v9vW-z5h6Y?feature=oembed\" frameborder=\"0\" allow=\"accelerometer; autoplay; clipboard-write; encrypted-media; gyroscope; picture-in-picture; web-share\" referrerpolicy=\"strict-origin-when-cross-origin\" allowfullscreen><\/iframe><\/p>\n<p>&nbsp;<\/p>\n<h2 data-start=\"0\" data-end=\"88\"><strong data-start=\"3\" data-end=\"88\">FAQs Airmez FOX 8 in 1 160K Puffs Einweg-Vaporizer<\/strong><\/h2>\n<p data-start=\"63\" data-end=\"216\"><strong data-start=\"63\" data-end=\"119\">\u2753 Wie viele Z\u00fcge bietet der Airmez Fox 8 in 1?<\/strong><br data-start=\"119\" data-end=\"122\" \/>\u2705 Das Ger\u00e4t liefert bis zu <strong data-start=\"150\" data-end=\"167\">160.000 Z\u00fcge<\/strong>, offering ultra-long-lasting vaping performance.<\/p>\n<p data-start=\"218\" data-end=\"387\"><strong data-start=\"218\" data-end=\"254\">\u2753 Wie hoch ist die E-Liquid-Kapazit\u00e4t?<\/strong><br data-start=\"254\" data-end=\"257\" \/>\u2705 Es verf\u00fcgt \u00fcber insgesamt <strong data-start=\"282\" data-end=\"299\">60 ml E-Liquid<\/strong>, unterteilt in <strong data-start=\"314\" data-end=\"342\">4 unabh\u00e4ngige 15-ml-Tanks<\/strong> f\u00fcr eine bessere Geschmacksfrische und Konsistenz.<\/p>\n<p data-start=\"389\" data-end=\"526\"><strong data-start=\"389\" data-end=\"425\">\u2753 Welche Art von Spule wird verwendet?<\/strong><br data-start=\"425\" data-end=\"428\" \/>\u2705 Das Ger\u00e4t verwendet eine <strong data-start=\"449\" data-end=\"471\">fortschrittliche Mesh-Spule<\/strong>, sorgt f\u00fcr gleichm\u00e4\u00dfige Erhitzung, dichten Dampf und satten Geschmack.<\/p>\n<p data-start=\"528\" data-end=\"647\"><strong data-start=\"528\" data-end=\"562\">\u2753 Ist der Akku wiederaufladbar?<\/strong><br data-start=\"562\" data-end=\"565\" \/>\u2705 Ja, es kommt mit einem <strong data-start=\"588\" data-end=\"619\">650-mAh-Akku<\/strong> f\u00fcr einen zuverl\u00e4ssigen Langzeiteinsatz.<\/p>\n<p data-start=\"649\" data-end=\"770\"><strong data-start=\"649\" data-end=\"692\">\u2753Welche Lademethode wird unterst\u00fctzt?<\/strong><br data-start=\"692\" data-end=\"695\" \/>\u2705 Es unterst\u00fctzt <strong data-start=\"709\" data-end=\"733\">Typ-C-Schnellladung<\/strong> f\u00fcr schnelles und bequemes Aufladen.<\/p>\n<p data-start=\"772\" data-end=\"1011\" data-is-last-node=\"\" data-is-only-node=\"\"><strong data-start=\"772\" data-end=\"811\">\u2753 Warum den Airmez Fox 8 in 1 w\u00e4hlen?<\/strong><br data-start=\"811\" data-end=\"814\" \/>\u2705 Es verbindet <strong data-start=\"828\" data-end=\"922\">160.000 Z\u00fcge, segmentierte Tanktechnologie, Mesh-Coil-Leistung und wiederaufladbarer Komfort<\/strong>, Dies macht es zu einer ausgezeichneten Wahl f\u00fcr Benutzer, die Haltbarkeit und erstklassige Geschmacksqualit\u00e4t w\u00fcnschen.<\/p>\n<p>&nbsp;<\/p>\n<h3 id=\"brxe-najhln\" class=\"brxe-heading\">H\u00e4ufig gestellte Fragen (FAQ)<\/h3>\n<div id=\"brxe-rajiac\" class=\"brxe-text\">\n<p><strong>F: Welche Zahlungsmethoden akzeptieren Sie?<\/strong><br \/>\nA: Wir akzeptieren PayPal, Stripe, Bank\u00fcberweisungen (SEPA unterst\u00fctzt), g\u00e4ngige Kreditkarten (Visa, MasterCard, American Express) und Zahlungen in Kryptow\u00e4hrung.<\/p>\n<p><strong>F: Wie lange dauert die Auftragsvorbereitung?<\/strong><br \/>\nA: Die Auftragsvorbereitung dauert 1-3 Werktage.<\/p>\n<p><strong>F: Wie lange dauert die Lieferung?<\/strong><br \/>\nA: Die Lieferzeit betr\u00e4gt je nach Standort 7\u201314 Werktage. Die Lieferung von Waren aus europ\u00e4ischen Lagern dauert in der Regel 3\u20136 Werktage.<\/p>\n<p><strong>F: Wie kann ich meine Bestellung verfolgen?<\/strong><br \/>\nA: Nach dem Versand erhalten Sie eine Best\u00e4tigungs-E-Mail mit einer Sendungsverfolgungsnummer zur Echtzeitverfolgung.<\/p>\n<p><strong>F: Wie lauten Ihre R\u00fcckgabebedingungen?<\/strong><br \/>\nA: Wir bieten ein 30-t\u00e4giges R\u00fcckgaberecht f\u00fcr R\u00fcckerstattungen oder Umtausch. .<\/p>\n<p><strong>F: Wird es Zollprobleme geben?<br \/>\n<\/strong>Wir k\u00fcmmern uns um alle Zollabfertigungsverfahren, um Ihnen ein reibungsloses Erlebnis zu gew\u00e4hrleisten. .<\/p>\n<p><strong>F: Welche Versandarten werden verwendet?<\/strong><br \/>\nWir arbeiten mit UPS\/DHL\/FEDEX\/DPD etc. zusammen. Je nach Lieferland w\u00e4hlen wir die passende Versandoption aus, um sicherzustellen, dass Sie Ihre Produkte schnellstm\u00f6glich erhalten.<\/p>\n<p><a href=\"https:\/\/pgvape.com\/de\/faqs\/\">Klicken Sie hier f\u00fcr weitere FAQ<\/a><\/p>\n<p>Liebe Kunden, wenn Sie Fragen zu Ihrer Bestellung oder zum Wareneingang haben, wenden Sie sich bitte an unseren Kundenservice. Vielen Dank!<\/p>\n<h3 data-sourcepos=\"73:1-73:21\"><strong data-sourcepos=\"73:7-73:21\">Kontaktieren Sie uns<\/strong><\/h3>\n<div id=\"text-2419739398\" class=\"text\">\n<p><strong data-sourcepos=\"75:3-75:12\">E-Mail<\/strong>:\u00a0<a href=\"mailto:support@pgvape.com\"><strong>support@pgvape.com<\/strong><\/a><\/p>\n<p><strong data-sourcepos=\"76:3-76:15\">WhatsApp<\/strong>:\u00a0<a href=\"https:\/\/wa.me\/+8618128481258\"><strong>+86 18128481258<\/strong><\/a><br \/>\n<strong>(Antwort innerhalb von 24 Stunden an Werktagen)<\/strong><\/p>\n<\/div>\n<h3><strong>Vielen Dank, dass Sie sich f\u00fcr pgvape.com entschieden haben! .<\/strong><\/h3>\n<\/div>","protected":false},"excerpt":{"rendered":"<p data-start=\"0\" data-end=\"42\"><strong data-start=\"0\" data-end=\"42\">AIRMEZ FOX 8-in-1 160K Einweg-Vaporizer <\/strong>Bis zu 160.000 Z\u00fcge mit einem fortschrittlichen 8-in-1-Design, das f\u00fcr dauerhafte Leistung entwickelt wurde. Verf\u00fcgt \u00fcber 4 unabh\u00e4ngige 15-ml-Tanks (insgesamt 60 ml), um die Geschmacksfrische zu bewahren, eine fortschrittliche Mesh-Spule f\u00fcr gleichm\u00e4\u00dfigen, dichten Dampf und einen wiederaufladbaren 650-mAh-Akku mit Typ-C-Schnellladung f\u00fcr zuverl\u00e4ssigen ganzt\u00e4gigen Gebrauch.<\/p>","protected":false},"featured_media":10134,"comment_status":"open","ping_status":"closed","template":"","meta":{"_seopress_robots_primary_cat":"none","_seopress_titles_title":"","_seopress_titles_desc":"","_seopress_robots_index":""},"product_brand":[154,516],"product_cat":[595,155,515],"product_tag":[597,649,647,646,90,631,650,648],"class_list":{"0":"post-10129","1":"product","2":"type-product","3":"status-publish","4":"has-post-thumbnail","6":"product_brand-airmez-fox-vape","7":"product_brand-disposable-vape","8":"product_cat-160k-puffs-vape","9":"product_cat-airmez-fox-vape","10":"product_cat-disposable-vape","11":"product_tag-160k-puffs-vape","12":"product_tag-60ml","13":"product_tag-8-in-1","14":"product_tag-airmez-fox-160k","15":"product_tag-disposable-vape","16":"product_tag-mesh-coil","17":"product_tag-quad-tanks","18":"product_tag-smart","20":"first","21":"instock","22":"sale","23":"shipping-taxable","24":"purchasable","25":"product-type-variable"},"_links":{"self":[{"href":"https:\/\/pgvape.com\/de\/wp-json\/wp\/v2\/product\/10129","targetHints":{"allow":["GET"]}}],"collection":[{"href":"https:\/\/pgvape.com\/de\/wp-json\/wp\/v2\/product"}],"about":[{"href":"https:\/\/pgvape.com\/de\/wp-json\/wp\/v2\/types\/product"}],"replies":[{"embeddable":true,"href":"https:\/\/pgvape.com\/de\/wp-json\/wp\/v2\/comments?post=10129"}],"wp:featuredmedia":[{"embeddable":true,"href":"https:\/\/pgvape.com\/de\/wp-json\/wp\/v2\/media\/10134"}],"wp:attachment":[{"href":"https:\/\/pgvape.com\/de\/wp-json\/wp\/v2\/media?parent=10129"}],"wp:term":[{"taxonomy":"product_brand","embeddable":true,"href":"https:\/\/pgvape.com\/de\/wp-json\/wp\/v2\/product_brand?post=10129"},{"taxonomy":"product_cat","embeddable":true,"href":"https:\/\/pgvape.com\/de\/wp-json\/wp\/v2\/product_cat?post=10129"},{"taxonomy":"product_tag","embeddable":true,"href":"https:\/\/pgvape.com\/de\/wp-json\/wp\/v2\/product_tag?post=10129"}],"curies":[{"name":"wp","href":"https:\/\/api.w.org\/{rel}","templated":true}]}}