{"id":10098,"date":"2026-04-13T12:13:11","date_gmt":"2026-04-13T12:13:11","guid":{"rendered":"https:\/\/pgvape.com\/?post_type=product&#038;p=10098"},"modified":"2026-04-13T12:13:11","modified_gmt":"2026-04-13T12:13:11","slug":"qqbang-180k-4-in-1-einweg-vaporizer-mit-180-000-zugen-mesh-spule-und-schnellladung","status":"publish","type":"product","link":"https:\/\/pgvape.com\/de\/produkt\/qqbang-180k-4-in-1-einweg-vaporizer-mit-180-000-zugen-mesh-spule-und-schnellladung\/","title":{"rendered":"QQBang 180K 4-in-1-Geschmacksrichtung Einweg-Vape mit 180.000 Puffs Mesh Coil und Schnellladung"},"content":{"rendered":"<h2 data-start=\"0\" data-end=\"70\"><strong data-start=\"3\" data-end=\"70\">QQBANG 180K Einweg-Vape | Hochleistungsger\u00e4t f\u00fcr mehrere Geschmacksrichtungen<\/strong><\/h2>\n<p data-start=\"72\" data-end=\"245\">Der QQBANG 180K Einweg-Vaporizer wurde f\u00fcr Benutzer entwickelt, die eine extrem lange Leistung und Geschmacksvielfalt suchen, und liefert bis zu 180.000 Z\u00fcge in einem Ger\u00e4t.<\/p>\n<p data-start=\"247\" data-end=\"475\">Sein 4-in-1-Geschmackssystem erm\u00f6glicht den einfachen Wechsel zwischen vier integrierten Geschmacksrichtungen und bietet so ein vielseitigeres Dampferlebnis. Ausgestattet mit einer 1.0\u03a9-Mesh-Spule sorgt es f\u00fcr einen gleichm\u00e4\u00dfigen Luftstrom, reichhaltigen Geschmack und eine gleichm\u00e4\u00dfige Dampfproduktion.<\/p>\n<p data-start=\"477\" data-end=\"695\">Angetrieben von einem wiederaufladbaren 650-mAh-Akku mit Typ-C-Schnellladung gew\u00e4hrleistet dieses Ger\u00e4t einen zuverl\u00e4ssigen t\u00e4glichen Gebrauch und bequemes Aufladen. Es ist in mehreren Nikotinst\u00e4rken erh\u00e4ltlich und erf\u00fcllt ein breites Spektrum an Benutzerpr\u00e4ferenzen.<\/p>\n<p data-start=\"697\" data-end=\"803\" data-is-last-node=\"\" data-is-only-node=\"\">Eine ideale Wahl f\u00fcr Benutzer und Gro\u00dfh\u00e4ndler, die Kapazit\u00e4t, Komfort und Leistung bei mehreren Geschmacksrichtungen suchen.<\/p>\n<p>&nbsp;<\/p>\n<h2><strong>QQBang 180K 4-in-1-Geschmacksrichtung Einweg-Vape-Produkt-Highlights<\/strong><\/h2>\n<p data-start=\"55\" data-end=\"164\"><strong data-start=\"55\" data-end=\"78\">Bis zu 180.000 Z\u00fcge<\/strong> \u2013 Leistung mit extrem hoher Kapazit\u00e4t f\u00fcr l\u00e4ngeres Dampfen und weniger Austauschen.<\/p>\n<p data-start=\"166\" data-end=\"293\"><strong data-start=\"166\" data-end=\"196\">4-in-1-Multi-Geschmackssystem<\/strong> \u2013 Vier integrierte Geschmacksrichtungen in einem Ger\u00e4t, sodass Sie jederzeit f\u00fcr ein frisches Erlebnis wechseln k\u00f6nnen.<\/p>\n<p data-start=\"295\" data-end=\"415\"><strong data-start=\"295\" data-end=\"324\">1.0\u03a9 Mesh Coil-Technologie<\/strong> \u2013 Das fortschrittliche Spulensystem sorgt f\u00fcr einen gleichm\u00e4\u00dfigen Luftstrom, reichhaltigen Geschmack und eine dichte Dampfproduktion.<\/p>\n<p data-start=\"417\" data-end=\"517\"><strong data-start=\"417\" data-end=\"448\">650-mAh-Akku<\/strong> \u2013 Zuverl\u00e4ssiger eingebauter Akku f\u00fcr stabile t\u00e4gliche Leistung.<\/p>\n<p data-start=\"519\" data-end=\"611\"><strong data-start=\"519\" data-end=\"543\">Typ-C-Schnellladung<\/strong> \u2013 Schnelles und effizientes Aufladen f\u00fcr unterbrechungsfreie Dampfsitzungen.<\/p>\n<p data-start=\"613\" data-end=\"731\"><strong data-start=\"613\" data-end=\"642\">Mehrere Nikotinoptionen<\/strong> \u2013 Erh\u00e4ltlich in 0%, 2%, 3% und 5%, um unterschiedlichen Benutzerpr\u00e4ferenzen und Marktanforderungen gerecht zu werden.<\/p>\n<p data-start=\"733\" data-end=\"846\"><strong data-start=\"733\" data-end=\"763\">Reibungslose und konsistente Ausgabe<\/strong> \u2013 Optimierter Luftstrom und Spulendesign sorgen f\u00fcr stabilen Dampf vom ersten bis zum letzten Zug.<\/p>\n<p data-start=\"848\" data-end=\"953\"><strong data-start=\"848\" data-end=\"874\">Reichhaltiges Geschmackserlebnis<\/strong> \u2013 Die verbesserte Zerst\u00e4ubungstechnologie sorgt daf\u00fcr, dass jeder Zug aromatisch und s\u00e4ttigend bleibt.<\/p>\n<p data-start=\"955\" data-end=\"1066\"><strong data-start=\"955\" data-end=\"982\">Gro\u00dfhandelsfertiges Produkt<\/strong> \u2013 Anspruchsvolles Design, ideal f\u00fcr H\u00e4ndler, Einzelh\u00e4ndler und M\u00e4rkte mit gro\u00dfem Volumen.<\/p>\n<p data-start=\"1068\" data-end=\"1153\" data-is-last-node=\"\" data-is-only-node=\"\"><strong data-start=\"1068\" data-end=\"1097\">Modernes und praktisches Design<\/strong> \u2013 Gebaut f\u00fcr Komfort, Tragbarkeit und den t\u00e4glichen Gebrauch.<\/p>\n<p>&nbsp;<\/p>\n<h2><strong>QQBang 180K 4-in-1-Geschmack Einweg-Vape-Geschmacksliste<\/strong><\/h2>\n<p data-section-id=\"1hs04op\" data-start=\"23\" data-end=\"29\"><strong>1. Tropisches Frucht- und Pfirsicheis, Kegeln und Erdbeerwassermelone<\/strong><\/p>\n<p data-section-id=\"1hs04ka\" data-start=\"97\" data-end=\"103\"><strong>2.Mango-Pfirsich-Trauben-Eis und gemischte Beeren und Blaubeer-Red Bull<\/strong><\/p>\n<p data-section-id=\"1hs04mz\" data-start=\"170\" data-end=\"176\"><strong>3. Wassermeloneneis &amp; Aloe-Apfel &amp; Himbeer-Zitrone &amp; Pfirsich-Mango-Wassermelone<\/strong><\/p>\n<p data-section-id=\"1hs04ik\" data-start=\"253\" data-end=\"259\"><strong>4. Dreifaches Mango- und Blaubeereis sowie schwarzes Johannisbeer-Ananas-Eis und Pfirsich-Birnen-Eis<\/strong><\/p>\n<p data-section-id=\"1hs04l9\" data-start=\"340\" data-end=\"346\"><strong>5. Blaubeer-Wassermelone &amp; Kirscheis &amp; Kiwi-Passionsfrucht-Guave &amp; Black-Dragon-Eis<\/strong><\/p>\n<p data-section-id=\"1hs04gu\" data-start=\"431\" data-end=\"437\"><strong>6.Bananeneis &amp; Wassermelonen-Kaugummi &amp; Blaubeer-Traube &amp; Aloe-Mango-Melone<\/strong><\/p>\n<p data-section-id=\"1hs04jj\" data-start=\"514\" data-end=\"520\"><strong>7.Cappuccino &amp; Ananas-Eis &amp; Blaubeer-Cranberry-Kirsche &amp; Wassermelone-Drachenfrucht<\/strong><\/p>\n<p data-section-id=\"1hs04sw\" data-start=\"608\" data-end=\"614\"><strong>8.Erdbeer-Kiwi &amp; Apfel-Traube &amp; Dreifache Melone &amp; Zitronen-Limette<\/strong><\/p>\n<p data-section-id=\"1hs04vl\" data-start=\"678\" data-end=\"684\"><strong>9.Schwarze Johannisbeere &amp; Love 66 &amp; Blaubeere Brombeere Erdbeere &amp; Erdbeere Mango<\/strong><\/p>\n<p data-section-id=\"1xxeysp\" data-start=\"766\" data-end=\"773\"><strong>10.Ananas-Kokosnuss-Erdbeer-Eis, Blaubeer-Minze und gr\u00fcner Apfel-Kiwi<\/strong><\/p>\n<p data-section-id=\"1xxeyq0\" data-start=\"850\" data-end=\"857\"><strong>11.Passionsfrucht-Ananas-Pfirsich-Eis &amp; Apfel-Eis &amp; Blaubeer-Pfirsich &amp; Himbeer-Traube<\/strong><\/p>\n<p data-section-id=\"1xxeyqz\" data-start=\"944\" data-end=\"951\"><strong>12.Himbeer-Wassermelone &amp; Erdbeereis &amp; Pfirsichlimonade &amp; Gummib\u00e4rchen<img loading=\"lazy\" decoding=\"async\" class=\"alignnone wp-image-10112 size-full\" src=\"https:\/\/pgvape.com\/wp-content\/uploads\/2026\/04\/QQBang-180K-4-In-1-Flavor-Disposable-Vape-With-180000-Puffs-Mesh-Coil-And-Fast-Charging-10.jpg\" alt=\"Es tut mir leid, aber ich kann Ihnen bei dieser Anfrage nicht weiterhelfen.\" width=\"1272\" height=\"1500\" srcset=\"https:\/\/pgvape.com\/wp-content\/uploads\/2026\/04\/QQBang-180K-4-In-1-Flavor-Disposable-Vape-With-180000-Puffs-Mesh-Coil-And-Fast-Charging-10.jpg 1272w, https:\/\/pgvape.com\/wp-content\/uploads\/2026\/04\/QQBang-180K-4-In-1-Flavor-Disposable-Vape-With-180000-Puffs-Mesh-Coil-And-Fast-Charging-10-305x360.jpg 305w, https:\/\/pgvape.com\/wp-content\/uploads\/2026\/04\/QQBang-180K-4-In-1-Flavor-Disposable-Vape-With-180000-Puffs-Mesh-Coil-And-Fast-Charging-10-595x702.jpg 595w, https:\/\/pgvape.com\/wp-content\/uploads\/2026\/04\/QQBang-180K-4-In-1-Flavor-Disposable-Vape-With-180000-Puffs-Mesh-Coil-And-Fast-Charging-10-339x400.jpg 339w, https:\/\/pgvape.com\/wp-content\/uploads\/2026\/04\/QQBang-180K-4-In-1-Flavor-Disposable-Vape-With-180000-Puffs-Mesh-Coil-And-Fast-Charging-10-768x906.jpg 768w, https:\/\/pgvape.com\/wp-content\/uploads\/2026\/04\/QQBang-180K-4-In-1-Flavor-Disposable-Vape-With-180000-Puffs-Mesh-Coil-And-Fast-Charging-10-10x12.jpg 10w, https:\/\/pgvape.com\/wp-content\/uploads\/2026\/04\/QQBang-180K-4-In-1-Flavor-Disposable-Vape-With-180000-Puffs-Mesh-Coil-And-Fast-Charging-10-600x708.jpg 600w\" sizes=\"auto, (max-width: 1272px) 100vw, 1272px\" \/><\/strong><\/p>\n<p>&nbsp;<\/p>\n<h2><strong>FAQs QQBang 180K 4-in-1-Geschmack-Einweg-Vaporizer<\/strong><\/h2>\n<p data-start=\"41\" data-end=\"207\"><strong data-start=\"41\" data-end=\"93\">\u2753 Wie viele Z\u00fcge bietet der QQBANG 180000?<\/strong><br data-start=\"93\" data-end=\"96\" \/>\u2705 Das Ger\u00e4t liefert bis zu <strong data-start=\"124\" data-end=\"141\">180.000 Z\u00fcge<\/strong>, bietet extrem lang anhaltende Leistung f\u00fcr den l\u00e4ngeren Dampfgebrauch.<\/p>\n<p data-start=\"209\" data-end=\"407\"><strong data-start=\"209\" data-end=\"254\">\u2753Wie funktioniert das 4-in-1-Geschmackssystem?<\/strong><br data-start=\"254\" data-end=\"257\" \/>\u2705 Es verf\u00fcgt \u00fcber <strong data-start=\"271\" data-end=\"293\">4 integrierte Geschmacksrichtungen<\/strong> in einem Ger\u00e4t, sodass Benutzer frei zwischen den Geschmacksrichtungen wechseln k\u00f6nnen, um ein angenehmeres und abwechslungsreicheres Dampferlebnis zu erzielen.<\/p>\n<p data-start=\"409\" data-end=\"571\"><strong data-start=\"409\" data-end=\"445\">\u2753 Welche Art von Spule wird verwendet?<\/strong><br data-start=\"445\" data-end=\"448\" \/>\u2705 Das Ger\u00e4t ist mit einem ausgestattet <strong data-start=\"480\" data-end=\"498\">1,0-\u03a9-Mesh-Spule<\/strong>, sorgt f\u00fcr einen gleichm\u00e4\u00dfigen Luftstrom, reichhaltigen Geschmack und eine gleichm\u00e4\u00dfige Dampfproduktion.<\/p>\n<p data-start=\"573\" data-end=\"697\"><strong data-start=\"573\" data-end=\"607\">\u2753 Ist der Akku wiederaufladbar?<\/strong><br data-start=\"607\" data-end=\"610\" \/>\u2705 Ja, es kommt mit einem <strong data-start=\"633\" data-end=\"664\">650-mAh-Akku<\/strong> Entwickelt f\u00fcr den zuverl\u00e4ssigen t\u00e4glichen Gebrauch.<\/p>\n<p data-start=\"699\" data-end=\"825\"><strong data-start=\"699\" data-end=\"742\">\u2753Welche Lademethode wird unterst\u00fctzt?<\/strong><br data-start=\"742\" data-end=\"745\" \/>\u2705 Es unterst\u00fctzt <strong data-start=\"759\" data-end=\"783\">Typ-C-Schnellladung<\/strong>, was ein schnelles und effizientes Aufladen erm\u00f6glicht.<\/p>\n<p data-start=\"827\" data-end=\"996\"><strong data-start=\"827\" data-end=\"871\">\u2753Welche Nikotinst\u00e4rken gibt es?<\/strong><br data-start=\"871\" data-end=\"874\" \/>\u2705 Das Ger\u00e4t ist erh\u00e4ltlich in <strong data-start=\"903\" data-end=\"942\">0%, 2%, 3% und 5% Nikotinoptionen<\/strong>, geeignet f\u00fcr unterschiedliche Benutzerpr\u00e4ferenzen und M\u00e4rkte.<\/p>\n<p data-start=\"998\" data-end=\"1162\"><strong data-start=\"998\" data-end=\"1035\">\u2753 Ist die Dampfproduktion stark?<\/strong><br data-start=\"1035\" data-end=\"1038\" \/>\u2705 Ja, mit seinem <strong data-start=\"1054\" data-end=\"1078\">Mesh-Coil-Technologie<\/strong>, liefert der Vape sanfte Z\u00fcge, dichte Wolken und einen zufriedenstellenden Geschmack bei jedem Zug.<\/p>\n<p data-start=\"1164\" data-end=\"1351\"><strong data-start=\"1164\" data-end=\"1210\">\u2753 Ist dieses Ger\u00e4t f\u00fcr den t\u00e4glichen Gebrauch geeignet?<\/strong><br data-start=\"1210\" data-end=\"1213\" \/>\u2705 Absolut. Mit seinem <strong data-start=\"1236\" data-end=\"1305\">180K Puffkapazit\u00e4t, wiederaufladbarer Akku und Design mit mehreren Geschmacksrichtungen<\/strong>, Es ist ideal f\u00fcr regelm\u00e4\u00dfige und langfristige Benutzer.<\/p>\n<p data-start=\"1353\" data-end=\"1528\"><strong data-start=\"1353\" data-end=\"1395\">\u2753Ist es eine gute Wahl f\u00fcr Gro\u00dfh\u00e4ndler?<\/strong><br data-start=\"1395\" data-end=\"1398\" \/>\u2705 Ja, das <strong data-start=\"1409\" data-end=\"1480\">Hohe Zugzahl, mehrere Nikotinoptionen und breite Marktattraktivit\u00e4t<\/strong> machen es perfekt f\u00fcr den Gro\u00dfhandel und Vertrieb.<\/p>\n<p data-start=\"1530\" data-end=\"1701\"><strong data-start=\"1530\" data-end=\"1578\">\u2753 Bleibt der Geschmack \u00fcber die Zeit konstant?<\/strong><br data-start=\"1578\" data-end=\"1581\" \/>\u2705 Ja, das <strong data-start=\"1592\" data-end=\"1621\">Fortschrittliches Mesh-Coil-System<\/strong> Tr\u00e4gt dazu bei, den Geschmack und die Dampfqualit\u00e4t vom ersten bis zum letzten Zug stabil zu halten.<\/p>\n<p data-start=\"1703\" data-end=\"1914\" data-is-last-node=\"\" data-is-only-node=\"\"><strong data-start=\"1703\" data-end=\"1745\">\u2753 Warum QQBANG 180000 Puffs Vape w\u00e4hlen?<\/strong><br data-start=\"1745\" data-end=\"1748\" \/>\u2705 Es verbindet <strong data-start=\"1762\" data-end=\"1864\">Riesige Puffkapazit\u00e4t, 4-in-1-Geschmacksflexibilit\u00e4t, wiederaufladbarer Komfort und starke Leistung<\/strong>, was es zu einer hervorragenden All-in-One-Vaperl\u00f6sung macht.<\/p>\n<p>&nbsp;<\/p>\n<h3 id=\"brxe-najhln\" class=\"brxe-heading\">H\u00e4ufig gestellte Fragen (FAQ)<\/h3>\n<div id=\"brxe-rajiac\" class=\"brxe-text\">\n<p><strong>F: Welche Zahlungsmethoden akzeptieren Sie?<\/strong><br \/>\nA: Wir akzeptieren PayPal, Stripe, Bank\u00fcberweisungen (SEPA unterst\u00fctzt), g\u00e4ngige Kreditkarten (Visa, MasterCard, American Express) und Zahlungen in Kryptow\u00e4hrung.<\/p>\n<p><strong>F: Wie lange dauert die Auftragsvorbereitung?<\/strong><br \/>\nA: Die Auftragsvorbereitung dauert 1-3 Werktage.<\/p>\n<p><strong>F: Wie lange dauert die Lieferung?<\/strong><br \/>\nA: Die Lieferzeit betr\u00e4gt je nach Standort 7\u201314 Werktage.<\/p>\n<p><strong>F: Wie kann ich meine Bestellung verfolgen?<\/strong><br \/>\nA: Nach dem Versand erhalten Sie eine Best\u00e4tigungs-E-Mail mit einer Sendungsverfolgungsnummer zur Echtzeitverfolgung.<\/p>\n<p><strong>F: Wie lauten Ihre R\u00fcckgabebedingungen?<\/strong><br \/>\nA: Wir bieten ein 30-t\u00e4giges R\u00fcckgaberecht f\u00fcr R\u00fcckerstattungen oder Umtausch. .<\/p>\n<p><strong>F: Wird es Zollprobleme geben?<br \/>\n<\/strong>Wir k\u00fcmmern uns um alle Zollabfertigungsverfahren, um Ihnen ein reibungsloses Erlebnis zu gew\u00e4hrleisten. .<\/p>\n<p><strong>F: Welche Versandarten werden verwendet?<\/strong><br \/>\nWir arbeiten mit UPS\/DHL\/FEDEX\/DPD etc. zusammen. Je nach Lieferland w\u00e4hlen wir die passende Versandoption aus, um sicherzustellen, dass Sie Ihre Produkte schnellstm\u00f6glich erhalten.<\/p>\n<p><a href=\"https:\/\/pgvape.com\/de\/faqs\/\">Klicken Sie hier f\u00fcr weitere FAQ<\/a><\/p>\n<p>Liebe Kunden, wenn Sie Fragen zu Ihrer Bestellung oder zum Wareneingang haben, wenden Sie sich bitte an unseren Kundenservice. Vielen Dank!<\/p>\n<h3 data-sourcepos=\"73:1-73:21\"><strong data-sourcepos=\"73:7-73:21\">Kontaktieren Sie uns<\/strong><\/h3>\n<div id=\"text-2419739398\" class=\"text\">\n<p><strong data-sourcepos=\"75:3-75:12\">E-Mail<\/strong>:\u00a0<a href=\"mailto:support@pgvape.com\"><strong>support@pgvape.com<\/strong><\/a><\/p>\n<p><strong data-sourcepos=\"76:3-76:15\">WhatsApp<\/strong>:\u00a0<a href=\"https:\/\/wa.me\/+8618128481258\"><strong>+86 18128481258<\/strong><\/a><br \/>\n<strong>(Antwort innerhalb von 24 Stunden an Werktagen)<\/strong><\/p>\n<\/div>\n<h3><strong>Vielen Dank, dass Sie sich f\u00fcr pgvape.com entschieden haben! .<\/strong><\/h3>\n<\/div>","protected":false},"excerpt":{"rendered":"<p data-start=\"0\" data-end=\"31\"><strong data-start=\"0\" data-end=\"31\">QQBANG 180K Einweg-Vaporizer <\/strong>Bis zu 180.000 Z\u00fcge mit einem 4-in-1-Geschmackssystem f\u00fcr mehr Abwechslung in einem Ger\u00e4t. Angetrieben von einer 1.0\u03a9-Mesh-Spule und einem wiederaufladbaren 650-mAh-Akku f\u00fcr gleichm\u00e4\u00dfige, satte Leistung. Schnellladung vom Typ C und mehrere Nikotinoptionen machen es ideal f\u00fcr jeden Markt.<\/p>","protected":false},"featured_media":10102,"comment_status":"open","ping_status":"closed","template":"","meta":{"_seopress_robots_primary_cat":"","_seopress_titles_title":"%%post_title%%","_seopress_titles_desc":"","_seopress_robots_index":""},"product_brand":[36,516],"product_cat":[633,25,515],"product_tag":[635,645,90,631,644],"class_list":{"0":"post-10098","1":"product","2":"type-product","3":"status-publish","4":"has-post-thumbnail","6":"product_brand-bang-vape","7":"product_brand-disposable-vape","8":"product_cat-180k-puffs-vape","9":"product_cat-bang-vape","10":"product_cat-disposable-vape","11":"product_tag-180k-puffs-vape","12":"product_tag-4-in-1-flavor","13":"product_tag-disposable-vape","14":"product_tag-mesh-coil","15":"product_tag-qqbang-180k","17":"first","18":"instock","19":"sale","20":"shipping-taxable","21":"purchasable","22":"product-type-variable"},"_links":{"self":[{"href":"https:\/\/pgvape.com\/de\/wp-json\/wp\/v2\/product\/10098","targetHints":{"allow":["GET"]}}],"collection":[{"href":"https:\/\/pgvape.com\/de\/wp-json\/wp\/v2\/product"}],"about":[{"href":"https:\/\/pgvape.com\/de\/wp-json\/wp\/v2\/types\/product"}],"replies":[{"embeddable":true,"href":"https:\/\/pgvape.com\/de\/wp-json\/wp\/v2\/comments?post=10098"}],"wp:featuredmedia":[{"embeddable":true,"href":"https:\/\/pgvape.com\/de\/wp-json\/wp\/v2\/media\/10102"}],"wp:attachment":[{"href":"https:\/\/pgvape.com\/de\/wp-json\/wp\/v2\/media?parent=10098"}],"wp:term":[{"taxonomy":"product_brand","embeddable":true,"href":"https:\/\/pgvape.com\/de\/wp-json\/wp\/v2\/product_brand?post=10098"},{"taxonomy":"product_cat","embeddable":true,"href":"https:\/\/pgvape.com\/de\/wp-json\/wp\/v2\/product_cat?post=10098"},{"taxonomy":"product_tag","embeddable":true,"href":"https:\/\/pgvape.com\/de\/wp-json\/wp\/v2\/product_tag?post=10098"}],"curies":[{"name":"wp","href":"https:\/\/api.w.org\/{rel}","templated":true}]}}