{"id":10055,"date":"2026-04-11T12:55:57","date_gmt":"2026-04-11T12:55:57","guid":{"rendered":"https:\/\/pgvape.com\/?post_type=product&#038;p=10055"},"modified":"2026-04-11T12:55:57","modified_gmt":"2026-04-11T12:55:57","slug":"al-fakher-crown-bar-60k-premium-einweg-vaporizer-mit-gebogenem-lcd-display-fur-60-000-zuge-und-dual-mode-luftstrom","status":"publish","type":"product","link":"https:\/\/pgvape.com\/de\/produkt\/al-fakher-crown-bar-60k-premium-einweg-vaporizer-mit-gebogenem-lcd-display-fur-60-000-zuge-und-dual-mode-luftstrom\/","title":{"rendered":"AL Fakher Crown Bar 60K Premium-Einweg-Vaporizer mit 60.000 Z\u00fcgen gebogenem LCD-Display und Dual-Mode-Luftstrom"},"content":{"rendered":"<h2 data-start=\"0\" data-end=\"85\"><strong data-start=\"3\" data-end=\"85\">AL Fakher Crown Bar 60K Einweg-Vape | Intelligentes Dual-Mode-Ger\u00e4t mit hoher Kapazit\u00e4t<\/strong><\/h2>\n<p data-start=\"87\" data-end=\"297\">Der AL Fakher Crown Bar 60K Einweg-Vaporizer wurde f\u00fcr Benutzer entwickelt, die Wert auf Leistung, Komfort und lange Nutzungsdauer legen. Er liefert bis zu 60.000 Z\u00fcge mit einer E-Liquid-Kapazit\u00e4t von 50 ml.<\/p>\n<p data-start=\"299\" data-end=\"525\">Ausgestattet mit der fortschrittlichen Mesh-Coil-Technologie sorgt er bei jedem Zug f\u00fcr satten Geschmack und sanften Dampf. Das Dual-Mode-System unterst\u00fctzt sowohl MTL- als auch DTL-Dampfstile, w\u00e4hrend der einstellbare Luftstrom ein pers\u00f6nlicheres Erlebnis erm\u00f6glicht.<\/p>\n<p data-start=\"527\" data-end=\"735\">Dieses Ger\u00e4t wird von einem wiederaufladbaren 1000-mAh-Akku mit Typ-C-Aufladung angetrieben und verf\u00fcgt \u00fcber ein gebogenes LCD-Display f\u00fcr eine klare Status\u00fcberwachung in Echtzeit. Es bietet moderne Funktionalit\u00e4t in einem schlanken und langlebigen Design.<\/p>\n<p data-start=\"737\" data-end=\"827\" data-is-last-node=\"\" data-is-only-node=\"\">Eine ideale Wahl f\u00fcr Benutzer, die Vielseitigkeit, Zuverl\u00e4ssigkeit und erstklassige t\u00e4gliche Leistung suchen.<\/p>\n<p>&nbsp;<\/p>\n<h3 id=\"brxe-najhln\" class=\"brxe-heading\"><\/h3>\n<p data-start=\"737\" data-end=\"827\" data-is-last-node=\"\" data-is-only-node=\"\">\n<h2 data-section-id=\"1mrb6kp\" data-start=\"0\" data-end=\"60\"><span role=\"text\"><strong data-start=\"6\" data-end=\"60\">AL Fakher Crown Bar Dual Mode 60000 Puffs Einweg-Vape-Produkt-Highlights<\/strong><\/span><\/h2>\n<p data-start=\"62\" data-end=\"177\"><strong data-start=\"62\" data-end=\"84\">Bis zu 60.000 Z\u00fcge<\/strong> \u2013 Hochleistungsleistung f\u00fcr langanhaltendes Dampfen ohne h\u00e4ufigen Austausch.<\/p>\n<p data-start=\"179\" data-end=\"294\"><strong data-start=\"179\" data-end=\"211\">50 ml gro\u00dfe E-Liquid-Kapazit\u00e4t<\/strong> \u2013 L\u00e4ngere Nutzung mit gleichbleibender Geschmacksabgabe \u00fcber die gesamte Ger\u00e4telebensdauer.<\/p>\n<p data-start=\"296\" data-end=\"399\"><strong data-start=\"296\" data-end=\"322\">0,6% Nikotinst\u00e4rke<\/strong> \u2013 Sanfter und ausgewogener Nikotinspiegel f\u00fcr ein zufriedenstellendes Alltagserlebnis.<\/p>\n<p data-start=\"401\" data-end=\"516\"><strong data-start=\"401\" data-end=\"425\">Mesh-Coil-Technologie<\/strong> \u2013 Das gleichm\u00e4\u00dfige Heizsystem sorgt f\u00fcr einen reichhaltigeren Geschmack, sanftere Z\u00fcge und eine dichte Dampfproduktion.<\/p>\n<p data-start=\"518\" data-end=\"647\"><strong data-start=\"518\" data-end=\"550\">Dual-Mode-System (DTL &amp; MTL)<\/strong> \u2013 Wechseln Sie zwischen Direkt-zu-Lunge-Zerst\u00e4ubern oder Mund-zu-Lunge-Z\u00fcgen f\u00fcr einen individuellen Dampfstil.<\/p>\n<p data-start=\"649\" data-end=\"748\"><strong data-start=\"649\" data-end=\"679\">Einstellbare Luftstromsteuerung<\/strong> \u2013 Passen Sie den Luftstrom ganz einfach an, von eng und gleichm\u00e4\u00dfig bis hin zu offen und luftig.<\/p>\n<p data-start=\"750\" data-end=\"852\"><strong data-start=\"750\" data-end=\"772\">Gebogenes LCD-Display<\/strong> \u2013 Modernes Bildschirmdesign, das den Ger\u00e4testatus und Nutzungsinformationen in Echtzeit anzeigt.<\/p>\n<p data-start=\"854\" data-end=\"955\"><strong data-start=\"854\" data-end=\"886\">1000-mAh-Akku<\/strong> \u2013 Der leistungsstarke integrierte Akku sorgt f\u00fcr zuverl\u00e4ssige Leistung den ganzen Tag.<\/p>\n<p data-start=\"957\" data-end=\"1036\"><strong data-start=\"957\" data-end=\"981\">Typ-C-Schnellladung<\/strong> \u2013 Schnelles und effizientes Laden f\u00fcr minimale Ausfallzeiten.<\/p>\n<p data-start=\"1038\" data-end=\"1138\"><strong data-start=\"1038\" data-end=\"1073\">Reibungslose und konstante Leistung<\/strong> \u2013 Stabile Dampfleistung und reichhaltiger Geschmack vom ersten bis zum letzten Zug.<\/p>\n<p data-start=\"1140\" data-end=\"1237\" data-is-last-node=\"\" data-is-only-node=\"\"><strong data-start=\"1140\" data-end=\"1166\">Hochwertiges, langlebiges Design<\/strong> \u2013 Schlanke, moderne Konstruktion f\u00fcr den t\u00e4glichen Gebrauch und langfristigen Komfort.<\/p>\n<p>&nbsp;<\/p>\n<h3 id=\"brxe-najhln\" class=\"brxe-heading\"><\/h3>\n<p data-start=\"1140\" data-end=\"1237\" data-is-last-node=\"\" data-is-only-node=\"\">\n<h2 data-section-id=\"1mrb6kp\" data-start=\"0\" data-end=\"60\"><span role=\"text\"><strong data-start=\"6\" data-end=\"60\">AL Fakher Crown Bar Dual Mode 60000 Puffs Einweg-Vape <\/strong><\/span><span role=\"text\"><strong data-start=\"6\" data-end=\"21\">Geschmacksliste<\/strong><\/span><\/h2>\n<p><strong data-start=\"25\" data-end=\"33\">1.Neuwertig<\/strong><\/p>\n<p><strong data-start=\"38\" data-end=\"52\">2.Beerenblau<\/strong><\/p>\n<p><strong data-start=\"57\" data-end=\"76\">3.Mango-Ananas<\/strong><\/p>\n<p><strong data-start=\"81\" data-end=\"94\">4.Zwei \u00c4pfel<\/strong><\/p>\n<p><strong data-start=\"99\" data-end=\"119\">5. Erdbeerpunsch<\/strong><\/p>\n<p><strong data-start=\"124\" data-end=\"138\">6. Coole Mango<\/strong><\/p>\n<p><strong data-start=\"143\" data-end=\"158\">7. Weltraumtraum<\/strong><\/p>\n<p><strong data-start=\"163\" data-end=\"177\">8. Traubenminze<\/strong><\/p>\n<p><strong data-start=\"182\" data-end=\"195\">9. Beereneis<\/strong><\/p>\n<p><strong data-start=\"200\" data-end=\"209\">10. Traube<\/strong><\/p>\n<p><strong data-start=\"214\" data-end=\"228\">11.Zitronenlimette<\/strong><\/p>\n<p><strong data-start=\"233\" data-end=\"247\">12.Magische Liebe<\/strong><\/p>\n<p><strong data-start=\"252\" data-end=\"266\">13. Zitronenminze<\/strong><\/p>\n<p><strong data-start=\"271\" data-end=\"288\">14. Kirschfest<\/strong><\/p>\n<p><strong data-start=\"293\" data-end=\"310\">15. Blaubeergummi<\/strong><\/p>\n<p><strong data-start=\"315\" data-end=\"337\">16.Blue Razz Limonade<\/strong><\/p>\n<p><strong data-start=\"342\" data-end=\"362\">17. Schwarzes Johannisbeereis<\/strong><\/p>\n<p><strong data-start=\"367\" data-end=\"379\">18.Gummi-Minze<\/strong><\/p>\n<p><strong data-start=\"384\" data-end=\"405\">19.Erdbeerkirsche<\/strong><\/p>\n<p><strong data-start=\"410\" data-end=\"429\">20. Wassermelonen-Kiwi<img loading=\"lazy\" decoding=\"async\" class=\"alignnone wp-image-10060 size-full\" src=\"https:\/\/pgvape.com\/wp-content\/uploads\/2026\/04\/AL-Fakher-Crown-Bar-60K-Premium-Disposable-Vape-With-60000-Puffs-Curved-LCD-Display-And-Dual-Mode-Airflow-3.png\" alt=\"Werbeplakat f\u00fcr Crown Bar E-HoseX 60K mit 23 Geschmackskarten mit Flaschenbildern und Spritzgrafiken in farbenfrohen Rahmen.\" width=\"1433\" height=\"1980\" srcset=\"https:\/\/pgvape.com\/wp-content\/uploads\/2026\/04\/AL-Fakher-Crown-Bar-60K-Premium-Disposable-Vape-With-60000-Puffs-Curved-LCD-Display-And-Dual-Mode-Airflow-3.png 1433w, https:\/\/pgvape.com\/wp-content\/uploads\/2026\/04\/AL-Fakher-Crown-Bar-60K-Premium-Disposable-Vape-With-60000-Puffs-Curved-LCD-Display-And-Dual-Mode-Airflow-3-261x360.png 261w, https:\/\/pgvape.com\/wp-content\/uploads\/2026\/04\/AL-Fakher-Crown-Bar-60K-Premium-Disposable-Vape-With-60000-Puffs-Curved-LCD-Display-And-Dual-Mode-Airflow-3-595x822.png 595w, https:\/\/pgvape.com\/wp-content\/uploads\/2026\/04\/AL-Fakher-Crown-Bar-60K-Premium-Disposable-Vape-With-60000-Puffs-Curved-LCD-Display-And-Dual-Mode-Airflow-3-289x400.png 289w, https:\/\/pgvape.com\/wp-content\/uploads\/2026\/04\/AL-Fakher-Crown-Bar-60K-Premium-Disposable-Vape-With-60000-Puffs-Curved-LCD-Display-And-Dual-Mode-Airflow-3-768x1061.png 768w, https:\/\/pgvape.com\/wp-content\/uploads\/2026\/04\/AL-Fakher-Crown-Bar-60K-Premium-Disposable-Vape-With-60000-Puffs-Curved-LCD-Display-And-Dual-Mode-Airflow-3-1112x1536.png 1112w, https:\/\/pgvape.com\/wp-content\/uploads\/2026\/04\/AL-Fakher-Crown-Bar-60K-Premium-Disposable-Vape-With-60000-Puffs-Curved-LCD-Display-And-Dual-Mode-Airflow-3-9x12.png 9w, https:\/\/pgvape.com\/wp-content\/uploads\/2026\/04\/AL-Fakher-Crown-Bar-60K-Premium-Disposable-Vape-With-60000-Puffs-Curved-LCD-Display-And-Dual-Mode-Airflow-3-600x829.png 600w\" sizes=\"auto, (max-width: 1433px) 100vw, 1433px\" \/><\/strong><\/p>\n<p>&nbsp;<\/p>\n<h3 class=\"auto-hide-last-sibling-br paragraph-pP9ZLC paragraph-element br-paragraph-space\">Warum sollten Sie sich f\u00fcr das europ\u00e4ische Lager von PGVape entscheiden?<\/h3>\n<p>Schneller Versand: Lieferung in die meisten EU-L\u00e4nder innerhalb von 3-7 Werktagen.<\/p>\n<p>Zollfreie Lieferung: Lokale Lagerbest\u00e4nde in der EU sorgen f\u00fcr einen reibungslosen und zollfreien Versand.<\/p>\n<p>100% Authentische Garantie: Echt <strong data-start=\"0\" data-end=\"43\">AL Fakher Crown Bar<\/strong><span role=\"text\"><strong data-start=\"4\" data-end=\"60\">\u00a0<\/strong><\/span>E-Zigaretten von zertifizierten Lieferanten.<\/p>\n<p>Frischer Bestand: Unter kontrollierten Bedingungen gelagert, um optimale Qualit\u00e4t zu gew\u00e4hrleisten.<\/p>\n<p>Europ\u00e4er vertrauen darauf: Tausende Kunden genie\u00dfen schnelle und sichere E-Zigaretten-Dienste von PGVape.<\/p>\n<p>&nbsp;<\/p>\n<h3 data-section-id=\"47aogy\" data-start=\"0\" data-end=\"62\"><span role=\"text\"><strong data-start=\"4\" data-end=\"62\">FAQs \u2013 AL Fakher Crown Bar 60000 Puffs Einweg-Vaporizer<\/strong><\/span><\/h3>\n<p data-start=\"64\" data-end=\"239\"><strong data-start=\"64\" data-end=\"126\">\u2753 Wie viele Z\u00fcge bietet der AL Fakher Crown Bar 60K?<\/strong><br data-start=\"126\" data-end=\"129\" \/>\u2705 Das Ger\u00e4t liefert bis zu <strong data-start=\"157\" data-end=\"173\">60.000 Z\u00fcge<\/strong>, und bietet lang anhaltende Leistung ohne h\u00e4ufigen Austausch.<\/p>\n<p data-start=\"241\" data-end=\"379\"><strong data-start=\"241\" data-end=\"277\">\u2753 Wie hoch ist die E-Liquid-Kapazit\u00e4t?<\/strong><br data-start=\"277\" data-end=\"280\" \/>\u2705 Es kommt mit einem <strong data-start=\"298\" data-end=\"324\">50 ml E-Liquid-Kapazit\u00e4t<\/strong>, was eine l\u00e4ngere Verwendung und eine gleichm\u00e4\u00dfige Geschmacksabgabe gew\u00e4hrleistet.<\/p>\n<p data-start=\"381\" data-end=\"529\"><strong data-start=\"381\" data-end=\"426\">\u2753Welche Nikotinst\u00e4rke ist enthalten?<\/strong><br data-start=\"426\" data-end=\"429\" \/>\u2705 Die Ger\u00e4tefunktionen <strong data-start=\"451\" data-end=\"477\">0,6% Nikotinst\u00e4rke<\/strong>, sorgt f\u00fcr ein sanftes und ausgewogenes Dampferlebnis.<\/p>\n<p data-start=\"531\" data-end=\"687\"><strong data-start=\"531\" data-end=\"567\">\u2753 Welche Art von Spule wird verwendet?<\/strong><br data-start=\"567\" data-end=\"570\" \/>\u2705 Es ist ausgestattet mit <strong data-start=\"592\" data-end=\"616\">Mesh-Coil-Technologie<\/strong>, was f\u00fcr gleichm\u00e4\u00dfige Erhitzung, reichhaltigen Geschmack und gleichm\u00e4\u00dfige Dampfproduktion sorgt.<\/p>\n<p data-start=\"689\" data-end=\"866\"><strong data-start=\"689\" data-end=\"724\">\u2753 Was ist das Dual-Mode-System?<\/strong><br data-start=\"724\" data-end=\"727\" \/>\u2705 Der Vape unterst\u00fctzt beides <strong data-start=\"752\" data-end=\"776\">DTL (Direct-to-Lung)<\/strong> Und <strong data-start=\"781\" data-end=\"804\">MTL (Mund-zu-Lunge)<\/strong> Modi, sodass Benutzer ihren bevorzugten Dampfstil w\u00e4hlen k\u00f6nnen.<\/p>\n<p data-start=\"868\" data-end=\"1023\"><strong data-start=\"868\" data-end=\"899\">\u2753 Kann ich den Luftstrom anpassen?<\/strong><br data-start=\"899\" data-end=\"902\" \/>\u2705 Ja, es verf\u00fcgt \u00fcber eine <strong data-start=\"924\" data-end=\"953\">einstellbares Luftstromsystem<\/strong>, sodass Sie problemlos zwischen engeren Z\u00fcgen und einem offeneren Luftstrom wechseln k\u00f6nnen.<\/p>\n<p data-start=\"1025\" data-end=\"1187\"><strong data-start=\"1025\" data-end=\"1061\">\u2753 Verf\u00fcgt es \u00fcber einen Bildschirm?<\/strong><br data-start=\"1061\" data-end=\"1064\" \/>\u2705 Ja, das Ger\u00e4t enth\u00e4lt ein <strong data-start=\"1093\" data-end=\"1115\">gebogenes LCD-Display<\/strong> das den Akkuladestand, den Ger\u00e4testatus und Nutzungsinformationen deutlich anzeigt.<\/p>\n<p data-start=\"1189\" data-end=\"1315\"><strong data-start=\"1189\" data-end=\"1223\">\u2753 Ist der Akku wiederaufladbar?<\/strong><br data-start=\"1223\" data-end=\"1226\" \/>\u2705 Ja, es hat einen eingebauten <strong data-start=\"1251\" data-end=\"1283\">1000-mAh-Akku<\/strong> f\u00fcr zuverl\u00e4ssige t\u00e4gliche Leistung.<\/p>\n<p data-start=\"1317\" data-end=\"1440\"><strong data-start=\"1317\" data-end=\"1360\">\u2753Welche Lademethode wird unterst\u00fctzt?<\/strong><br data-start=\"1360\" data-end=\"1363\" \/>\u2705 Es nutzt <strong data-start=\"1373\" data-end=\"1397\">Typ-C-Schnellladung<\/strong>, was ein schnelles und bequemes Aufladen erm\u00f6glicht.<\/p>\n<p data-start=\"1442\" data-end=\"1628\"><strong data-start=\"1442\" data-end=\"1479\">\u2753 Ist die Dampfproduktion stark?<\/strong><br data-start=\"1479\" data-end=\"1482\" \/>\u2705 Ja, danke <strong data-start=\"1503\" data-end=\"1552\">Mesh-Spule, einstellbarer Luftstrom und Dual-Modi<\/strong>, Abh\u00e4ngig von Ihren Einstellungen liefert es sowohl sanfte Z\u00fcge als auch dichte Wolken.<\/p>\n<p data-start=\"1630\" data-end=\"1795\"><strong data-start=\"1630\" data-end=\"1674\">\u2753 Ist dieses Ger\u00e4t f\u00fcr den t\u00e4glichen Gebrauch geeignet?<\/strong><br data-start=\"1674\" data-end=\"1677\" \/>\u2705 Absolut. Mit seinem <strong data-start=\"1700\" data-end=\"1761\">Robustes Design, hohe Puffzahl und wiederaufladbarer Akku<\/strong>, Es ist f\u00fcr das t\u00e4gliche Dampfen konzipiert.<\/p>\n<p data-start=\"1797\" data-end=\"2035\" data-is-last-node=\"\" data-is-only-node=\"\"><strong data-start=\"1797\" data-end=\"1836\">\u2753Was zeichnet dieses Ger\u00e4t aus?<\/strong><br data-start=\"1836\" data-end=\"1839\" \/>\u2705 Seine Kombination aus <strong data-start=\"1860\" data-end=\"1966\">60.000 Z\u00fcge, gro\u00dfe E-Liquid-Kapazit\u00e4t, zwei Dampfmodi, gebogener LCD-Bildschirm und hochwertiges AL-Fakher-Design<\/strong> macht es zur ersten Wahl f\u00fcr Benutzer, die Leistung und Komfort suchen.<\/p>\n<p>&nbsp;<\/p>\n<h3 id=\"brxe-najhln\" class=\"brxe-heading\">H\u00e4ufig gestellte Fragen (FAQ)<\/h3>\n<div id=\"brxe-rajiac\" class=\"brxe-text\">\n<p><strong>F: Welche Zahlungsmethoden akzeptieren Sie?<\/strong><br \/>\nA: Wir akzeptieren PayPal, Stripe, Bank\u00fcberweisungen (SEPA unterst\u00fctzt), g\u00e4ngige Kreditkarten (Visa, MasterCard, American Express) und Zahlungen in Kryptow\u00e4hrung.<\/p>\n<p><strong>F: Wie lange dauert die Auftragsvorbereitung?<\/strong><br \/>\nA: Die Auftragsvorbereitung dauert 1-3 Werktage.<\/p>\n<p><strong>F: Wie lange dauert die Lieferung?<\/strong><br \/>\nA: Die Lieferzeit betr\u00e4gt je nach Standort 7\u201314 Werktage.<\/p>\n<p><strong>F: Wie kann ich meine Bestellung verfolgen?<\/strong><br \/>\nA: Nach dem Versand erhalten Sie eine Best\u00e4tigungs-E-Mail mit einer Sendungsverfolgungsnummer zur Echtzeitverfolgung.<\/p>\n<p><strong>F: Wie lauten Ihre R\u00fcckgabebedingungen?<\/strong><br \/>\nA: Wir bieten ein 30-t\u00e4giges R\u00fcckgaberecht f\u00fcr R\u00fcckerstattungen oder Umtausch. .<\/p>\n<p><strong>F: Wird es Zollprobleme geben?<br \/>\n<\/strong>Wir k\u00fcmmern uns um alle Zollabfertigungsverfahren, um Ihnen ein reibungsloses Erlebnis zu gew\u00e4hrleisten. .<\/p>\n<p><strong>F: Welche Versandarten werden verwendet?<\/strong><br \/>\nWir arbeiten mit UPS\/DHL\/FEDEX\/DPD etc. zusammen. Je nach Lieferland w\u00e4hlen wir die passende Versandoption aus, um sicherzustellen, dass Sie Ihre Produkte schnellstm\u00f6glich erhalten.<\/p>\n<p><a href=\"https:\/\/pgvape.com\/de\/faqs\/\">Klicken Sie hier f\u00fcr weitere FAQ<\/a><\/p>\n<p>Liebe Kunden, wenn Sie Fragen zu Ihrer Bestellung oder zum Wareneingang haben, wenden Sie sich bitte an unseren Kundenservice. Vielen Dank!<\/p>\n<h3 data-sourcepos=\"73:1-73:21\"><strong data-sourcepos=\"73:7-73:21\">Kontaktieren Sie uns<\/strong><\/h3>\n<div id=\"text-2419739398\" class=\"text\">\n<p><strong data-sourcepos=\"75:3-75:12\">E-Mail<\/strong>:\u00a0<a href=\"mailto:support@pgvape.com\"><strong>support@pgvape.com<\/strong><\/a><\/p>\n<p><strong data-sourcepos=\"76:3-76:15\">WhatsApp<\/strong>:\u00a0<a href=\"https:\/\/wa.me\/+8618128481258\"><strong>+86 18128481258<\/strong><\/a><br \/>\n<strong>(Antwort innerhalb von 24 Stunden an Werktagen)<\/strong><\/p>\n<\/div>\n<h3><strong>Vielen Dank, dass Sie sich f\u00fcr pgvape.com entschieden haben! .<\/strong><\/h3>\n<\/div>","protected":false},"excerpt":{"rendered":"<div class=\"flex flex-col text-sm pb-25\">\n<section class=\"text-token-text-primary w-full focus:outline-none [--shadow-height:45px] has-data-writing-block:pointer-events-none has-data-writing-block:-mt-(--shadow-height) has-data-writing-block:pt-(--shadow-height) [&amp;:has([data-writing-block])&gt;*]:pointer-events-auto scroll-mt-[calc(var(--header-height)+min(200px,max(70px,20svh)))]\" dir=\"auto\" data-turn-id=\"request-690f3671-88fc-832d-8d9c-73e96f624343-43\" data-testid=\"conversation-turn-24\" data-scroll-anchor=\"true\" data-turn=\"assistant\">\n<div class=\"text-base my-auto mx-auto pb-10 [--thread-content-margin:var(--thread-content-margin-xs,calc(var(--spacing)*4))] @w-sm\/main:[--thread-content-margin:var(--thread-content-margin-sm,calc(var(--spacing)*6))] @w-lg\/main:[--thread-content-margin:var(--thread-content-margin-lg,calc(var(--spacing)*16))] px-(--thread-content-margin)\">\n<div class=\"[--thread-content-max-width:40rem] @w-lg\/main:[--thread-content-max-width:48rem] mx-auto max-w-(--thread-content-max-width) flex-1 group\/turn-messages focus-visible:outline-hidden relative flex w-full min-w-0 flex-col agent-turn\">\n<div class=\"flex max-w-full flex-col gap-4 grow\">\n<div class=\"min-h-8 text-message relative flex w-full flex-col items-end gap-2 text-start break-words whitespace-normal outline-none keyboard-focused:focus-ring [.text-message+&amp;]:mt-1\" dir=\"auto\" tabindex=\"0\" data-message-author-role=\"assistant\" data-message-id=\"42c15cae-2af8-42cc-a0a9-8e108db47175\" data-message-model-slug=\"gpt-5-3\" data-turn-start-message=\"true\">\n<div class=\"flex w-full flex-col gap-1 empty:hidden\">\n<div class=\"markdown prose dark:prose-invert w-full wrap-break-word light markdown-new-styling\">\n<p data-start=\"0\" data-end=\"43\"><strong data-start=\"0\" data-end=\"43\">AL Fakher Crown Bar 60K Disposable Vape <\/strong>Up to 60,000 puffs with 50ml e-liquid for long-lasting enjoyment. Features mesh coil technology, adjustable airflow, and dual modes (DTL &amp; MTL) for a customized experience. Powered by a 1000mAh rechargeable battery with Type-C charging and a curved LCD display for smart control.<\/p>\n<\/div>\n<\/div>\n<\/div>\n<\/div>\n<div class=\"z-0 flex min-h-[46px] justify-start\"><\/div>\n<div class=\"mt-3 w-full empty:hidden\">\n<div class=\"text-center\"><\/div>\n<\/div>\n<\/div>\n<\/div>\n<\/section>\n<\/div>\n<div class=\"pointer-events-none h-px w-px absolute bottom-0\" aria-hidden=\"true\" data-edge=\"true\"><\/div>\n","protected":false},"featured_media":10059,"comment_status":"open","ping_status":"closed","template":"","meta":{"_seopress_robots_primary_cat":"","_seopress_titles_title":"","_seopress_titles_desc":"","_seopress_robots_index":""},"product_brand":[639,516],"product_cat":[48,638,515],"product_tag":[315,640,643,67,90,642,59,641,203],"class_list":{"0":"post-10055","1":"product","2":"type-product","3":"status-publish","4":"has-post-thumbnail","6":"product_brand-al-fakher-vape","7":"product_brand-disposable-vape","8":"product_cat-60k-puffs-vape","9":"product_cat-al-fakher-vape-eu","10":"product_cat-disposable-vape","11":"product_tag-60k-puffs-vape","12":"product_tag-al-fakher-crown-bar-60k","13":"product_tag-curved-lcd-display","14":"product_tag-direct-to-lung-dtl","15":"product_tag-disposable-vape","16":"product_tag-dual-mode-airflow","17":"product_tag-mouth-to-lung-mtl","18":"product_tag-premium","19":"product_tag-shipment-from-eu","21":"first","22":"instock","23":"sale","24":"shipping-taxable","25":"purchasable","26":"product-type-variable"},"_links":{"self":[{"href":"https:\/\/pgvape.com\/de\/wp-json\/wp\/v2\/product\/10055","targetHints":{"allow":["GET"]}}],"collection":[{"href":"https:\/\/pgvape.com\/de\/wp-json\/wp\/v2\/product"}],"about":[{"href":"https:\/\/pgvape.com\/de\/wp-json\/wp\/v2\/types\/product"}],"replies":[{"embeddable":true,"href":"https:\/\/pgvape.com\/de\/wp-json\/wp\/v2\/comments?post=10055"}],"wp:featuredmedia":[{"embeddable":true,"href":"https:\/\/pgvape.com\/de\/wp-json\/wp\/v2\/media\/10059"}],"wp:attachment":[{"href":"https:\/\/pgvape.com\/de\/wp-json\/wp\/v2\/media?parent=10055"}],"wp:term":[{"taxonomy":"product_brand","embeddable":true,"href":"https:\/\/pgvape.com\/de\/wp-json\/wp\/v2\/product_brand?post=10055"},{"taxonomy":"product_cat","embeddable":true,"href":"https:\/\/pgvape.com\/de\/wp-json\/wp\/v2\/product_cat?post=10055"},{"taxonomy":"product_tag","embeddable":true,"href":"https:\/\/pgvape.com\/de\/wp-json\/wp\/v2\/product_tag?post=10055"}],"curies":[{"name":"wp","href":"https:\/\/api.w.org\/{rel}","templated":true}]}}