{"id":87,"date":"2025-07-11T13:57:05","date_gmt":"2025-07-11T13:57:05","guid":{"rendered":"https:\/\/pgvape.com\/?page_id=87"},"modified":"2025-11-19T08:00:16","modified_gmt":"2025-11-19T08:00:16","slug":"versandbedingungen","status":"publish","type":"page","link":"https:\/\/pgvape.com\/de\/versandbedingungen\/","title":{"rendered":"Versandbedingungen"},"content":{"rendered":"<div id=\"text-4179681439\" class=\"text\">\n\t\t\n\n<h1>\ud83d\udce6\u00a0<strong data-sourcepos=\"5:6-5:25\">Versandbedingungen<\/strong><\/h1>\n\t\t\n<style>\n#text-4179681439 {\n  text-align: left;\n  color: rgb(0, 0, 0);\n}\n#text-4179681439 > * {\n  color: rgb(0, 0, 0);\n}\n@media (min-width:550px) {\n  #text-4179681439 {\n    text-align: center;\n  }\n}\n<\/style>\n\t<\/div>\n\t\n<div class=\"is-divider divider clearfix\" style=\"margin-top:20px;margin-bottom:20px;max-width:1000px;\"><\/div>\n\n\t<div id=\"text-563012197\" class=\"text\">\n\t\t\n\n<h3><strong data-sourcepos=\"8:1-8:23\">Serviceverpflichtung<\/strong>: Bei <strong data-sourcepos=\"8:28-8:42\">pgvape.com<\/strong>, Wir sind bestrebt, Ihnen einen schnellen, sicheren und effizienten Lieferservice f\u00fcr Ihre Bestellungen zu bieten. .<\/h3>\n\t\t\n<style>\n#text-563012197 {\n  font-size: 0.9rem;\n  color: rgb(0, 0, 0);\n}\n#text-563012197 > * {\n  color: rgb(0, 0, 0);\n}\n<\/style>\n\t<\/div>\n\t\n<div class=\"is-divider divider clearfix\" style=\"margin-top:15px;margin-bottom:15px;max-width:1000px;\"><\/div>\n\n\t<div id=\"text-1260627021\" class=\"text\">\n\t\t\n\n<h3 data-sourcepos=\"12:1-12:35\">1.\ud83d\udd52 <strong data-sourcepos=\"12:10-12:35\">Bearbeitungszeit der Bestellung<\/strong><\/h3>\n<p data-sourcepos=\"14:3-15:147\"><strong data-sourcepos=\"14:3-14:31\">Standardbearbeitungszeit<\/strong>: Nach Zahlungseingang wird Ihre Bestellung bearbeitet <strong data-sourcepos=\"15:64-15:85\">1-3 Werktage<\/strong>, einschlie\u00dflich Auftragspr\u00fcfung, Verpackung und Vorverarbeitung.<\/p>\n<p data-sourcepos=\"17:3-18:142\"><strong>Besondere Umst\u00e4nde:<\/strong> Die Bearbeitungszeit kann sich aufgrund von Feiertagen, abgelegenen Gebieten oder Zollkontrollen verl\u00e4ngern. .<\/p>\n\t\t\n<style>\n#text-1260627021 {\n  font-size: 0.9rem;\n  line-height: 1.75;\n  color: rgb(0, 0, 0);\n}\n#text-1260627021 > * {\n  color: rgb(0, 0, 0);\n}\n<\/style>\n\t<\/div>\n\t\n<div class=\"is-divider divider clearfix\" style=\"margin-top:15px;margin-bottom:15px;max-width:1000px;\"><\/div>\n\n\t<div id=\"text-2632519039\" class=\"text\">\n\t\t\n\n<h2 data-sourcepos=\"22:1-22:41\">2. \ud83d\ude9a\u00a0<strong data-sourcepos=\"22:10-22:41\">Logistik und Versandzeit<\/strong><\/h2>\n<p data-sourcepos=\"24:3-25:103\"><strong data-sourcepos=\"24:3-24:29\">Standardlieferzeit<\/strong>: Die Lieferung dauert in der Regel <strong data-sourcepos=\"25:28-25:50\">7-14 Werktage<\/strong>, wobei die genaue Dauer von Ihrem Standort abh\u00e4ngt.<\/p>\n<p data-sourcepos=\"27:3-28:111\"><strong data-sourcepos=\"27:3-27:22\">M\u00f6gliche Verz\u00f6gerungen<\/strong>: Entlegene Gebiete, Feiertage, Zollkontrollen oder andere unvorhergesehene Umst\u00e4nde k\u00f6nnen zu Verz\u00f6gerungen beim Versand f\u00fchren.<\/p>\n\t\t\n<style>\n#text-2632519039 {\n  font-size: 0.9rem;\n  line-height: 1.75;\n  color: rgb(0, 0, 0);\n}\n#text-2632519039 > * {\n  color: rgb(0, 0, 0);\n}\n<\/style>\n\t<\/div>\n\t\n<div class=\"is-divider divider clearfix\" style=\"margin-top:15px;margin-bottom:15px;max-width:1000px;\"><\/div>\n\n\t<div id=\"text-1406284868\" class=\"text\">\n\t\t\n\n<h2 data-sourcepos=\"32:1-32:31\">3. \ud83e\udd1d\u00a0<strong data-sourcepos=\"32:10-32:31\">Versandpartner<\/strong><\/h2>\n<p data-sourcepos=\"34:1-34:140\">Wir arbeiten mit weltweit vertrauensw\u00fcrdigen Logistikdienstleistern zusammen, um eine durchg\u00e4ngige Kontrolle \u00fcber den Transport Ihrer Bestellung zu gew\u00e4hrleisten.<\/p>\n<p><strong data-sourcepos=\"35:3-35:10\">DHL<\/strong><\/p>\n<p><strong data-sourcepos=\"36:3-36:10\">DPD<\/strong><\/p>\n<p><strong data-sourcepos=\"37:3-37:10\">UPS<\/strong><\/p>\n<p><strong data-sourcepos=\"38:3-38:40\">Postsystem des Ziellandes<\/strong><\/p>\n\t\t\n<style>\n#text-1406284868 {\n  font-size: 0.9rem;\n  line-height: 1.75;\n  color: rgb(0, 0, 0);\n}\n#text-1406284868 > * {\n  color: rgb(0, 0, 0);\n}\n<\/style>\n\t<\/div>\n\t\n<div class=\"is-divider divider clearfix\" style=\"margin-top:15px;margin-bottom:15px;max-width:1000px;\"><\/div>\n\n\t<div id=\"text-3863058738\" class=\"text\">\n\t\t\n\n<h2 data-sourcepos=\"42:1-42:36\">4. \ud83d\udd0d\u00a0<strong data-sourcepos=\"42:10-42:36\">Auftragsverfolgungsdienst<\/strong><\/h2>\n<p data-sourcepos=\"44:3-45:97\"><strong data-sourcepos=\"44:3-44:28\">Tracking-Benachrichtigung<\/strong>: Nach dem Versand wird automatisch eine Sendungsverfolgungsnummer an Ihre registrierte E-Mail-Adresse gesendet.<\/p>\n<p data-sourcepos=\"47:3-47:26\"><strong data-sourcepos=\"47:3-47:23\">Tracking-Optionen<\/strong>:<\/p>\n<p>\u00dcberpr\u00fcfen Sie Ihren Paketstatus, indem Sie die Sendungsverfolgungsnummer auf der Seite \u201cMeine Bestellungen\u201d unserer Website eingeben.<\/p>\n<p>Melden Sie sich auf der offiziellen Plattform des Spediteurs an (z. B. auf der Website von DHL\/UPS).<\/p>\n\t\t\n<style>\n#text-3863058738 {\n  font-size: 0.9rem;\n  line-height: 1.75;\n  color: rgb(0, 0, 0);\n}\n#text-3863058738 > * {\n  color: rgb(0, 0, 0);\n}\n<\/style>\n\t<\/div>\n\t\n<div class=\"is-divider divider clearfix\" style=\"margin-top:15px;margin-bottom:15px;max-width:1000px;\"><\/div>\n\n\t<div id=\"text-1994984623\" class=\"text\">\n\t\t\n\n<h2 data-sourcepos=\"53:1-53:55\">5. \ud83d\udcb0\u00a0<strong data-sourcepos=\"53:10-53:55\">Versandkosten und Zollverantwortung<\/strong><\/h2>\n<p data-sourcepos=\"55:3-56:152\"><strong data-sourcepos=\"55:3-55:26\">Versandkostenregeln<\/strong>: Die Versandkosten werden basierend auf dem Bestellgewicht, dem Bestimmungsort und der ausgew\u00e4hlten Versandart berechnet. .<\/p>\n<p data-sourcepos=\"58:3-58:32\"><strong data-sourcepos=\"58:3-58:29\">Zollverantwortung<\/strong>:<\/p>\n<p>Bei Bestellungen, die in L\u00e4nder oder Regionen au\u00dferhalb Kanadas versandt werden, werden etwaige Z\u00f6lle oder Einfuhrsteuern von uns \u00fcbernommen.<\/p>\n<p>Bei kanadischen Bestellungen liegen die Einfuhrsteuern in der Verantwortung des Kunden. .<\/p>\n\t\t\n<style>\n#text-1994984623 {\n  font-size: 0.9rem;\n  line-height: 1.75;\n  color: rgb(0, 0, 0);\n}\n#text-1994984623 > * {\n  color: rgb(0, 0, 0);\n}\n<\/style>\n\t<\/div>\n\t\n<div class=\"is-divider divider clearfix\" style=\"margin-top:15px;margin-bottom:15px;max-width:1000px;\"><\/div>\n\n\t<div id=\"text-3952285833\" class=\"text\">\n\t\t\n\n<h2 data-sourcepos=\"64:1-64:42\">6. \ud83d\udea8\u00a0<strong data-sourcepos=\"64:10-64:42\">Umgang mit Versandausnahmen<\/strong><\/h2>\n<p data-sourcepos=\"66:1-66:106\">Wenn Sie auf eine der folgenden Situationen sto\u00dfen, wenden Sie sich bitte umgehend an unseren Kundendienst:<\/p>\n<ul data-sourcepos=\"67:1-69:58\">\n<li data-sourcepos=\"67:1-67:72\">Versandverz\u00f6gerung, die die gesch\u00e4tzte Zeit \u00fcberschreitet\u00a0<strong data-sourcepos=\"67:50-67:69\">5 Werktage<\/strong>.<\/li>\n<li data-sourcepos=\"68:1-68:70\">Verlorene, besch\u00e4digte oder ungew\u00f6hnliche Sendungsverfolgungsinformationen f\u00fcr Ihr Paket.<\/li>\n<li data-sourcepos=\"69:1-69:58\">Die Lieferadresse oder andere Details m\u00fcssen aktualisiert werden.<\/li>\n<\/ul>\n<p data-sourcepos=\"71:1-71:141\">Wir werden den gesamten Prozess begleiten und uns mit dem Logistikdienstleister abstimmen, um je nach Situation L\u00f6sungen wie R\u00fccksendungen oder R\u00fcckerstattungen anzubieten.<\/p>\n\t\t\n<style>\n#text-3952285833 {\n  font-size: 0.9rem;\n  line-height: 1.75;\n  color: rgb(0, 0, 0);\n}\n#text-3952285833 > * {\n  color: rgb(0, 0, 0);\n}\n<\/style>\n\t<\/div>\n\t\n<div class=\"is-divider divider clearfix\" style=\"margin-top:15px;margin-bottom:15px;max-width:1000px;\"><\/div>\n\n\t<div id=\"text-1707757998\" class=\"text\">\n\t\t\n\n<h2 data-sourcepos=\"75:1-75:30\">7. \ud83d\udce8\u00a0<strong data-sourcepos=\"75:10-75:30\">Kundensupport<\/strong><\/h2>\n<ul data-sourcepos=\"77:1-78:77\">\n<li data-sourcepos=\"77:1-77:36\">\n<h4><strong data-sourcepos=\"77:3-77:12\">E-Mail<\/strong>: <span style=\"color: #0000ff;\"><a style=\"color: #0000ff;\" href=\"\/de\/support@pgvape.com\/\">support@pgvape.com<\/a><\/span><\/h4>\n<\/li>\n<li data-sourcepos=\"78:1-78:77\">\n<h4><strong data-sourcepos=\"78:3-78:15\">WhatsApp<\/strong>: <span style=\"color: #00ff00;\"><a style=\"color: #00ff00;\" href=\"https:\/\/wa.me\/+8618128481258\">+8618128481258<\/a> <\/span>(Antwort innerhalb von 24 Stunden an Werktagen)<\/h4>\n<\/li>\n<\/ul>\n\t\t\n<style>\n#text-1707757998 {\n  font-size: 0.9rem;\n  line-height: 1.75;\n  color: rgb(0, 0, 0);\n}\n#text-1707757998 > * {\n  color: rgb(0, 0, 0);\n}\n<\/style>\n\t<\/div>\n\t\n<div class=\"is-divider divider clearfix\" style=\"margin-top:15px;margin-bottom:15px;max-width:1000px;\"><\/div>\n\n\t<div id=\"text-40580196\" class=\"text\">\n\t\t\n\n<h3><strong data-sourcepos=\"82:1-82:39\">Vielen Dank, dass Sie sich f\u00fcr pgvape.com entschieden haben!<\/strong><\/h3>\n<p>Wir sch\u00e4tzen Ihr Vertrauen und sind bestrebt, einen reibungslosen und sicheren Versandservice zu bieten.<\/p>\n\t\t\n<style>\n#text-40580196 {\n  font-size: 0.9rem;\n  line-height: 1.75;\n  color: rgb(0, 0, 0);\n}\n#text-40580196 > * {\n  color: rgb(0, 0, 0);\n}\n<\/style>\n\t<\/div>","protected":false},"excerpt":{"rendered":"","protected":false},"author":2,"featured_media":0,"parent":0,"menu_order":0,"comment_status":"closed","ping_status":"closed","template":"","meta":{"_seopress_robots_primary_cat":"","_seopress_titles_title":"","_seopress_titles_desc":"","_seopress_robots_index":"","footnotes":""},"class_list":["post-87","page","type-page","status-publish","hentry"],"_links":{"self":[{"href":"https:\/\/pgvape.com\/de\/wp-json\/wp\/v2\/pages\/87","targetHints":{"allow":["GET"]}}],"collection":[{"href":"https:\/\/pgvape.com\/de\/wp-json\/wp\/v2\/pages"}],"about":[{"href":"https:\/\/pgvape.com\/de\/wp-json\/wp\/v2\/types\/page"}],"author":[{"embeddable":true,"href":"https:\/\/pgvape.com\/de\/wp-json\/wp\/v2\/users\/2"}],"replies":[{"embeddable":true,"href":"https:\/\/pgvape.com\/de\/wp-json\/wp\/v2\/comments?post=87"}],"version-history":[{"count":0,"href":"https:\/\/pgvape.com\/de\/wp-json\/wp\/v2\/pages\/87\/revisions"}],"wp:attachment":[{"href":"https:\/\/pgvape.com\/de\/wp-json\/wp\/v2\/media?parent=87"}],"curies":[{"name":"wp","href":"https:\/\/api.w.org\/{rel}","templated":true}]}}