{"id":3,"date":"2025-07-09T13:14:25","date_gmt":"2025-07-09T13:14:25","guid":{"rendered":"http:\/\/pgvape.com\/?page_id=3"},"modified":"2025-11-19T08:01:49","modified_gmt":"2025-11-19T08:01:49","slug":"datenschutzrichtlinie","status":"publish","type":"page","link":"https:\/\/pgvape.com\/de\/datenschutzrichtlinie\/","title":{"rendered":"Datenschutzrichtlinie"},"content":{"rendered":"<div id=\"text-3834055787\" class=\"text\">\n\t\t\n\n<h1>\ud83d\udcdc Datenschutzrichtlinie<\/h1>\n\t\t\n<style>\n#text-3834055787 {\n  font-size: 1rem;\n  line-height: 1.05;\n  text-align: left;\n  color: rgb(0, 0, 0);\n}\n#text-3834055787 > * {\n  color: rgb(0, 0, 0);\n}\n@media (min-width:550px) {\n  #text-3834055787 {\n    font-size: 1.2rem;\n    line-height: 1.5;\n    text-align: left;\n  }\n}\n@media (min-width:850px) {\n  #text-3834055787 {\n    font-size: 1.5rem;\n    text-align: center;\n  }\n}\n<\/style>\n\t<\/div>\n\t\n\n\n\n<h2 class=\"wp-block-heading\"><\/h2>\n\n\n\n\t<div id=\"text-2172242319\" class=\"text\">\n\t\t\n\n<h3><span style=\"color: #282828;\">Bei Pgvape sch\u00e4tzen wir Ihr Vertrauen und setzen uns f\u00fcr den Schutz Ihrer pers\u00f6nlichen Daten ein. .<\/span><\/h3>\n\t\t\n<style>\n#text-2172242319 {\n  font-size: 0.75rem;\n  color: rgb(0, 0, 0);\n}\n#text-2172242319 > * {\n  color: rgb(0, 0, 0);\n}\n@media (min-width:550px) {\n  #text-2172242319 {\n    font-size: 1rem;\n  }\n}\n@media (min-width:850px) {\n  #text-2172242319 {\n    font-size: 1.1rem;\n  }\n}\n<\/style>\n\t<\/div>\n\t\n<div class=\"is-divider divider clearfix\" style=\"max-width:1000px;background-color:rgb(230, 230, 230);\"><\/div>\n\n\t<div id=\"text-1563841112\" class=\"text\">\n\t\t\n\n<h3 data-sourcepos=\"7:1-7:27\"><span style=\"color: #000000;\"><strong data-sourcepos=\"7:6-7:25\">Was wir sammeln<\/strong><\/span><\/h3>\n<p data-sourcepos=\"8:1-8:53\"><span style=\"color: #000000;\">Wir k\u00f6nnen die folgenden Arten von Informationen sammeln:<\/span><\/p>\n<ol data-sourcepos=\"9:1-12:150\">\n<li data-sourcepos=\"9:1-9:163\"><span style=\"color: #000000;\"><strong data-sourcepos=\"9:4-9:28\">Pers\u00f6nliche Informationen<\/strong>: Einschlie\u00dflich Ihres Namens, Ihrer E-Mail-Adresse, Versanddetails, Rechnungsinformationen und Telefonnummer, wenn Sie einen Kauf t\u00e4tigen oder uns kontaktieren.<\/span><\/li>\n<li data-sourcepos=\"10:1-10:85\"><span style=\"color: #000000;\"><strong data-sourcepos=\"10:4-10:30\">Bestell- und Kontodaten<\/strong>: Kaufhistorie, Pr\u00e4ferenzen und gespeicherte Adressen.<\/span><\/li>\n<li data-sourcepos=\"11:1-11:123\"><span style=\"color: #000000;\"><strong data-sourcepos=\"11:4-11:32\">Ger\u00e4te- und Browserdaten<\/strong>: IP-Adresse, Browsertyp, Ger\u00e4tetyp, besuchte Seiten und auf unserer Website durchgef\u00fchrte Aktionen.<\/span><\/li>\n<li data-sourcepos=\"12:1-12:150\"><span style=\"color: #000000;\"><strong data-sourcepos=\"12:4-12:24\">Alters\u00fcberpr\u00fcfung<\/strong>: Gem\u00e4\u00df den gesetzlichen Bestimmungen k\u00f6nnen wir eine Alters\u00fcberpr\u00fcfung verlangen, um sicherzustellen, dass Kunden das gesetzliche Mindestalter f\u00fcr den Kauf von E-Zigaretten-Produkten erreichen.<\/span><\/li>\n<\/ol>\n\t\t\n<style>\n#text-1563841112 {\n  font-size: 0.75rem;\n  color: rgb(0, 0, 0);\n}\n#text-1563841112 > * {\n  color: rgb(0, 0, 0);\n}\n@media (min-width:550px) {\n  #text-1563841112 {\n    font-size: 1rem;\n  }\n}\n@media (min-width:850px) {\n  #text-1563841112 {\n    font-size: 1.1rem;\n  }\n}\n<\/style>\n\t<\/div>\n\t\n<div class=\"is-divider divider clearfix\" style=\"max-width:1000px;background-color:rgb(230, 230, 230);\"><\/div>\n\n\t<div id=\"text-632618309\" class=\"text\">\n\t\t\n\n<h3 data-sourcepos=\"16:1-16:39\"><strong><span style=\"color: #000000;\">Wie wir Ihre Informationen verwenden<\/span><\/strong><\/h3>\n<p data-sourcepos=\"17:1-17:30\"><span style=\"color: #000000;\">Wir verwenden Ihre Informationen, um:<\/span><\/p>\n<ol data-sourcepos=\"18:1-23:51\">\n<li data-sourcepos=\"18:1-18:38\"><span style=\"color: #000000;\">Erf\u00fcllen und liefern Sie Ihre Bestellungen.<\/span><\/li>\n<li data-sourcepos=\"19:1-19:56\"><span style=\"color: #000000;\">Bieten Sie Kundensupport und beantworten Sie Anfragen.<\/span><\/li>\n<li data-sourcepos=\"20:1-20:43\"><span style=\"color: #000000;\">Personalisieren Sie Ihr Einkaufserlebnis.<\/span><\/li>\n<li data-sourcepos=\"21:1-21:51\"><span style=\"color: #000000;\">Verbessern Sie unsere Dienste und die Leistung unserer Website.<\/span><\/li>\n<li data-sourcepos=\"22:1-22:93\"><span style=\"color: #000000;\">Senden Sie Bestellaktualisierungen, Werbeinformationen (falls aktiviert) und wichtige Benachrichtigungen.<\/span><\/li>\n<li data-sourcepos=\"23:1-23:51\"><span style=\"color: #000000;\">Halten Sie gesetzliche und beh\u00f6rdliche Verpflichtungen ein.<\/span><\/li>\n<\/ol>\n\t\t\n<style>\n#text-632618309 {\n  font-size: 0.75rem;\n  color: rgb(0, 0, 0);\n}\n#text-632618309 > * {\n  color: rgb(0, 0, 0);\n}\n@media (min-width:550px) {\n  #text-632618309 {\n    font-size: 1rem;\n  }\n}\n@media (min-width:850px) {\n  #text-632618309 {\n    font-size: 1.1rem;\n  }\n}\n<\/style>\n\t<\/div>\n\t\n<div class=\"is-divider divider clearfix\" style=\"max-width:1000px;background-color:rgb(230, 230, 230);\"><\/div>\n\n\t<div id=\"text-1384078431\" class=\"text\">\n\t\t\n\n<h3 data-sourcepos=\"27:1-27:36\"><span style=\"color: #000000;\"><strong data-sourcepos=\"27:6-27:34\">Wie wir Ihre Daten sch\u00fctzen<\/strong><\/span><\/h3>\n<h4 data-sourcepos=\"28:1-28:52\"><span style=\"color: #000000;\"><strong>Wir implementieren strenge Sicherheitsma\u00dfnahmen, darunter:<\/strong><\/span><\/h4>\n<ol data-sourcepos=\"29:1-31:123\">\n<li data-sourcepos=\"29:1-29:62\"><span style=\"color: #000000;\"><strong data-sourcepos=\"29:4-29:22\">SSL-Verschl\u00fcsselung<\/strong>: Zum Schutz der Daten w\u00e4hrend der \u00dcbertragung.<\/span><\/li>\n<li data-sourcepos=\"30:1-30:114\"><span style=\"color: #000000;\"><strong data-sourcepos=\"30:4-30:54\">Sichere Server und eingeschr\u00e4nkte Zugriffsprotokolle<\/strong>: Sicherstellen, dass nur autorisiertes Personal auf Ihre Daten zugreifen kann.<\/span><\/li>\n<li data-sourcepos=\"31:1-31:123\"><span style=\"color: #000000;\"><strong data-sourcepos=\"31:4-31:50\">Regelm\u00e4\u00dfige Sicherheits\u00fcberpr\u00fcfungen und Systemaktualisierungen<\/strong>: Befolgen Sie die Best Practices der Branche, um sicherzustellen, dass Ihre Daten sicher bleiben.<\/span><\/li>\n<\/ol>\n<p data-sourcepos=\"33:1-33:101\"><span style=\"color: #000000;\">Wir nehmen den Datenschutz sehr ernst und ergreifen alle notwendigen Ma\u00dfnahmen, um Ihre Daten zu sch\u00fctzen.<\/span><\/p>\n\t\t\n<style>\n#text-1384078431 {\n  font-size: 0.75rem;\n  color: rgb(0, 0, 0);\n}\n#text-1384078431 > * {\n  color: rgb(0, 0, 0);\n}\n@media (min-width:550px) {\n  #text-1384078431 {\n    font-size: 1rem;\n  }\n}\n@media (min-width:850px) {\n  #text-1384078431 {\n    font-size: 1.1rem;\n  }\n}\n<\/style>\n\t<\/div>\n\t\n<div class=\"is-divider divider clearfix\" style=\"max-width:1000px;background-color:rgb(230, 230, 230);\"><\/div>\n\n\t<div id=\"text-2425256960\" class=\"text\">\n\t\t\n\n<h3 data-sourcepos=\"37:1-37:31\"><span style=\"color: #000000;\"><strong data-sourcepos=\"37:6-37:29\">Informationsaustausch<\/strong><\/span><\/h3>\n<p data-sourcepos=\"38:1-38:91\"><span style=\"color: #000000;\"><strong>Wir verkaufen Ihre personenbezogenen Daten nicht.<\/strong><\/span><\/p>\n<ol data-sourcepos=\"39:1-41:60\">\n<li data-sourcepos=\"39:1-39:102\"><span style=\"color: #000000;\"><strong>Vertrauensw\u00fcrdige Dienstleister:<\/strong> Zum Beispiel Zahlungsgateways, Versandpartner und E-Mail-Plattformen.<\/span><\/li>\n<li data-sourcepos=\"40:1-40:67\"><span style=\"color: #000000;\"><strong data-sourcepos=\"40:4-40:44\">Strafverfolgungs- oder Regulierungsbeh\u00f6rden<\/strong>: Sofern gesetzlich vorgeschrieben.<\/span><\/li>\n<li data-sourcepos=\"41:1-41:60\"><span style=\"color: #000000;\"><strong data-sourcepos=\"41:4-41:27\">Marketingplattformen<\/strong>: Nur mit Ihrer vorherigen Zustimmung.<\/span><\/li>\n<\/ol>\n\t\t\n<style>\n#text-2425256960 {\n  font-size: 0.75rem;\n  color: rgb(0, 0, 0);\n}\n#text-2425256960 > * {\n  color: rgb(0, 0, 0);\n}\n@media (min-width:550px) {\n  #text-2425256960 {\n    font-size: 1rem;\n  }\n}\n@media (min-width:850px) {\n  #text-2425256960 {\n    font-size: 1.1rem;\n  }\n}\n<\/style>\n\t<\/div>\n\t\n<div class=\"is-divider divider clearfix\" style=\"max-width:1000px;background-color:rgb(230, 230, 230);\"><\/div>\n\n\t<div id=\"text-326754952\" class=\"text\">\n\t\t\n\n<h3 data-sourcepos=\"45:1-45:32\"><span style=\"color: #000000;\"><strong data-sourcepos=\"45:6-45:30\">Cookies und Tracking<\/strong><\/span><\/h3>\n<p data-sourcepos=\"46:1-46:39\"><span style=\"color: #000000;\"><strong>Wir verwenden Cookies und \u00e4hnliche Tools, um:<\/strong><\/span><\/p>\n<ol data-sourcepos=\"47:1-49:54\">\n<li data-sourcepos=\"47:1-47:45\"><span style=\"color: #000000;\">Aktivieren Sie wesentliche Website-Funktionen.<\/span><\/li>\n<li data-sourcepos=\"48:1-48:40\"><span style=\"color: #000000;\">Analysieren Sie Traffic und Nutzerverhalten.<\/span><\/li>\n<li data-sourcepos=\"49:1-49:54\"><span style=\"color: #000000;\">Bieten Sie ein personalisierteres Einkaufserlebnis.<\/span><\/li>\n<\/ol>\n<p data-sourcepos=\"51:1-51:72\"><span style=\"color: #000000;\">Sie k\u00f6nnen Ihre Cookie-Einstellungen \u00fcber Ihre Browsereinstellungen \u00e4ndern.<\/span><\/p>\n\t\t\n<style>\n#text-326754952 {\n  font-size: 0.75rem;\n  color: rgb(0, 0, 0);\n}\n#text-326754952 > * {\n  color: rgb(0, 0, 0);\n}\n@media (min-width:550px) {\n  #text-326754952 {\n    font-size: 1rem;\n  }\n}\n@media (min-width:850px) {\n  #text-326754952 {\n    font-size: 1.1rem;\n  }\n}\n<\/style>\n\t<\/div>\n\t\n<div class=\"is-divider divider clearfix\" style=\"max-width:1000px;background-color:rgb(230, 230, 230);\"><\/div>\n\n\t<div id=\"text-3539845258\" class=\"text\">\n\t\t\n\n<h3 data-sourcepos=\"55:1-55:23\"><span style=\"color: #000000;\"><strong data-sourcepos=\"55:6-55:21\">Ihre Rechte<\/strong><\/span><\/h3>\n<p data-sourcepos=\"56:1-56:69\"><span style=\"color: #000000;\">Abh\u00e4ngig von Ihrer Gerichtsbarkeit haben Sie m\u00f6glicherweise die folgenden Rechte:<\/span><\/p>\n<ol data-sourcepos=\"57:1-60:58\">\n<li data-sourcepos=\"57:1-57:36\"><span style=\"color: #000000;\"><strong data-sourcepos=\"57:4-57:33\">Greifen Sie auf Ihre pers\u00f6nlichen Daten zu<\/strong>.<\/span><\/li>\n<li data-sourcepos=\"58:1-58:41\"><span style=\"color: #000000;\"><strong data-sourcepos=\"58:4-58:38\">Fordern Sie Korrekturen oder Aktualisierungen an<\/strong>.<\/span><\/li>\n<li data-sourcepos=\"59:1-59:47\"><span style=\"color: #000000;\"><strong data-sourcepos=\"59:4-59:44\">Fordern Sie die L\u00f6schung Ihrer Daten an<\/strong>.<\/span><\/li>\n<li data-sourcepos=\"60:1-60:58\"><span style=\"color: #000000;\"><strong data-sourcepos=\"60:4-60:55\">Sie k\u00f6nnen die Marketingkommunikation jederzeit abbestellen<\/strong>.<\/span><\/li>\n<\/ol>\n<p data-sourcepos=\"62:1-62:73\"><span style=\"color: #000000;\">Um diese Rechte auszu\u00fcben, kontaktieren Sie uns bitte unter <strong data-sourcepos=\"62:48-62:70\"><a style=\"color: #000000;\" href=\"mailto:support@pgvape.com\" data-sentry-component=\"CustomLink\" data-sentry-source-file=\"index.tsx\">support@pgvape.com<\/a><\/strong>.<\/span><\/p>\n\t\t\n<style>\n#text-3539845258 {\n  font-size: 0.75rem;\n  color: rgb(0, 0, 0);\n}\n#text-3539845258 > * {\n  color: rgb(0, 0, 0);\n}\n@media (min-width:550px) {\n  #text-3539845258 {\n    font-size: 1rem;\n  }\n}\n@media (min-width:850px) {\n  #text-3539845258 {\n    font-size: 1.1rem;\n  }\n}\n<\/style>\n\t<\/div>\n\t\n<div class=\"is-divider divider clearfix\" style=\"max-width:1000px;background-color:rgb(230, 230, 230);\"><\/div>\n\n\t<div id=\"text-1604108114\" class=\"text\">\n\t\t\n\n<h3 data-sourcepos=\"66:1-66:31\"><span style=\"color: #000000;\"><strong data-sourcepos=\"66:6-66:29\">Internationale Benutzer<\/strong><\/span><\/h3>\n<p><strong><span style=\"color: #000000;\">Durch den Zugriff auf unsere Website von au\u00dferhalb Ihres Landes stimmen Sie der \u00dcbertragung und Verarbeitung Ihrer Daten gem\u00e4\u00df dieser Richtlinie und den geltenden lokalen Gesetzen zu.<\/span><\/strong><\/p>\n\t\t\n<style>\n#text-1604108114 {\n  font-size: 0.75rem;\n  color: rgb(2, 0, 0);\n}\n#text-1604108114 > * {\n  color: rgb(2, 0, 0);\n}\n@media (min-width:550px) {\n  #text-1604108114 {\n    font-size: 1rem;\n  }\n}\n@media (min-width:850px) {\n  #text-1604108114 {\n    font-size: 1.1rem;\n  }\n}\n<\/style>\n\t<\/div>\n\t\n<div class=\"is-divider divider clearfix\" style=\"max-width:1000px;background-color:rgb(230, 230, 230);\"><\/div>\n\n\t<div id=\"text-4056810428\" class=\"text\">\n\t\t\n\n<h3 data-sourcepos=\"71:1-71:34\"><span style=\"color: #000000;\"><strong data-sourcepos=\"71:6-71:32\">\u00c4nderungen an dieser Richtlinie<\/strong><\/span><\/h3>\n<p data-sourcepos=\"72:1-72:221\"><span style=\"color: #000000;\"><strong>Wir k\u00f6nnen diese Datenschutzrichtlinie aktualisieren, um \u00c4nderungen unserer Praktiken oder rechtlichen Anforderungen Rechnung zu tragen. .<\/strong><\/span><\/p>\n\t\t\n<style>\n#text-4056810428 {\n  font-size: 0.75rem;\n  color: rgb(0, 0, 0);\n}\n#text-4056810428 > * {\n  color: rgb(0, 0, 0);\n}\n@media (min-width:550px) {\n  #text-4056810428 {\n    font-size: 1rem;\n  }\n}\n@media (min-width:850px) {\n  #text-4056810428 {\n    font-size: 1.1rem;\n  }\n}\n<\/style>\n\t<\/div>\n\t\n<div class=\"is-divider divider clearfix\" style=\"max-width:1000px;background-color:rgb(230, 230, 230);\"><\/div>\n\n\t<div id=\"text-3637113695\" class=\"text\">\n\t\t\n\n<h3 data-sourcepos=\"76:1-76:22\"><span style=\"color: #000000;\"><strong data-sourcepos=\"76:6-76:20\">Kontaktieren Sie uns<\/strong><\/span><\/h3>\n<p data-sourcepos=\"77:1-77:90\"><span style=\"color: #000000;\">Wenn Sie Fragen, Bedenken oder datenbezogene W\u00fcnsche haben, wenden Sie sich bitte an unser Team:<\/span><\/p>\n<ul data-sourcepos=\"78:1-79:33\">\n<li data-sourcepos=\"78:1-78:34\">\n<h4><span style=\"color: #000000;\"><strong data-sourcepos=\"78:3-78:12\">E-Mail<\/strong>:<span style=\"color: #0000ff;\">\u00a0<a style=\"color: #0000ff;\" href=\"\/de\/support@pgvape.com\/\" data-sentry-component=\"CustomLink\" data-sentry-source-file=\"index.tsx\">support@pgvape.com<\/a><\/span><\/span><\/h4>\n<\/li>\n<li data-sourcepos=\"79:1-79:33\">\n<h4><span style=\"color: #000000;\"><strong data-sourcepos=\"79:3-79:15\">WhatsApp<\/strong>: <span style=\"color: #00ff00;\"><a style=\"color: #00ff00;\" href=\"https:\/\/wa.me\/+8618128481258\">+8618128481258<\/a><\/span><\/span><\/h4>\n<\/li>\n<\/ul>\n<p data-sourcepos=\"81:1-81:84\"><span style=\"color: #000000;\">Wir sind immer f\u00fcr Sie da und werden an Werktagen innerhalb von 24 Stunden antworten.<\/span><\/p>\n\t\t\n<style>\n#text-3637113695 {\n  font-size: 0.75rem;\n  color: rgb(0, 0, 0);\n}\n#text-3637113695 > * {\n  color: rgb(0, 0, 0);\n}\n@media (min-width:550px) {\n  #text-3637113695 {\n    font-size: 1rem;\n  }\n}\n@media (min-width:850px) {\n  #text-3637113695 {\n    font-size: 1.1rem;\n  }\n}\n<\/style>\n\t<\/div>\n\t\n<div class=\"is-divider divider clearfix\" style=\"max-width:1000px;background-color:rgb(230, 230, 230);\"><\/div>\n\n\t<div id=\"text-953197700\" class=\"text\">\n\t\t\n\n<p><span style=\"color: #000000;\">Vielen Dank, dass Sie sich entschieden haben <strong data-sourcepos=\"85:24-85:34\">Pgvape<\/strong>. .<\/span><\/p>\n\t\t\n<style>\n#text-953197700 {\n  font-size: 0.75rem;\n  color: rgb(0, 0, 0);\n}\n#text-953197700 > * {\n  color: rgb(0, 0, 0);\n}\n@media (min-width:550px) {\n  #text-953197700 {\n    font-size: 1rem;\n  }\n}\n@media (min-width:850px) {\n  #text-953197700 {\n    font-size: 1.2rem;\n  }\n}\n<\/style>\n\t<\/div>","protected":false},"excerpt":{"rendered":"","protected":false},"author":1,"featured_media":0,"parent":0,"menu_order":0,"comment_status":"closed","ping_status":"open","template":"","meta":{"_seopress_robots_primary_cat":"","_seopress_titles_title":"","_seopress_titles_desc":"","_seopress_robots_index":"","footnotes":""},"class_list":["post-3","page","type-page","status-publish","hentry"],"_links":{"self":[{"href":"https:\/\/pgvape.com\/de\/wp-json\/wp\/v2\/pages\/3","targetHints":{"allow":["GET"]}}],"collection":[{"href":"https:\/\/pgvape.com\/de\/wp-json\/wp\/v2\/pages"}],"about":[{"href":"https:\/\/pgvape.com\/de\/wp-json\/wp\/v2\/types\/page"}],"author":[{"embeddable":true,"href":"https:\/\/pgvape.com\/de\/wp-json\/wp\/v2\/users\/1"}],"replies":[{"embeddable":true,"href":"https:\/\/pgvape.com\/de\/wp-json\/wp\/v2\/comments?post=3"}],"version-history":[{"count":0,"href":"https:\/\/pgvape.com\/de\/wp-json\/wp\/v2\/pages\/3\/revisions"}],"wp:attachment":[{"href":"https:\/\/pgvape.com\/de\/wp-json\/wp\/v2\/media?parent=3"}],"curies":[{"name":"wp","href":"https:\/\/api.w.org\/{rel}","templated":true}]}}