{"id":105,"date":"2025-07-12T08:18:42","date_gmt":"2025-07-12T08:18:42","guid":{"rendered":"https:\/\/pgvape.com\/?page_id=105"},"modified":"2025-11-19T07:55:16","modified_gmt":"2025-11-19T07:55:16","slug":"uber-uns","status":"publish","type":"page","link":"https:\/\/pgvape.com\/de\/uber-uns\/","title":{"rendered":"\u00dcber uns"},"content":{"rendered":"<div id=\"text-3061861362\" class=\"text\">\n\t\t\n\n<h1 data-sourcepos=\"5:1-5:28\">\ud83d\ude80\u00a0<strong data-sourcepos=\"5:6-5:26\">\u00dcber pgvape<\/strong><\/h1>\n\t\t\n<style>\n#text-3061861362 {\n  text-align: center;\n  color: rgb(0,0,0);\n}\n#text-3061861362 > * {\n  color: rgb(0,0,0);\n}\n<\/style>\n\t<\/div>\n\t\n<div class=\"is-divider divider clearfix\" style=\"margin-top:20px;margin-bottom:20px;max-width:1000px;background-color:rgb(209, 209, 209);\"><\/div>\n\n\t<div id=\"text-2175574562\" class=\"text\">\n\t\t\n\n<h3><strong data-sourcepos=\"6:1-6:54\">Ihr vertrauensw\u00fcrdiger Partner f\u00fcr Premium-Einweg-Vapes<\/strong><\/h3>\n<p data-sourcepos=\"8:1-8:255\">Willkommen bei <strong data-sourcepos=\"8:12-8:26\">pgvape.com<\/strong>, Ihr ultimativer Ansprechpartner f\u00fcr hochwertige Einweg-E-Zigaretten und ma\u00dfgeschneiderte Dampfl\u00f6sungen. <strong data-sourcepos=\"8:204-8:224\">Premium-Produkte<\/strong> Und <strong data-sourcepos=\"8:229-8:252\">au\u00dfergew\u00f6hnlicher Service<\/strong>.<\/p>\n<p data-sourcepos=\"10:1-10:236\">Unsere Mission ist es, jeden Zug zu machen <strong data-sourcepos=\"10:35-10:78\">komfortabel, angenehm und vertrauensw\u00fcrdig<\/strong>. <strong data-sourcepos=\"10:186-10:200\">Innovation<\/strong> Und <strong data-sourcepos=\"10:205-10:216\">Qualit\u00e4t<\/strong> um Ihre Bed\u00fcrfnisse zu erf\u00fcllen.<\/p>\n\t\t\n<style>\n#text-2175574562 {\n  font-size: 0.85rem;\n  line-height: 1.75;\n  color: rgb(0,0,0);\n}\n#text-2175574562 > * {\n  color: rgb(0,0,0);\n}\n@media (min-width:550px) {\n  #text-2175574562 {\n    font-size: 0.9rem;\n  }\n}\n@media (min-width:850px) {\n  #text-2175574562 {\n    font-size: 1rem;\n  }\n}\n<\/style>\n\t<\/div>\n\t\n<div class=\"is-divider divider clearfix\" style=\"margin-top:15px;margin-bottom:15px;max-width:1000px;background-color:rgb(209, 209, 209);\"><\/div>\n\n\t<div id=\"text-2038436011\" class=\"text\">\n\t\t\n\n<h2 data-sourcepos=\"14:1-14:35\">\ud83c\udf1f\u00a0<strong data-sourcepos=\"14:7-14:33\">Unsere Mission und Vision<\/strong><\/h2>\n<h5 data-sourcepos=\"15:1-15:95\">Wir bei pgvape.com glauben, dass Dampfen nicht nur eine Wahl, sondern ein Lebensstil ist.<\/h5>\n<p><strong data-sourcepos=\"16:3-16:25\">Vereinfachtes Dampfen<\/strong>: Wir bieten hochwertige Produkte an, die Ihnen die Auswahl erleichtern.<\/p>\n<p><strong data-sourcepos=\"17:3-17:31\">Das Erlebnis verbessern<\/strong>: Innovative Technologien zur Optimierung Ihrer Dampfzufriedenheit.<\/p>\n<p><strong data-sourcepos=\"18:3-18:31\">Langfristiges Vertrauen aufbauen<\/strong>: Bereitstellung transparenter Dienstleistungen zum Aufbau dauerhafter Beziehungen.<\/p>\n<p data-sourcepos=\"20:1-20:367\">\u00a0<\/p>\n\t\t\n<style>\n#text-2038436011 {\n  font-size: 0.9rem;\n  line-height: 1.75;\n  color: rgb(0,0,0);\n}\n#text-2038436011 > * {\n  color: rgb(0,0,0);\n}\n@media (min-width:550px) {\n  #text-2038436011 {\n    font-size: 0.9rem;\n  }\n}\n@media (min-width:850px) {\n  #text-2038436011 {\n    font-size: 1rem;\n  }\n}\n<\/style>\n\t<\/div>\n\t\n\t<div id=\"text-2557604940\" class=\"text\">\n\t\t\n\n<h4>Wir wurden von E-Zigaretten-Enthusiasten und Branchenprofis gegr\u00fcndet und haben eine Marktl\u00fccke f\u00fcr wirklich hochwertige und streng getestete Produkte identifiziert. .<\/h4>\n\t\t\n<style>\n#text-2557604940 {\n  font-size: 0.9rem;\n  line-height: 1.75;\n  color: rgb(0,0,0);\n}\n#text-2557604940 > * {\n  color: rgb(0,0,0);\n}\n@media (min-width:550px) {\n  #text-2557604940 {\n    font-size: 0.9rem;\n  }\n}\n@media (min-width:850px) {\n  #text-2557604940 {\n    font-size: 1rem;\n  }\n}\n<\/style>\n\t<\/div>\n\t\n<div class=\"is-divider divider clearfix\" style=\"margin-top:15px;margin-bottom:15px;max-width:1000px;background-color:rgb(209, 209, 209);\"><\/div>\n\n\t<div id=\"text-3599511418\" class=\"text\">\n\t\t\n\n<h2 data-sourcepos=\"24:1-24:27\">\ud83d\udecd\ufe0f\u00a0<strong data-sourcepos=\"24:8-24:25\">Was wir anbieten<\/strong><\/h2>\n\t\t\n<style>\n#text-3599511418 {\n  color: rgb(0,0,0);\n}\n#text-3599511418 > * {\n  color: rgb(0,0,0);\n}\n<\/style>\n\t<\/div>\n\t\n\t<div id=\"text-1017067666\" class=\"text\">\n\t\t\n\n<h3 data-sourcepos=\"26:1-26:37\">\u2705\u00a0<strong data-sourcepos=\"26:7-26:35\">Premium-Einweg-Vapes<\/strong><\/h3>\n<p data-sourcepos=\"27:1-27:306\">Unsere kuratierte Einweg-Vape-Kollektion vereint <strong data-sourcepos=\"27:49-27:76\">Spitzentechnologie<\/strong> mit <strong data-sourcepos=\"27:82-27:112\">authentische und kr\u00e4ftige Aromen<\/strong>\u2013 vom klassischen Tabak bis hin zu exotischen Fruchtmischungen. <strong data-sourcepos=\"27:190-27:210\">strenge Tests<\/strong> um internationale Sicherheitsstandards zu erf\u00fcllen und jederzeit eine reibungslose und angenehme Leistung zu gew\u00e4hrleisten.<\/p>\n\t\t\n<style>\n#text-1017067666 {\n  font-size: 0.9rem;\n  line-height: 1.75;\n  color: rgb(0, 0, 0);\n}\n#text-1017067666 > * {\n  color: rgb(0, 0, 0);\n}\n@media (min-width:850px) {\n  #text-1017067666 {\n    font-size: 1rem;\n  }\n}\n<\/style>\n\t<\/div>\n\t\n\t<div id=\"text-332615077\" class=\"text\">\n\t\t\n\n<h3 data-sourcepos=\"29:1-29:37\">\u2705\u00a0<strong data-sourcepos=\"29:7-29:35\">OEM- und Gro\u00dfhandelsdienstleistungen<\/strong><\/h3>\n<p data-sourcepos=\"30:1-30:310\">F\u00fcr Gesch\u00e4ftskunden bieten wir ma\u00dfgeschneiderte L\u00f6sungen an <strong data-sourcepos=\"30:43-30:81\">ma\u00dfgeschneiderte Fertigungsl\u00f6sungen<\/strong> um Ihnen bei der Entwicklung einzigartiger Vape-Produkte zu helfen. <strong data-sourcepos=\"30:181-30:212\">modernste Ausstattung<\/strong> Und <strong data-sourcepos=\"30:217-30:250\">flexible Produktionsprozesse<\/strong> Machen Sie uns zum idealen Partner f\u00fcr die Skalierung Ihres Vape-Gesch\u00e4fts.<\/p>\n\t\t\n<style>\n#text-332615077 {\n  font-size: 0.9rem;\n  line-height: 1.75;\n  color: rgb(0,0,0);\n}\n#text-332615077 > * {\n  color: rgb(0,0,0);\n}\n<\/style>\n\t<\/div>\n\t\n\t<div id=\"text-691749799\" class=\"text\">\n\t\t\n\n<h3 data-sourcepos=\"32:1-32:42\">\u2705\u00a0<strong data-sourcepos=\"32:7-32:40\">Schneller und sicherer weltweiter Versand<\/strong><\/h3>\n<p data-sourcepos=\"33:1-33:233\">Bestellungen werden innerhalb bearbeitet <strong data-sourcepos=\"33:29-33:50\">1-3 Werktage<\/strong> und \u00fcber vertrauensw\u00fcrdige Spediteure versendet, z <strong data-sourcepos=\"33:92-33:109\">DHL, UPS, DPD<\/strong>, und lokale Postdienste. .<\/p>\n\t\t\n<style>\n#text-691749799 {\n  font-size: 0.9rem;\n  line-height: 1.75;\n  color: rgb(0,0,0);\n}\n#text-691749799 > * {\n  color: rgb(0,0,0);\n}\n<\/style>\n\t<\/div>\n\t\n\t<div id=\"text-1901965888\" class=\"text\">\n\t\t\n\n<h3 data-sourcepos=\"35:1-35:35\">\u2705\u00a0<strong data-sourcepos=\"35:7-35:33\">Sichere Zahlungsoptionen<\/strong><\/h3>\n<p data-sourcepos=\"36:1-36:45\">W\u00e4hlen Sie aus folgenden Zahlungsarten:<\/p>\n<ul data-sourcepos=\"37:1-40:32\">\n<li data-sourcepos=\"37:1-37:15\"><strong data-sourcepos=\"37:3-37:13\">PayPal<\/strong><\/li>\n<li data-sourcepos=\"38:1-38:58\"><strong data-sourcepos=\"38:3-38:19\">Kreditkarten<\/strong>\u00a0(Visa, MasterCard, American Express)<\/li>\n<li data-sourcepos=\"39:1-39:40\"><strong data-sourcepos=\"39:3-39:21\">Bank\u00fcberweisungen<\/strong>\u00a0(SEPA unterst\u00fctzt)<\/li>\n<li data-sourcepos=\"40:1-40:32\"><strong data-sourcepos=\"40:3-40:30\">Zahlungen in Kryptow\u00e4hrungen<\/strong><\/li>\n<\/ul>\n<p data-sourcepos=\"42:1-42:80\">Alle Transaktionen sind gesch\u00fctzt durch <strong data-sourcepos=\"42:35-42:53\">SSL-Verschl\u00fcsselung<\/strong> um die Datensicherheit zu gew\u00e4hrleisten.<\/p>\n\t\t\n<style>\n#text-1901965888 {\n  font-size: 0.9rem;\n  line-height: 1.75;\n  color: rgb(0,0,0);\n}\n#text-1901965888 > * {\n  color: rgb(0,0,0);\n}\n<\/style>\n\t<\/div>\n\t\n<div class=\"is-divider divider clearfix\" style=\"margin-top:15px;margin-bottom:15px;max-width:1000px;background-color:rgb(209, 209, 209);\"><\/div>\n\n\t<div id=\"text-2661539136\" class=\"text\">\n\t\t\n\n<h2 data-sourcepos=\"46:1-46:35\">\ud83c\udf0d\u00a0<strong data-sourcepos=\"46:7-46:33\">Warum pgvape.com w\u00e4hlen?<\/strong><\/h2>\n\t\t\n<style>\n#text-2661539136 {\n  color: rgb(0,0,0);\n}\n#text-2661539136 > * {\n  color: rgb(0,0,0);\n}\n<\/style>\n\t<\/div>\n\t\n\t<div id=\"text-4129807321\" class=\"text\">\n\t\t\n\n<h3><strong data-sourcepos=\"48:3-48:22\">Bew\u00e4hrte Qualit\u00e4t<\/strong>:\u00a0<\/h3>\n<p>Jedes Produkt wird streng auf Sicherheit, Leistung und Geschmacksgenauigkeit getestet.\u00a0<strong data-sourcepos=\"48:130-48:161\">ISO-zertifizierte Hersteller<\/strong>\u00a0verwenden\u00a0<strong data-sourcepos=\"48:168-48:195\">Materialien in medizinischer Qualit\u00e4t<\/strong>.<\/p>\n\t\t\n<style>\n#text-4129807321 {\n  font-size: 0.9rem;\n  line-height: 1.75;\n  color: rgb(0,0,0);\n}\n#text-4129807321 > * {\n  color: rgb(0,0,0);\n}\n<\/style>\n\t<\/div>\n\t\n\t<div id=\"text-1082925345\" class=\"text\">\n\t\t\n\n<h3><strong data-sourcepos=\"49:3-49:31\">Kundenorientierter Service<\/strong>:\u00a0<\/h3>\n<p>Unser engagiertes Support-Team steht Ihnen rund um die Uhr per E-Mail und WhatsApp zur Verf\u00fcgung, um Ihre Fragen zu beantworten, Probleme zu l\u00f6sen und ein unvergleichliches Erlebnis zu gew\u00e4hrleisten.<\/p>\n\t\t\n<style>\n#text-1082925345 {\n  font-size: 0.9rem;\n  line-height: 1.75;\n  color: rgb(0,0,0);\n}\n#text-1082925345 > * {\n  color: rgb(0,0,0);\n}\n<\/style>\n\t<\/div>\n\t\n\t<div id=\"text-2002029824\" class=\"text\">\n\t\t\n\n<h3><strong data-sourcepos=\"50:3-50:28\">Kontinuierliche Innovation<\/strong>:\u00a0<\/h3>\n<p>Wir sind den Branchentrends immer einen Schritt voraus, indem wir neue Geschmacksrichtungen, Designs und Technologien einf\u00fchren, um Ihre E-Zigaretten-Reise zu verbessern.<\/p>\n\t\t\n<style>\n#text-2002029824 {\n  font-size: 0.9rem;\n  line-height: 1.75;\n  color: rgb(0,0,0);\n}\n#text-2002029824 > * {\n  color: rgb(0,0,0);\n}\n<\/style>\n\t<\/div>\n\t\n<div class=\"is-divider divider clearfix\" style=\"margin-top:15px;margin-bottom:15px;max-width:1000px;background-color:rgb(209, 209, 209);\"><\/div>\n\n\t<div id=\"text-1467977727\" class=\"text\">\n\t\t\n\n<h2 data-sourcepos=\"54:1-54:31\">\ud83d\udce2\u00a0<strong data-sourcepos=\"54:7-54:29\">Treten Sie unserer Community bei<\/strong><\/h2>\n\t\t\n<style>\n#text-1467977727 {\n  color: rgb(0,0,0);\n}\n#text-1467977727 > * {\n  color: rgb(0,0,0);\n}\n<\/style>\n\t<\/div>\n\t\n\t<div id=\"text-3538288976\" class=\"text\">\n\t\t\n\n<h3 data-sourcepos=\"56:1-56:103\">Wir sind mehr als nur eine Marke \u2013 wir sind eine Gemeinschaft von Dampfern, Entwicklern und Partnern.<\/h3>\n\t\t\n<style>\n#text-3538288976 {\n  font-size: 0.9rem;\n  line-height: 1.75;\n}\n<\/style>\n\t<\/div>\n\t\n\t<div id=\"text-706076073\" class=\"text\">\n\t\t\n\n<p><strong data-sourcepos=\"57:3-57:27\">Exklusive Aktionen<\/strong>\u00a0und neue Produkteinf\u00fchrungen.<\/p>\n\t\t\n<style>\n#text-706076073 {\n  font-size: 0.9rem;\n  line-height: 1.75;\n  color: rgb(0,0,0);\n}\n#text-706076073 > * {\n  color: rgb(0,0,0);\n}\n<\/style>\n\t<\/div>\n\t\n\t<div id=\"text-571087746\" class=\"text\">\n\t\t\n\n<p><strong data-sourcepos=\"58:3-58:28\">Bildungsressourcen<\/strong>\u00a0um Ihr Dampferlebnis zu optimieren.<\/p>\n\t\t\n<style>\n#text-571087746 {\n  line-height: 1.75;\n  color: rgb(0,0,0);\n}\n#text-571087746 > * {\n  color: rgb(0,0,0);\n}\n<\/style>\n\t<\/div>\n\t\n\t<div id=\"text-159450148\" class=\"text\">\n\t\t\n\n<p><strong data-sourcepos=\"59:3-59:36\">Kundenfeedback-Initiativen<\/strong>\u00a0um die Zukunft von pgvape.com mitzugestalten.<\/p>\n\t\t\n<style>\n#text-159450148 {\n  font-size: 0.9rem;\n  line-height: 1.75;\n  color: rgb(0,0,0);\n}\n#text-159450148 > * {\n  color: rgb(0,0,0);\n}\n<\/style>\n\t<\/div>\n\t\n\t<div id=\"text-3497680924\" class=\"text\">\n\t\t\n\n<h4 data-sourcepos=\"61:1-61:90\">Abonnieren Sie unseren Newsletter oder folgen Sie uns in den sozialen Medien, um an der Diskussion teilzunehmen!<\/h4>\n\t\t\n<style>\n#text-3497680924 {\n  font-size: 0.9rem;\n  line-height: 1.75;\n  color: rgb(0,0,0);\n}\n#text-3497680924 > * {\n  color: rgb(0,0,0);\n}\n<\/style>\n\t<\/div>\n\t\n<div class=\"is-divider divider clearfix\" style=\"margin-top:15px;margin-bottom:15px;max-width:1000px;background-color:rgb(209, 209, 209);\"><\/div>\n\n\t<div id=\"text-3234177452\" class=\"text\">\n\t\t\n\n<h2 data-sourcepos=\"65:1-65:25\">\ud83e\udd1d\u00a0<strong data-sourcepos=\"65:7-65:23\">Nehmen Sie Kontakt auf<\/strong><\/h2>\n\t\t\n<style>\n#text-3234177452 {\n  color: rgb(0,0,0);\n}\n#text-3234177452 > * {\n  color: rgb(0,0,0);\n}\n<\/style>\n\t<\/div>\n\t\n\t<div id=\"text-3432067799\" class=\"text\">\n\t\t\n\n<h3 data-sourcepos=\"67:1-67:114\">Wenn Sie Fragen haben oder mehr \u00fcber unsere Produkte und Dienstleistungen erfahren m\u00f6chten, k\u00f6nnen Sie uns gerne kontaktieren:<\/h3>\n\t\t\n<style>\n#text-3432067799 {\n  font-size: 0.9rem;\n  line-height: 1.75;\n  color: rgb(0,0,0);\n}\n#text-3432067799 > * {\n  color: rgb(0,0,0);\n}\n<\/style>\n\t<\/div>\n\t\n\t<div id=\"text-3110516562\" class=\"text\">\n\t\t\n\n<h3><strong data-sourcepos=\"68:3-68:12\">E-Mail<\/strong>:\u00a0<span style=\"background-color: #ffffff; color: #0000ff;\"><a style=\"background-color: #ffffff; color: #0000ff;\" href=\"\/de\/support@pgvape.com\/\" data-sentry-component=\"CustomLink\" data-sentry-source-file=\"index.tsx\">support@pgvape.com<\/a><\/span><\/h3>\n\t\t\n<style>\n#text-3110516562 {\n  font-size: 0.9rem;\n  line-height: 1.75;\n  color: rgb(0,0,0);\n}\n#text-3110516562 > * {\n  color: rgb(0,0,0);\n}\n<\/style>\n\t<\/div>\n\t\n\t<div id=\"text-1775596913\" class=\"text\">\n\t\t\n\n<h3><strong data-sourcepos=\"69:3-69:15\">WhatsApp<\/strong>:<span style=\"background-color: #ffffff; color: #00ff00;\"> <a style=\"background-color: #ffffff; color: #00ff00;\" href=\"https:\/\/wa.me\/+8618128481258\">+8618128481258<\/a><\/span><br \/>(Antwort innerhalb von 24 Stunden, 7 Tage die Woche)<\/h3>\n\t\t\n<style>\n#text-1775596913 {\n  font-size: 0.9rem;\n  line-height: 1.75;\n  color: rgb(0,0,0);\n}\n#text-1775596913 > * {\n  color: rgb(0,0,0);\n}\n<\/style>\n\t<\/div>\n\t\n\t<div id=\"text-367796905\" class=\"text\">\n\t\t\n\n<h4><strong data-sourcepos=\"73:1-73:38\">Vielen Dank, dass Sie sich f\u00fcr pgvape.com entschieden haben<\/strong>\u2013 wo jeder Zug ein Schritt zu einem besseren Dampferlebnis ist.<\/h4>\n\t\t\n<style>\n#text-367796905 {\n  font-size: 0.9rem;\n  line-height: 1.75;\n  color: rgb(0, 0, 0);\n}\n#text-367796905 > * {\n  color: rgb(0, 0, 0);\n}\n<\/style>\n\t<\/div>\n\t\n<div class=\"is-divider divider clearfix\" style=\"margin-top:15px;margin-bottom:15px;max-width:1000px;background-color:rgb(209, 209, 209);\"><\/div>","protected":false},"excerpt":{"rendered":"","protected":false},"author":2,"featured_media":0,"parent":0,"menu_order":0,"comment_status":"closed","ping_status":"closed","template":"","meta":{"_seopress_robots_primary_cat":"","_seopress_titles_title":"","_seopress_titles_desc":"","_seopress_robots_index":"","footnotes":""},"class_list":["post-105","page","type-page","status-publish","hentry"],"_links":{"self":[{"href":"https:\/\/pgvape.com\/de\/wp-json\/wp\/v2\/pages\/105","targetHints":{"allow":["GET"]}}],"collection":[{"href":"https:\/\/pgvape.com\/de\/wp-json\/wp\/v2\/pages"}],"about":[{"href":"https:\/\/pgvape.com\/de\/wp-json\/wp\/v2\/types\/page"}],"author":[{"embeddable":true,"href":"https:\/\/pgvape.com\/de\/wp-json\/wp\/v2\/users\/2"}],"replies":[{"embeddable":true,"href":"https:\/\/pgvape.com\/de\/wp-json\/wp\/v2\/comments?post=105"}],"version-history":[{"count":0,"href":"https:\/\/pgvape.com\/de\/wp-json\/wp\/v2\/pages\/105\/revisions"}],"wp:attachment":[{"href":"https:\/\/pgvape.com\/de\/wp-json\/wp\/v2\/media?parent=105"}],"curies":[{"name":"wp","href":"https:\/\/api.w.org\/{rel}","templated":true}]}}